{"id":166,"date":"2026-04-18T09:07:24","date_gmt":"2026-04-18T09:07:24","guid":{"rendered":"https:\/\/jordanmania.de\/?page_id=166"},"modified":"2026-04-25T16:11:10","modified_gmt":"2026-04-25T16:11:10","slug":"imprint","status":"publish","type":"page","link":"https:\/\/jordanmania.de\/en\/imprint\/","title":{"rendered":"Impressum"},"content":{"rendered":"<p>Angaben gem\u00e4\u00df \u00a7 5 TMG<br><strong>Jordan Mania<br><\/strong>56 Rue Nollet<br>75017, Paris<br>Frankreich<br>E-Mail:\u00a0<a href=\"mailto:info@jordanmania.de\">info@jordanmania.de<\/a><\/p>\n\n\n\n<p><strong>Kontaktzeiten:<\/strong><br>Montag \u2013 Samstag: 8:00 \u2013 19:30 Uhr<\/p>\n\n\n\n<p>Verantwortlich f\u00fcr den Inhalt<\/p>\n\n\n\n<p>Jordan Mania<br>56 Rue Nollet<br>75017 Paris<br>Frankreich<\/p>\n\n\n\n<p>Online-Streitbeilegung<\/p>\n\n\n\n<p>Die Europ\u00e4ische Kommission stellt eine Plattform zur Online-Streitbeilegung bereit:<br><a href=\"https:\/\/ec.europa.eu\/consumers\/odr\">https:\/\/ec.europa.eu\/consumers\/odr<\/a><\/p>\n\n\n\n<p>Wir sind nicht verpflichtet und nicht bereit, an Streitbeilegungsverfahren vor einer Verbraucherschlichtungsstelle teilzunehmen.<\/p>\n\n\n\n<p>Haftung f\u00fcr Inhalte<\/p>\n\n\n\n<p>Als Diensteanbieter sind wir gem\u00e4\u00df den allgemeinen Gesetzen f\u00fcr eigene Inhalte auf diesen Seiten verantwortlich. Wir sind jedoch nicht verpflichtet, \u00fcbermittelte oder gespeicherte fremde Informationen zu \u00fcberwachen oder nach Umst\u00e4nden zu forschen, die auf eine rechtswidrige T\u00e4tigkeit hinweisen.<\/p>\n\n\n\n<p>Haftung f\u00fcr Links<\/p>\n\n\n\n<p>Unser Angebot kann Links zu externen Websites Dritter enthalten, auf deren Inhalte wir keinen Einfluss haben. Deshalb k\u00f6nnen wir f\u00fcr diese fremden Inhalte keine Gew\u00e4hr \u00fcbernehmen. F\u00fcr die Inhalte der verlinkten Seiten ist stets der jeweilige Anbieter oder Betreiber der Seiten verantwortlich.<\/p>\n\n\n\n<p>Urheberrecht<\/p>\n\n\n\n<p>Die durch Jordan Mania erstellten Inhalte und Werke auf dieser Website unterliegen dem geltenden Urheberrecht. Die Vervielf\u00e4ltigung, Bearbeitung, Verbreitung und jede Art der Verwertung au\u00dferhalb der Grenzen des Urheberrechts bed\u00fcrfen der vorherigen schriftlichen Zustimmung des jeweiligen Rechteinhabers.<\/p>\n\n\n\n<p>Markenhinweis<\/p>\n\n\n\n<p>Jordan Mania ist kein offizieller Partner, Vertreter oder autorisierter H\u00e4ndler der auf dieser Website genannten Marken. Alle Marken, Produktnamen, Logos und Warenzeichen sind Eigentum der jeweiligen Rechteinhaber und werden ausschlie\u00dflich zur eindeutigen Beschreibung der angebotenen Produkte verwendet.<\/p>","protected":false},"excerpt":{"rendered":"<p>Angaben gem\u00e4\u00df \u00a7 5 TMGJordan Mania56 Rue Nollet75017, ParisFrankreichE-Mail:\u00a0info@jordanmania.de Kontaktzeiten:Montag \u2013 Samstag: 8:00 \u2013 19:30 Uhr Verantwortlich f\u00fcr den Inhalt Jordan Mania56 Rue Nollet75017 ParisFrankreich Online-Streitbeilegung Die Europ\u00e4ische Kommission stellt eine Plattform zur Online-Streitbeilegung bereit:https:\/\/ec.europa.eu\/consumers\/odr Wir sind nicht verpflichtet und nicht bereit, an Streitbeilegungsverfahren vor einer Verbraucherschlichtungsstelle teilzunehmen. Haftung f\u00fcr Inhalte Als Diensteanbieter sind wir [&hellip;]<\/p>\n","protected":false},"author":1,"featured_media":0,"parent":0,"menu_order":0,"comment_status":"closed","ping_status":"closed","template":"page-templates\/page-policy.php","meta":{"footnotes":""},"class_list":["post-166","page","type-page","status-publish","hentry"],"_links":{"self":[{"href":"https:\/\/jordanmania.de\/en\/wp-json\/wp\/v2\/pages\/166","targetHints":{"allow":["GET"]}}],"collection":[{"href":"https:\/\/jordanmania.de\/en\/wp-json\/wp\/v2\/pages"}],"about":[{"href":"https:\/\/jordanmania.de\/en\/wp-json\/wp\/v2\/types\/page"}],"author":[{"embeddable":true,"href":"https:\/\/jordanmania.de\/en\/wp-json\/wp\/v2\/users\/1"}],"replies":[{"embeddable":true,"href":"https:\/\/jordanmania.de\/en\/wp-json\/wp\/v2\/comments?post=166"}],"version-history":[{"count":4,"href":"https:\/\/jordanmania.de\/en\/wp-json\/wp\/v2\/pages\/166\/revisions"}],"predecessor-version":[{"id":19796,"href":"https:\/\/jordanmania.de\/en\/wp-json\/wp\/v2\/pages\/166\/revisions\/19796"}],"wp:attachment":[{"href":"https:\/\/jordanmania.de\/en\/wp-json\/wp\/v2\/media?parent=166"}],"curies":[{"name":"wp","href":"https:\/\/api.w.org\/{rel}","templated":true}]}}