{"id":16687,"date":"2026-04-19T09:28:38","date_gmt":"2026-04-19T09:28:38","guid":{"rendered":"https:\/\/jordanmania.de\/?post_type=product&#038;p=16687"},"modified":"2026-04-22T09:53:45","modified_gmt":"2026-04-22T09:53:45","slug":"adidas-adizero-evo-sl-herren-schwarz","status":"publish","type":"product","link":"https:\/\/jordanmania.de\/en\/product\/adidas-adizero-evo-sl-herren-schwarz\/","title":{"rendered":"Adidas Adizero Evo SL Herren Schwarz"},"content":{"rendered":"<p data-start=\"80\" data-end=\"131\"><strong data-start=\"80\" data-end=\"97\">Farbvariante:<\/strong> Schwarz<br data-start=\"105\" data-end=\"108\" \/><strong data-start=\"108\" data-end=\"123\">Zielgruppe:<\/strong> Herren<\/p>\n<p data-start=\"133\" data-end=\"446\"><strong data-start=\"133\" data-end=\"157\">Produktbeschreibung:<\/strong><br data-start=\"157\" data-end=\"160\" \/>Der Adidas Adizero Evo SL f\u00fcr Herren in der Farbe Schwarz steht f\u00fcr ein modernes, leistungsorientiertes Design aus dem Adidas-Performance-Segment. Das leichte Obermaterial verleiht dem Sneaker eine sportliche, dynamische Optik und sorgt zugleich f\u00fcr ein angenehmes Tragegef\u00fchl im Alltag.<\/p>\n<p data-start=\"448\" data-end=\"757\">Die schlanke Silhouette und die reaktionsfreudige Sohle unterst\u00fctzen einen komfortablen, stabilen Auftritt auf verschiedenen Untergr\u00fcnden. Die schwarze Farbgebung wirkt zeitlos und vielseitig kombinierbar und macht den Adizero Evo SL zu einem idealen Begleiter f\u00fcr Freizeit, Alltag und sportlich-urbane Looks.<\/p>","protected":false},"excerpt":{"rendered":"<p>Farbvariante: SchwarzZielgruppe: Herren Produktbeschreibung:Der Adidas Adizero Evo SL f\u00fcr Herren in der Farbe Schwarz steht f\u00fcr ein modernes, leistungsorientiertes Design aus dem Adidas-Performance-Segment. Das leichte Obermaterial verleiht dem Sneaker eine sportliche, dynamische Optik und sorgt zugleich f\u00fcr ein angenehmes Tragegef\u00fchl im Alltag. Die schlanke Silhouette und die reaktionsfreudige Sohle unterst\u00fctzen einen komfortablen, stabilen Auftritt auf [&hellip;]<\/p>\n","protected":false},"featured_media":16704,"comment_status":"open","ping_status":"closed","template":"","meta":[],"product_brand":[16],"product_cat":[60,71],"product_tag":[96],"class_list":{"0":"post-16687","1":"product","2":"type-product","3":"status-publish","4":"has-post-thumbnail","6":"product_brand-adidas","7":"product_cat-adidas","8":"product_cat-sneakers","9":"product_tag-finished","11":"first","12":"instock","13":"sale","14":"shipping-taxable","15":"purchasable","16":"product-type-variable"},"_links":{"self":[{"href":"https:\/\/jordanmania.de\/en\/wp-json\/wp\/v2\/product\/16687","targetHints":{"allow":["GET"]}}],"collection":[{"href":"https:\/\/jordanmania.de\/en\/wp-json\/wp\/v2\/product"}],"about":[{"href":"https:\/\/jordanmania.de\/en\/wp-json\/wp\/v2\/types\/product"}],"replies":[{"embeddable":true,"href":"https:\/\/jordanmania.de\/en\/wp-json\/wp\/v2\/comments?post=16687"}],"wp:featuredmedia":[{"embeddable":true,"href":"https:\/\/jordanmania.de\/en\/wp-json\/wp\/v2\/media\/16704"}],"wp:attachment":[{"href":"https:\/\/jordanmania.de\/en\/wp-json\/wp\/v2\/media?parent=16687"}],"wp:term":[{"taxonomy":"product_brand","embeddable":true,"href":"https:\/\/jordanmania.de\/en\/wp-json\/wp\/v2\/product_brand?post=16687"},{"taxonomy":"product_cat","embeddable":true,"href":"https:\/\/jordanmania.de\/en\/wp-json\/wp\/v2\/product_cat?post=16687"},{"taxonomy":"product_tag","embeddable":true,"href":"https:\/\/jordanmania.de\/en\/wp-json\/wp\/v2\/product_tag?post=16687"}],"curies":[{"name":"wp","href":"https:\/\/api.w.org\/{rel}","templated":true}]}}