{"id":16724,"date":"2026-04-19T09:28:44","date_gmt":"2026-04-19T09:28:44","guid":{"rendered":"https:\/\/jordanmania.de\/?post_type=product&#038;p=16724"},"modified":"2026-04-22T09:53:47","modified_gmt":"2026-04-22T09:53:47","slug":"adidas-campus-00s-damen-grau-weis","status":"publish","type":"product","link":"https:\/\/jordanmania.de\/en\/product\/adidas-campus-00s-damen-grau-weis\/","title":{"rendered":"Adidas Campus 00s Damen Grau\/Wei\u00df"},"content":{"rendered":"<p data-start=\"73\" data-end=\"121\"><strong data-start=\"73\" data-end=\"90\">Farbvariante:<\/strong> Grau\/Wei\u00df<br data-start=\"95\" data-end=\"98\"><strong data-start=\"98\" data-end=\"113\">Zielgruppe:<\/strong> Damen<\/p>\n<p data-start=\"123\" data-end=\"451\"><strong data-start=\"123\" data-end=\"147\">Produktbeschreibung:<\/strong><br data-start=\"147\" data-end=\"150\">Der Adidas Campus 00s f\u00fcr Damen in der Farbe Grau\/Wei\u00df steht f\u00fcr den ikonischen Adidas-Originals-Stil mit einer markanten Silhouette im Look der 2000er-Jahre. Das hochwertige Obermaterial verleiht dem Sneaker eine zeitlose, hochwertige Optik und sorgt gleichzeitig f\u00fcr ein angenehmes Tragegef\u00fchl im Alltag.<\/p>\n<p data-start=\"453\" data-end=\"743\">Die robuste Gummiau\u00dfensohle bietet zuverl\u00e4ssigen Halt auf unterschiedlichen Untergr\u00fcnden und unterstreicht den charakteristischen Campus-00s-Look. Die graue Farbgebung l\u00e4sst sich vielseitig kombinieren und macht den Sneaker zu einem idealen Begleiter f\u00fcr Freizeit, Alltag und urbane Styles.<\/p>","protected":false},"excerpt":{"rendered":"<p>Farbvariante: Grau\/Wei\u00dfZielgruppe: Damen Produktbeschreibung:Der Adidas Campus 00s f\u00fcr Damen in der Farbe Grau\/Wei\u00df steht f\u00fcr den ikonischen Adidas-Originals-Stil mit einer markanten Silhouette im Look der 2000er-Jahre. Das hochwertige Obermaterial verleiht dem Sneaker eine zeitlose, hochwertige Optik und sorgt gleichzeitig f\u00fcr ein angenehmes Tragegef\u00fchl im Alltag. Die robuste Gummiau\u00dfensohle bietet zuverl\u00e4ssigen Halt auf unterschiedlichen Untergr\u00fcnden und [&hellip;]<\/p>\n","protected":false},"featured_media":16747,"comment_status":"open","ping_status":"closed","template":"","meta":[],"product_brand":[16],"product_cat":[60,71],"product_tag":[96],"class_list":{"0":"post-16724","1":"product","2":"type-product","3":"status-publish","4":"has-post-thumbnail","6":"product_brand-adidas","7":"product_cat-adidas","8":"product_cat-sneakers","9":"product_tag-finished","11":"first","12":"instock","13":"shipping-taxable","14":"purchasable","15":"product-type-variable"},"_links":{"self":[{"href":"https:\/\/jordanmania.de\/en\/wp-json\/wp\/v2\/product\/16724","targetHints":{"allow":["GET"]}}],"collection":[{"href":"https:\/\/jordanmania.de\/en\/wp-json\/wp\/v2\/product"}],"about":[{"href":"https:\/\/jordanmania.de\/en\/wp-json\/wp\/v2\/types\/product"}],"replies":[{"embeddable":true,"href":"https:\/\/jordanmania.de\/en\/wp-json\/wp\/v2\/comments?post=16724"}],"wp:featuredmedia":[{"embeddable":true,"href":"https:\/\/jordanmania.de\/en\/wp-json\/wp\/v2\/media\/16747"}],"wp:attachment":[{"href":"https:\/\/jordanmania.de\/en\/wp-json\/wp\/v2\/media?parent=16724"}],"wp:term":[{"taxonomy":"product_brand","embeddable":true,"href":"https:\/\/jordanmania.de\/en\/wp-json\/wp\/v2\/product_brand?post=16724"},{"taxonomy":"product_cat","embeddable":true,"href":"https:\/\/jordanmania.de\/en\/wp-json\/wp\/v2\/product_cat?post=16724"},{"taxonomy":"product_tag","embeddable":true,"href":"https:\/\/jordanmania.de\/en\/wp-json\/wp\/v2\/product_tag?post=16724"}],"curies":[{"name":"wp","href":"https:\/\/api.w.org\/{rel}","templated":true}]}}