{"id":16767,"date":"2026-04-19T09:28:49","date_gmt":"2026-04-19T09:28:49","guid":{"rendered":"https:\/\/jordanmania.de\/?post_type=product&#038;p=16767"},"modified":"2026-04-22T09:53:47","modified_gmt":"2026-04-22T09:53:47","slug":"adidas-campus-00s-damen-grun","status":"publish","type":"product","link":"https:\/\/jordanmania.de\/en\/product\/adidas-campus-00s-damen-grun\/","title":{"rendered":"Adidas Campus 00s Damen Gr\u00fcn"},"content":{"rendered":"<p data-start=\"73\" data-end=\"121\"><strong data-start=\"73\" data-end=\"90\">Farbvariante:<\/strong> Gr\u00fcn<br data-start=\"95\" data-end=\"98\"><strong data-start=\"98\" data-end=\"113\">Zielgruppe:<\/strong> Damen<\/p>\n<p data-start=\"123\" data-end=\"446\"><strong data-start=\"123\" data-end=\"147\">Produktbeschreibung:<\/strong><br data-start=\"147\" data-end=\"150\">Der Adidas Campus 00s f\u00fcr Damen in der Farbe Gr\u00fcn verbindet den ikonischen Adidas-Originals-Stil mit einer markanten Silhouette im Look der 2000er-Jahre. Das hochwertige Obermaterial verleiht dem Sneaker eine frische, zugleich hochwertige Optik und sorgt f\u00fcr ein angenehmes Tragegef\u00fchl im Alltag.<\/p>\n<p data-start=\"448\" data-end=\"777\">Die robuste Gummiau\u00dfensohle bietet zuverl\u00e4ssigen Halt auf unterschiedlichen Untergr\u00fcnden und unterstreicht den charakteristischen Campus-00s-Look. Die gr\u00fcne Farbgebung setzt einen modernen Akzent und l\u00e4sst sich vielseitig kombinieren, wodurch der Sneaker zu einem stilvollen Begleiter f\u00fcr Freizeit, Alltag und urbane Styles wird.<\/p>","protected":false},"excerpt":{"rendered":"<p>Farbvariante: Gr\u00fcnZielgruppe: Damen Produktbeschreibung:Der Adidas Campus 00s f\u00fcr Damen in der Farbe Gr\u00fcn verbindet den ikonischen Adidas-Originals-Stil mit einer markanten Silhouette im Look der 2000er-Jahre. Das hochwertige Obermaterial verleiht dem Sneaker eine frische, zugleich hochwertige Optik und sorgt f\u00fcr ein angenehmes Tragegef\u00fchl im Alltag. Die robuste Gummiau\u00dfensohle bietet zuverl\u00e4ssigen Halt auf unterschiedlichen Untergr\u00fcnden und unterstreicht [&hellip;]<\/p>\n","protected":false},"featured_media":16769,"comment_status":"open","ping_status":"closed","template":"","meta":[],"product_brand":[16],"product_cat":[60,71],"product_tag":[96],"class_list":{"0":"post-16767","1":"product","2":"type-product","3":"status-publish","4":"has-post-thumbnail","6":"product_brand-adidas","7":"product_cat-adidas","8":"product_cat-sneakers","9":"product_tag-finished","11":"first","12":"instock","13":"sale","14":"shipping-taxable","15":"purchasable","16":"product-type-variable"},"_links":{"self":[{"href":"https:\/\/jordanmania.de\/en\/wp-json\/wp\/v2\/product\/16767","targetHints":{"allow":["GET"]}}],"collection":[{"href":"https:\/\/jordanmania.de\/en\/wp-json\/wp\/v2\/product"}],"about":[{"href":"https:\/\/jordanmania.de\/en\/wp-json\/wp\/v2\/types\/product"}],"replies":[{"embeddable":true,"href":"https:\/\/jordanmania.de\/en\/wp-json\/wp\/v2\/comments?post=16767"}],"wp:featuredmedia":[{"embeddable":true,"href":"https:\/\/jordanmania.de\/en\/wp-json\/wp\/v2\/media\/16769"}],"wp:attachment":[{"href":"https:\/\/jordanmania.de\/en\/wp-json\/wp\/v2\/media?parent=16767"}],"wp:term":[{"taxonomy":"product_brand","embeddable":true,"href":"https:\/\/jordanmania.de\/en\/wp-json\/wp\/v2\/product_brand?post=16767"},{"taxonomy":"product_cat","embeddable":true,"href":"https:\/\/jordanmania.de\/en\/wp-json\/wp\/v2\/product_cat?post=16767"},{"taxonomy":"product_tag","embeddable":true,"href":"https:\/\/jordanmania.de\/en\/wp-json\/wp\/v2\/product_tag?post=16767"}],"curies":[{"name":"wp","href":"https:\/\/api.w.org\/{rel}","templated":true}]}}