{"id":16808,"date":"2026-04-19T09:28:53","date_gmt":"2026-04-19T09:28:53","guid":{"rendered":"https:\/\/jordanmania.de\/?post_type=product&#038;p=16808"},"modified":"2026-04-22T09:53:48","modified_gmt":"2026-04-22T09:53:48","slug":"adidas-campus-00s-kinder-beige-schwarz","status":"publish","type":"product","link":"https:\/\/jordanmania.de\/en\/product\/adidas-campus-00s-kinder-beige-schwarz\/","title":{"rendered":"adidas Campus 00s Kinder Beige\/Schwarz"},"content":{"rendered":"<div class=\"flex flex-col text-sm pb-25\">\n<article class=\"text-token-text-primary w-full focus:outline-none [--shadow-height:45px] has-data-writing-block:pointer-events-none has-data-writing-block:-mt-(--shadow-height) has-data-writing-block:pt-(--shadow-height) [&#038;:has([data-writing-block])>*]:pointer-events-auto scroll-mt-[calc(var(&#8211;header-height)+min(200px,max(70px,20svh)))]&#8220; dir=&#8220;auto&#8220; data-turn-id=&#8220;3429dc16-9788-4008-b89a-f51c743bd918&#8243; data-testid=&#8220;conversation-turn-120&#8243; data-scroll-anchor=&#8220;true&#8220; data-turn=&#8220;assistant&#8220; tabindex=&#8220;-1&#8243;><\/p>\n<div class=\"text-base my-auto mx-auto pb-10 [--thread-content-margin:--spacing(4)] @w-sm\/main:[--thread-content-margin:--spacing(6)] @w-lg\/main:[--thread-content-margin:--spacing(16)] px-(--thread-content-margin)\">\n<div class=\"[--thread-content-max-width:40rem] @w-lg\/main:[--thread-content-max-width:48rem] mx-auto max-w-(--thread-content-max-width) flex-1 group\/turn-messages focus-visible:outline-hidden relative flex w-full min-w-0 flex-col agent-turn\" tabindex=\"-1\">\n<div class=\"flex max-w-full flex-col grow\">\n<div data-message-author-role=\"assistant\" data-message-id=\"bf86f70e-6407-4525-8a43-4a9d601d1773\" dir=\"auto\" class=\"min-h-8 text-message relative flex w-full flex-col items-end gap-2 text-start break-words whitespace-normal [.text-message+&#038;]:mt-1\" data-message-model-slug=\"gpt-5-1-thinking\">\n<div class=\"flex w-full flex-col gap-1 empty:hidden first:pt-[1px]\">\n<div class=\"markdown prose dark:prose-invert w-full break-words dark markdown-new-styling\">\n<p data-start=\"49\" data-end=\"105\"><strong>Stil: <\/strong>Campus 00s Kinder-Sneaker<br data-start=\"80\" data-end=\"83\"><strong>Farbe: <\/strong>Beige\/Schwarz<\/p>\n<p data-start=\"107\" data-end=\"543\"><strong>Produktbeschreibung<\/strong>:<br data-start=\"127\" data-end=\"130\">Der adidas Campus 00s Kinder-Sneaker in Beige\/Schwarz bringt den klassischen Campus-Look im modernen Y2K-Style an die F\u00fc\u00dfe von Kids und Teens. Das weiche Wildleder-Obermaterial in hellem Beigeton wird durch schwarze 3-Streifen, Schn\u00fcrsenkel und seitliches \u201eCampus\u201c-Branding kontrastiert. Die vertraute Campus-Form und die etwas volumin\u00f6sere 00s-Silhouette sorgen f\u00fcr einen trendigen Skater- und Streetwear-Look.<\/p>\n<p data-start=\"545\" data-end=\"929\" data-is-last-node=\"\" data-is-only-node=\"\">Die weich gepolsterte Innensohle, die wei\u00dfe Mittelsohle und die robuste Gummiau\u00dfensohle im Naturton bieten hohen Tragekomfort und zuverl\u00e4ssigen Grip \u2013 ideal f\u00fcr Schule, Freizeit und Alltag. Dank der neutralen, aber markanten Farbgebung l\u00e4sst sich der Kinder-Sneaker vielseitig mit Jeans, Cargos oder Jogpants kombinieren und wird so schnell zum Lieblingsschuh der n\u00e4chsten Generation.<\/p>\n<\/div>\n<\/div>\n<\/div>\n<\/div>\n<div class=\"z-0 flex min-h-[46px] justify-start\"><\/div>\n<div class=\"mt-3 w-full empty:hidden\">\n<div class=\"text-center\"><\/div>\n<\/div>\n<\/div>\n<\/div>\n<\/article>\n<\/div>\n","protected":false},"excerpt":{"rendered":"","protected":false},"featured_media":16811,"comment_status":"open","ping_status":"closed","template":"","meta":[],"product_brand":[16],"product_cat":[60,71],"product_tag":[],"class_list":{"0":"post-16808","1":"product","2":"type-product","3":"status-publish","4":"has-post-thumbnail","6":"product_brand-adidas","7":"product_cat-adidas","8":"product_cat-sneakers","10":"first","11":"instock","12":"sale","13":"shipping-taxable","14":"purchasable","15":"product-type-variable"},"_links":{"self":[{"href":"https:\/\/jordanmania.de\/en\/wp-json\/wp\/v2\/product\/16808","targetHints":{"allow":["GET"]}}],"collection":[{"href":"https:\/\/jordanmania.de\/en\/wp-json\/wp\/v2\/product"}],"about":[{"href":"https:\/\/jordanmania.de\/en\/wp-json\/wp\/v2\/types\/product"}],"replies":[{"embeddable":true,"href":"https:\/\/jordanmania.de\/en\/wp-json\/wp\/v2\/comments?post=16808"}],"wp:featuredmedia":[{"embeddable":true,"href":"https:\/\/jordanmania.de\/en\/wp-json\/wp\/v2\/media\/16811"}],"wp:attachment":[{"href":"https:\/\/jordanmania.de\/en\/wp-json\/wp\/v2\/media?parent=16808"}],"wp:term":[{"taxonomy":"product_brand","embeddable":true,"href":"https:\/\/jordanmania.de\/en\/wp-json\/wp\/v2\/product_brand?post=16808"},{"taxonomy":"product_cat","embeddable":true,"href":"https:\/\/jordanmania.de\/en\/wp-json\/wp\/v2\/product_cat?post=16808"},{"taxonomy":"product_tag","embeddable":true,"href":"https:\/\/jordanmania.de\/en\/wp-json\/wp\/v2\/product_tag?post=16808"}],"curies":[{"name":"wp","href":"https:\/\/api.w.org\/{rel}","templated":true}]}}