{"id":16810,"date":"2026-04-19T09:28:53","date_gmt":"2026-04-19T09:28:53","guid":{"rendered":"https:\/\/jordanmania.de\/?post_type=product&#038;p=16810"},"modified":"2026-04-22T09:53:50","modified_gmt":"2026-04-22T09:53:50","slug":"adidas-campus-00s-kinder-grau-weis","status":"publish","type":"product","link":"https:\/\/jordanmania.de\/en\/product\/adidas-campus-00s-kinder-grau-weis\/","title":{"rendered":"adidas Campus 00s Kinder Grau\/Wei\u00df"},"content":{"rendered":"<p data-start=\"45\" data-end=\"97\"><strong>Stil:<\/strong> Campus 00s Kinder-Sneaker<br data-start=\"76\" data-end=\"79\"><strong>Farbe: <\/strong>Grau\/Wei\u00df<\/p>\n<p data-start=\"99\" data-end=\"532\"><strong>Produktbeschreibung:<\/strong><br data-start=\"119\" data-end=\"122\">Der adidas Campus 00s Kinder-Sneaker in Grau\/Wei\u00df bringt den legend\u00e4ren Campus-Look in eine moderne, kinderfreundliche Version. Das weiche Wildleder-Obermaterial in mittlerem Grauton wird durch kontrastierende wei\u00dfe 3-Streifen, Schn\u00fcrsenkel und Fersendetails erg\u00e4nzt. Die etwas volumin\u00f6sere 00s-Silhouette sorgt f\u00fcr einen angesagten Skater- und Streetwear-Look, der perfekt zu Kinder- und Teen-Outfits passt.<\/p>\n<p data-start=\"534\" data-end=\"874\" data-is-last-node=\"\" data-is-only-node=\"\">Die gepolsterte Innensohle und die robuste Gummiau\u00dfensohle im Naturton bieten hohen Tragekomfort und zuverl\u00e4ssigen Grip im Schulalltag, in der Freizeit oder auf dem Spielplatz. Dank der neutralen Farbgebung l\u00e4sst sich der Kinder-Sneaker vielseitig mit Jeans, Cargos oder Jogpants kombinieren und wird so zum idealen Begleiter f\u00fcr jeden Tag.<\/p>","protected":false},"excerpt":{"rendered":"<p>Stil: Campus 00s Kinder-SneakerFarbe: Grau\/Wei\u00df Produktbeschreibung:Der adidas Campus 00s Kinder-Sneaker in Grau\/Wei\u00df bringt den legend\u00e4ren Campus-Look in eine moderne, kinderfreundliche Version. Das weiche Wildleder-Obermaterial in mittlerem Grauton wird durch kontrastierende wei\u00dfe 3-Streifen, Schn\u00fcrsenkel und Fersendetails erg\u00e4nzt. Die etwas volumin\u00f6sere 00s-Silhouette sorgt f\u00fcr einen angesagten Skater- und Streetwear-Look, der perfekt zu Kinder- und Teen-Outfits passt. Die [&hellip;]<\/p>\n","protected":false},"featured_media":16848,"comment_status":"open","ping_status":"closed","template":"","meta":[],"product_brand":[16],"product_cat":[60,71],"product_tag":[],"class_list":{"0":"post-16810","1":"product","2":"type-product","3":"status-publish","4":"has-post-thumbnail","6":"product_brand-adidas","7":"product_cat-adidas","8":"product_cat-sneakers","10":"first","11":"instock","12":"shipping-taxable","13":"purchasable","14":"product-type-variable"},"_links":{"self":[{"href":"https:\/\/jordanmania.de\/en\/wp-json\/wp\/v2\/product\/16810","targetHints":{"allow":["GET"]}}],"collection":[{"href":"https:\/\/jordanmania.de\/en\/wp-json\/wp\/v2\/product"}],"about":[{"href":"https:\/\/jordanmania.de\/en\/wp-json\/wp\/v2\/types\/product"}],"replies":[{"embeddable":true,"href":"https:\/\/jordanmania.de\/en\/wp-json\/wp\/v2\/comments?post=16810"}],"wp:featuredmedia":[{"embeddable":true,"href":"https:\/\/jordanmania.de\/en\/wp-json\/wp\/v2\/media\/16848"}],"wp:attachment":[{"href":"https:\/\/jordanmania.de\/en\/wp-json\/wp\/v2\/media?parent=16810"}],"wp:term":[{"taxonomy":"product_brand","embeddable":true,"href":"https:\/\/jordanmania.de\/en\/wp-json\/wp\/v2\/product_brand?post=16810"},{"taxonomy":"product_cat","embeddable":true,"href":"https:\/\/jordanmania.de\/en\/wp-json\/wp\/v2\/product_cat?post=16810"},{"taxonomy":"product_tag","embeddable":true,"href":"https:\/\/jordanmania.de\/en\/wp-json\/wp\/v2\/product_tag?post=16810"}],"curies":[{"name":"wp","href":"https:\/\/api.w.org\/{rel}","templated":true}]}}