{"id":16857,"date":"2026-04-19T09:28:59","date_gmt":"2026-04-19T09:28:59","guid":{"rendered":"https:\/\/jordanmania.de\/?post_type=product&#038;p=16857"},"modified":"2026-04-22T09:53:52","modified_gmt":"2026-04-22T09:53:52","slug":"adidas-campus-00s-kinder-grun-weis","status":"publish","type":"product","link":"https:\/\/jordanmania.de\/en\/product\/adidas-campus-00s-kinder-grun-weis\/","title":{"rendered":"adidas Campus 00s Kinder Gr\u00fcn\/Wei\u00df"},"content":{"rendered":"<p data-start=\"45\" data-end=\"97\"><strong>Stil:<\/strong> Campus 00s Kinder-Sneaker<br data-start=\"76\" data-end=\"79\"><strong>Farbe: <\/strong>Gr\u00fcn\/Wei\u00df<\/p>\n<p data-start=\"99\" data-end=\"533\"><strong>Produktbeschreibung:<\/strong><br data-start=\"119\" data-end=\"122\">Der adidas Campus 00s Kinder-Sneaker in Gr\u00fcn\/Wei\u00df bringt den legend\u00e4ren Campus-Look im modernen Y2K-Style an die F\u00fc\u00dfe von Kids und Teens. Das weiche Wildleder-Obermaterial in sattem Gr\u00fcn wird durch wei\u00dfe 3-Streifen, Schn\u00fcrsenkel und Fersendetails kontrastiert. Die etwas volumin\u00f6sere 00s-Silhouette sorgt f\u00fcr einen trendigen Skater- und Streetwear-Look, der perfekt zu l\u00e4ssigen Kinder- und Teen-Outfits passt.<\/p>\n<p data-start=\"535\" data-end=\"833\" data-is-last-node=\"\" data-is-only-node=\"\">Die gepolsterte Innensohle und die robuste Gummiau\u00dfensohle im Naturton bieten hohen Tragekomfort und zuverl\u00e4ssigen Grip \u2013 ob in der Schule, in der Freizeit oder auf dem Spielplatz. Dank der frischen, aber gut kombinierbaren Farbgebung ist dieser Kinder-Sneaker ein idealer Begleiter f\u00fcr den Alltag.<\/p>","protected":false},"excerpt":{"rendered":"<p>Stil: Campus 00s Kinder-SneakerFarbe: Gr\u00fcn\/Wei\u00df Produktbeschreibung:Der adidas Campus 00s Kinder-Sneaker in Gr\u00fcn\/Wei\u00df bringt den legend\u00e4ren Campus-Look im modernen Y2K-Style an die F\u00fc\u00dfe von Kids und Teens. Das weiche Wildleder-Obermaterial in sattem Gr\u00fcn wird durch wei\u00dfe 3-Streifen, Schn\u00fcrsenkel und Fersendetails kontrastiert. Die etwas volumin\u00f6sere 00s-Silhouette sorgt f\u00fcr einen trendigen Skater- und Streetwear-Look, der perfekt zu l\u00e4ssigen [&hellip;]<\/p>\n","protected":false},"featured_media":16867,"comment_status":"open","ping_status":"closed","template":"","meta":[],"product_brand":[16],"product_cat":[60,71],"product_tag":[],"class_list":{"0":"post-16857","1":"product","2":"type-product","3":"status-publish","4":"has-post-thumbnail","6":"product_brand-adidas","7":"product_cat-adidas","8":"product_cat-sneakers","10":"first","11":"instock","12":"sale","13":"shipping-taxable","14":"purchasable","15":"product-type-variable"},"_links":{"self":[{"href":"https:\/\/jordanmania.de\/en\/wp-json\/wp\/v2\/product\/16857","targetHints":{"allow":["GET"]}}],"collection":[{"href":"https:\/\/jordanmania.de\/en\/wp-json\/wp\/v2\/product"}],"about":[{"href":"https:\/\/jordanmania.de\/en\/wp-json\/wp\/v2\/types\/product"}],"replies":[{"embeddable":true,"href":"https:\/\/jordanmania.de\/en\/wp-json\/wp\/v2\/comments?post=16857"}],"wp:featuredmedia":[{"embeddable":true,"href":"https:\/\/jordanmania.de\/en\/wp-json\/wp\/v2\/media\/16867"}],"wp:attachment":[{"href":"https:\/\/jordanmania.de\/en\/wp-json\/wp\/v2\/media?parent=16857"}],"wp:term":[{"taxonomy":"product_brand","embeddable":true,"href":"https:\/\/jordanmania.de\/en\/wp-json\/wp\/v2\/product_brand?post=16857"},{"taxonomy":"product_cat","embeddable":true,"href":"https:\/\/jordanmania.de\/en\/wp-json\/wp\/v2\/product_cat?post=16857"},{"taxonomy":"product_tag","embeddable":true,"href":"https:\/\/jordanmania.de\/en\/wp-json\/wp\/v2\/product_tag?post=16857"}],"curies":[{"name":"wp","href":"https:\/\/api.w.org\/{rel}","templated":true}]}}