{"id":16899,"date":"2026-04-19T09:29:03","date_gmt":"2026-04-19T09:29:03","guid":{"rendered":"https:\/\/jordanmania.de\/?post_type=product&#038;p=16899"},"modified":"2026-04-22T09:53:52","modified_gmt":"2026-04-22T09:53:52","slug":"adidas-campus-00s-kinder-olivgrun-beige","status":"publish","type":"product","link":"https:\/\/jordanmania.de\/en\/product\/adidas-campus-00s-kinder-olivgrun-beige\/","title":{"rendered":"adidas Campus 00s Kinder Olivgr\u00fcn\/Beige"},"content":{"rendered":"<p data-start=\"50\" data-end=\"107\"><strong>Stil:<\/strong> Campus 00s Kinder-Sneaker<br data-start=\"81\" data-end=\"84\"><strong>Farbe:<\/strong> Olivgr\u00fcn\/Beige<\/p>\n<p data-start=\"109\" data-end=\"547\"><strong>Produktbeschreibung:<\/strong><br data-start=\"129\" data-end=\"132\">Der adidas Campus 00s Kinder-Sneaker in Olivgr\u00fcn\/Beige verbindet den legend\u00e4ren Campus-Look mit einem modernen Y2K-Style f\u00fcr Kids und Teens. Das hochwertige Leder- und Wildleder-Obermaterial in Olivgr\u00fcn wird durch helle, beige 3-Streifen und Fersendetails erg\u00e4nzt. Die etwas volumin\u00f6sere 00s-Silhouette sorgt f\u00fcr einen trendigen Skater- und Streetwear-Look, der perfekt zu l\u00e4ssigen Kinder- und Teen-Outfits passt.<\/p>\n<p data-start=\"549\" data-end=\"897\" data-is-last-node=\"\" data-is-only-node=\"\">Die weich gepolsterte Innensohle und die robuste Gummiau\u00dfensohle im Naturton bieten hohen Tragekomfort und zuverl\u00e4ssigen Grip \u2013 ob in der Schule, in der Freizeit oder auf dem Spielplatz. Dank der dezenten Naturt\u00f6ne l\u00e4sst sich der Kinder-Sneaker vielseitig mit Jeans, Cargos oder Jogpants kombinieren und wird so zum idealen Begleiter f\u00fcr jeden Tag.<\/p>","protected":false},"excerpt":{"rendered":"<p>Stil: Campus 00s Kinder-SneakerFarbe: Olivgr\u00fcn\/Beige Produktbeschreibung:Der adidas Campus 00s Kinder-Sneaker in Olivgr\u00fcn\/Beige verbindet den legend\u00e4ren Campus-Look mit einem modernen Y2K-Style f\u00fcr Kids und Teens. Das hochwertige Leder- und Wildleder-Obermaterial in Olivgr\u00fcn wird durch helle, beige 3-Streifen und Fersendetails erg\u00e4nzt. Die etwas volumin\u00f6sere 00s-Silhouette sorgt f\u00fcr einen trendigen Skater- und Streetwear-Look, der perfekt zu l\u00e4ssigen Kinder- [&hellip;]<\/p>\n","protected":false},"featured_media":16905,"comment_status":"open","ping_status":"closed","template":"","meta":[],"product_brand":[16],"product_cat":[60,71],"product_tag":[],"class_list":{"0":"post-16899","1":"product","2":"type-product","3":"status-publish","4":"has-post-thumbnail","6":"product_brand-adidas","7":"product_cat-adidas","8":"product_cat-sneakers","10":"first","11":"instock","12":"sale","13":"shipping-taxable","14":"purchasable","15":"product-type-variable"},"_links":{"self":[{"href":"https:\/\/jordanmania.de\/en\/wp-json\/wp\/v2\/product\/16899","targetHints":{"allow":["GET"]}}],"collection":[{"href":"https:\/\/jordanmania.de\/en\/wp-json\/wp\/v2\/product"}],"about":[{"href":"https:\/\/jordanmania.de\/en\/wp-json\/wp\/v2\/types\/product"}],"replies":[{"embeddable":true,"href":"https:\/\/jordanmania.de\/en\/wp-json\/wp\/v2\/comments?post=16899"}],"wp:featuredmedia":[{"embeddable":true,"href":"https:\/\/jordanmania.de\/en\/wp-json\/wp\/v2\/media\/16905"}],"wp:attachment":[{"href":"https:\/\/jordanmania.de\/en\/wp-json\/wp\/v2\/media?parent=16899"}],"wp:term":[{"taxonomy":"product_brand","embeddable":true,"href":"https:\/\/jordanmania.de\/en\/wp-json\/wp\/v2\/product_brand?post=16899"},{"taxonomy":"product_cat","embeddable":true,"href":"https:\/\/jordanmania.de\/en\/wp-json\/wp\/v2\/product_cat?post=16899"},{"taxonomy":"product_tag","embeddable":true,"href":"https:\/\/jordanmania.de\/en\/wp-json\/wp\/v2\/product_tag?post=16899"}],"curies":[{"name":"wp","href":"https:\/\/api.w.org\/{rel}","templated":true}]}}