{"id":16943,"date":"2026-04-19T09:29:08","date_gmt":"2026-04-19T09:29:08","guid":{"rendered":"https:\/\/jordanmania.de\/?post_type=product&#038;p=16943"},"modified":"2026-04-22T09:53:57","modified_gmt":"2026-04-22T09:53:57","slug":"adidas-campus-00s-kinder-schwarz","status":"publish","type":"product","link":"https:\/\/jordanmania.de\/en\/product\/adidas-campus-00s-kinder-schwarz\/","title":{"rendered":"adidas Campus 00s Kinder Schwarz"},"content":{"rendered":"<p data-start=\"43\" data-end=\"93\"><strong>Stil:<\/strong> Campus 00s Kinder-Sneaker<br data-start=\"74\" data-end=\"77\"><strong>Farbe:<\/strong> Schwarz<\/p>\n<p data-start=\"95\" data-end=\"518\"><strong>Produktbeschreibung:<\/strong><br data-start=\"115\" data-end=\"118\">Der adidas Campus 00s Kinder-Sneaker in Schwarz bringt den legend\u00e4ren Campus-Look in einer cleanen, komplett schwarzen Variante an die F\u00fc\u00dfe von Kids und Teens. Das Obermaterial aus weichem Wildleder wird durch Ton-in-Ton gehaltene 3-Streifen, Schn\u00fcrsenkel und Fersendetails erg\u00e4nzt. Die etwas volumin\u00f6sere 00s-Silhouette sorgt f\u00fcr einen modernen Skater- und Streetwear-Look im angesagten Y2K-Style.<\/p>\n<p data-start=\"520\" data-end=\"880\" data-is-last-node=\"\" data-is-only-node=\"\">Die weich gepolsterte Innensohle und die durchgehend schwarze Gummiau\u00dfensohle bieten hohen Tragekomfort und zuverl\u00e4ssigen Grip \u2013 ideal f\u00fcr Schule, Freizeit und Alltag. Dank der neutralen, komplett schwarzen Farbgebung l\u00e4sst sich der Sneaker vielseitig mit Jeans, Cargos oder Jogpants kombinieren und wird so zum praktischen Everyday-Schuh f\u00fcr Kinder und Teens.<\/p>","protected":false},"excerpt":{"rendered":"<p>Stil: Campus 00s Kinder-SneakerFarbe: Schwarz Produktbeschreibung:Der adidas Campus 00s Kinder-Sneaker in Schwarz bringt den legend\u00e4ren Campus-Look in einer cleanen, komplett schwarzen Variante an die F\u00fc\u00dfe von Kids und Teens. Das Obermaterial aus weichem Wildleder wird durch Ton-in-Ton gehaltene 3-Streifen, Schn\u00fcrsenkel und Fersendetails erg\u00e4nzt. Die etwas volumin\u00f6sere 00s-Silhouette sorgt f\u00fcr einen modernen Skater- und Streetwear-Look im [&hellip;]<\/p>\n","protected":false},"featured_media":16964,"comment_status":"open","ping_status":"closed","template":"","meta":[],"product_brand":[16],"product_cat":[60,71],"product_tag":[],"class_list":{"0":"post-16943","1":"product","2":"type-product","3":"status-publish","4":"has-post-thumbnail","6":"product_brand-adidas","7":"product_cat-adidas","8":"product_cat-sneakers","10":"first","11":"instock","12":"shipping-taxable","13":"purchasable","14":"product-type-variable"},"_links":{"self":[{"href":"https:\/\/jordanmania.de\/en\/wp-json\/wp\/v2\/product\/16943","targetHints":{"allow":["GET"]}}],"collection":[{"href":"https:\/\/jordanmania.de\/en\/wp-json\/wp\/v2\/product"}],"about":[{"href":"https:\/\/jordanmania.de\/en\/wp-json\/wp\/v2\/types\/product"}],"replies":[{"embeddable":true,"href":"https:\/\/jordanmania.de\/en\/wp-json\/wp\/v2\/comments?post=16943"}],"wp:featuredmedia":[{"embeddable":true,"href":"https:\/\/jordanmania.de\/en\/wp-json\/wp\/v2\/media\/16964"}],"wp:attachment":[{"href":"https:\/\/jordanmania.de\/en\/wp-json\/wp\/v2\/media?parent=16943"}],"wp:term":[{"taxonomy":"product_brand","embeddable":true,"href":"https:\/\/jordanmania.de\/en\/wp-json\/wp\/v2\/product_brand?post=16943"},{"taxonomy":"product_cat","embeddable":true,"href":"https:\/\/jordanmania.de\/en\/wp-json\/wp\/v2\/product_cat?post=16943"},{"taxonomy":"product_tag","embeddable":true,"href":"https:\/\/jordanmania.de\/en\/wp-json\/wp\/v2\/product_tag?post=16943"}],"curies":[{"name":"wp","href":"https:\/\/api.w.org\/{rel}","templated":true}]}}