{"id":16944,"date":"2026-04-19T09:29:08","date_gmt":"2026-04-19T09:29:08","guid":{"rendered":"https:\/\/jordanmania.de\/?post_type=product&#038;p=16944"},"modified":"2026-04-22T09:53:57","modified_gmt":"2026-04-22T09:53:57","slug":"adidas-campus-00s-kinder-schwarz-leopard","status":"publish","type":"product","link":"https:\/\/jordanmania.de\/en\/product\/adidas-campus-00s-kinder-schwarz-leopard\/","title":{"rendered":"adidas Campus 00s Kinder Schwarz\/Leopard"},"content":{"rendered":"<p data-end=\"109\" data-start=\"51\"><strong>Stil:<\/strong> Campus 00s Kinder-Sneaker<br data-end=\"85\" data-start=\"82\"><strong>Farbe: <\/strong>Schwarz\/Leopard<\/p>\n<p data-end=\"567\" data-start=\"111\"><strong>Produktbeschreibung:<\/strong><br data-end=\"134\" data-start=\"131\">Der adidas Campus 00s Kinder-Sneaker in Schwarz\/Leopard bringt den klassischen Campus-Look mit einem auff\u00e4lligen Update an die F\u00fc\u00dfe von Kids und Teens. Das Obermaterial aus weichem Wildleder und Glattleder in tiefem Schwarz wird durch 3-Streifen mit Leopard-Print und seitliches \u201eCampus\u201c-Branding zum echten Hingucker. Die etwas volumin\u00f6sere 00s-Silhouette sorgt f\u00fcr den typischen Skater- und Streetwear-Vibe im modernen Y2K-Style.<\/p>\n<p data-is-only-node=\"\" data-is-last-node=\"\" data-end=\"962\" data-start=\"569\">Die weich gepolsterte Innensohle und die durchgehend schwarze Gummiau\u00dfensohle bieten hohen Tragekomfort und zuverl\u00e4ssigen Grip \u2013 perfekt f\u00fcr Schule, Freizeit und Alltag. Dank der Kombination aus neutralem Schwarz und trendigem Animal-Print l\u00e4sst sich der Kinder-Sneaker vielseitig mit Jeans, Cargos oder Jogpants kombinieren und wird schnell zum Lieblingsschuh f\u00fcr modebewusste Kids und Teens.<\/p>","protected":false},"excerpt":{"rendered":"<p>Stil: Campus 00s Kinder-SneakerFarbe: Schwarz\/Leopard Produktbeschreibung:Der adidas Campus 00s Kinder-Sneaker in Schwarz\/Leopard bringt den klassischen Campus-Look mit einem auff\u00e4lligen Update an die F\u00fc\u00dfe von Kids und Teens. Das Obermaterial aus weichem Wildleder und Glattleder in tiefem Schwarz wird durch 3-Streifen mit Leopard-Print und seitliches \u201eCampus\u201c-Branding zum echten Hingucker. Die etwas volumin\u00f6sere 00s-Silhouette sorgt f\u00fcr den [&hellip;]<\/p>\n","protected":false},"featured_media":16982,"comment_status":"open","ping_status":"closed","template":"","meta":[],"product_brand":[16],"product_cat":[60,71],"product_tag":[],"class_list":{"0":"post-16944","1":"product","2":"type-product","3":"status-publish","4":"has-post-thumbnail","6":"product_brand-adidas","7":"product_cat-adidas","8":"product_cat-sneakers","10":"first","11":"instock","12":"sale","13":"shipping-taxable","14":"purchasable","15":"product-type-variable"},"_links":{"self":[{"href":"https:\/\/jordanmania.de\/en\/wp-json\/wp\/v2\/product\/16944","targetHints":{"allow":["GET"]}}],"collection":[{"href":"https:\/\/jordanmania.de\/en\/wp-json\/wp\/v2\/product"}],"about":[{"href":"https:\/\/jordanmania.de\/en\/wp-json\/wp\/v2\/types\/product"}],"replies":[{"embeddable":true,"href":"https:\/\/jordanmania.de\/en\/wp-json\/wp\/v2\/comments?post=16944"}],"wp:featuredmedia":[{"embeddable":true,"href":"https:\/\/jordanmania.de\/en\/wp-json\/wp\/v2\/media\/16982"}],"wp:attachment":[{"href":"https:\/\/jordanmania.de\/en\/wp-json\/wp\/v2\/media?parent=16944"}],"wp:term":[{"taxonomy":"product_brand","embeddable":true,"href":"https:\/\/jordanmania.de\/en\/wp-json\/wp\/v2\/product_brand?post=16944"},{"taxonomy":"product_cat","embeddable":true,"href":"https:\/\/jordanmania.de\/en\/wp-json\/wp\/v2\/product_cat?post=16944"},{"taxonomy":"product_tag","embeddable":true,"href":"https:\/\/jordanmania.de\/en\/wp-json\/wp\/v2\/product_tag?post=16944"}],"curies":[{"name":"wp","href":"https:\/\/api.w.org\/{rel}","templated":true}]}}