{"id":17067,"date":"2026-04-19T09:29:21","date_gmt":"2026-04-19T09:29:21","guid":{"rendered":"https:\/\/jordanmania.de\/?post_type=product&#038;p=17067"},"modified":"2026-04-22T09:54:01","modified_gmt":"2026-04-22T09:54:01","slug":"adidas-gazelle-indoor-damen-rosa","status":"publish","type":"product","link":"https:\/\/jordanmania.de\/en\/product\/adidas-gazelle-indoor-damen-rosa\/","title":{"rendered":"Adidas Gazelle Indoor Damen Rosa"},"content":{"rendered":"<p data-start=\"240\" data-end=\"288\"><strong data-start=\"240\" data-end=\"257\">Farbvariante:<\/strong> Rosa<br data-start=\"262\" data-end=\"265\"><strong data-start=\"265\" data-end=\"280\">Zielgruppe:<\/strong> Damen<\/p>\n<p data-start=\"290\" data-end=\"607\"><strong data-start=\"290\" data-end=\"314\">Produktbeschreibung:<\/strong><br data-start=\"314\" data-end=\"317\">Der Adidas Gazelle Indoor f\u00fcr Damen in der Farbe Rosa steht f\u00fcr den klassischen Adidas-Originals-Stil und ein zeitloses Retro-Design. Das hochwertige Veloursleder-Obermaterial verleiht dem Sneaker eine dezente, feminine Optik und sorgt gleichzeitig f\u00fcr ein angenehmes Tragegef\u00fchl im Alltag.<\/p>\n<p data-start=\"609\" data-end=\"938\">Die charakteristische Gummiau\u00dfensohle in transparenter Optik bietet zuverl\u00e4ssigen Halt und unterstreicht den authentischen Indoor-Charakter des Modells. Die rosafarbene Gestaltung setzt einen sanften modischen Akzent und macht den Gazelle Indoor zu einem vielseitig kombinierbaren Begleiter f\u00fcr Freizeit, Alltag und urbane Looks.<\/p>","protected":false},"excerpt":{"rendered":"<p>Farbvariante: RosaZielgruppe: Damen Produktbeschreibung:Der Adidas Gazelle Indoor f\u00fcr Damen in der Farbe Rosa steht f\u00fcr den klassischen Adidas-Originals-Stil und ein zeitloses Retro-Design. Das hochwertige Veloursleder-Obermaterial verleiht dem Sneaker eine dezente, feminine Optik und sorgt gleichzeitig f\u00fcr ein angenehmes Tragegef\u00fchl im Alltag. Die charakteristische Gummiau\u00dfensohle in transparenter Optik bietet zuverl\u00e4ssigen Halt und unterstreicht den authentischen Indoor-Charakter [&hellip;]<\/p>\n","protected":false},"featured_media":17072,"comment_status":"open","ping_status":"closed","template":"","meta":[],"product_brand":[16],"product_cat":[60,71],"product_tag":[96],"class_list":{"0":"post-17067","1":"product","2":"type-product","3":"status-publish","4":"has-post-thumbnail","6":"product_brand-adidas","7":"product_cat-adidas","8":"product_cat-sneakers","9":"product_tag-finished","11":"first","12":"instock","13":"sale","14":"shipping-taxable","15":"purchasable","16":"product-type-variable"},"_links":{"self":[{"href":"https:\/\/jordanmania.de\/en\/wp-json\/wp\/v2\/product\/17067","targetHints":{"allow":["GET"]}}],"collection":[{"href":"https:\/\/jordanmania.de\/en\/wp-json\/wp\/v2\/product"}],"about":[{"href":"https:\/\/jordanmania.de\/en\/wp-json\/wp\/v2\/types\/product"}],"replies":[{"embeddable":true,"href":"https:\/\/jordanmania.de\/en\/wp-json\/wp\/v2\/comments?post=17067"}],"wp:featuredmedia":[{"embeddable":true,"href":"https:\/\/jordanmania.de\/en\/wp-json\/wp\/v2\/media\/17072"}],"wp:attachment":[{"href":"https:\/\/jordanmania.de\/en\/wp-json\/wp\/v2\/media?parent=17067"}],"wp:term":[{"taxonomy":"product_brand","embeddable":true,"href":"https:\/\/jordanmania.de\/en\/wp-json\/wp\/v2\/product_brand?post=17067"},{"taxonomy":"product_cat","embeddable":true,"href":"https:\/\/jordanmania.de\/en\/wp-json\/wp\/v2\/product_cat?post=17067"},{"taxonomy":"product_tag","embeddable":true,"href":"https:\/\/jordanmania.de\/en\/wp-json\/wp\/v2\/product_tag?post=17067"}],"curies":[{"name":"wp","href":"https:\/\/api.w.org\/{rel}","templated":true}]}}