{"id":17068,"date":"2026-04-19T09:29:21","date_gmt":"2026-04-19T09:29:21","guid":{"rendered":"https:\/\/jordanmania.de\/?post_type=product&#038;p=17068"},"modified":"2026-04-22T09:54:03","modified_gmt":"2026-04-22T09:54:03","slug":"adidas-gazelle-indoor-damen-rot","status":"publish","type":"product","link":"https:\/\/jordanmania.de\/en\/product\/adidas-gazelle-indoor-damen-rot\/","title":{"rendered":"Adidas Gazelle Indoor Damen Rot"},"content":{"rendered":"<p data-start=\"230\" data-end=\"283\"><strong data-start=\"230\" data-end=\"247\">Farbvariante:<\/strong> Rot<br data-start=\"257\" data-end=\"260\"><strong data-start=\"260\" data-end=\"275\">Zielgruppe:<\/strong> Damen<\/p>\n<p data-start=\"285\" data-end=\"607\"><strong data-start=\"285\" data-end=\"309\">Produktbeschreibung:<\/strong><br data-start=\"309\" data-end=\"312\">Der Adidas Gazelle Indoor f\u00fcr Damen in der Farbe Dunkelrot steht f\u00fcr den klassischen Adidas-Originals-Stil und ein zeitloses Retro-Design. Das hochwertige Veloursleder-Obermaterial verleiht dem Sneaker eine elegante, hochwertige Optik und sorgt zugleich f\u00fcr ein angenehmes Tragegef\u00fchl im Alltag.<\/p>\n<p data-start=\"609\" data-end=\"911\">Die typische Gummiau\u00dfensohle in transparenter Optik bietet zuverl\u00e4ssigen Halt und unterstreicht den authentischen Indoor-Charakter des Modells. Die dunkle rote Farbgebung l\u00e4sst sich vielseitig kombinieren und macht den Gazelle Indoor zu einem stilvollen Begleiter f\u00fcr Freizeit, Alltag und urbane Looks.<\/p>","protected":false},"excerpt":{"rendered":"<p>Farbvariante: RotZielgruppe: Damen Produktbeschreibung:Der Adidas Gazelle Indoor f\u00fcr Damen in der Farbe Dunkelrot steht f\u00fcr den klassischen Adidas-Originals-Stil und ein zeitloses Retro-Design. Das hochwertige Veloursleder-Obermaterial verleiht dem Sneaker eine elegante, hochwertige Optik und sorgt zugleich f\u00fcr ein angenehmes Tragegef\u00fchl im Alltag. Die typische Gummiau\u00dfensohle in transparenter Optik bietet zuverl\u00e4ssigen Halt und unterstreicht den authentischen Indoor-Charakter [&hellip;]<\/p>\n","protected":false},"featured_media":17093,"comment_status":"open","ping_status":"closed","template":"","meta":[],"product_brand":[16],"product_cat":[60,71],"product_tag":[96],"class_list":{"0":"post-17068","1":"product","2":"type-product","3":"status-publish","4":"has-post-thumbnail","6":"product_brand-adidas","7":"product_cat-adidas","8":"product_cat-sneakers","9":"product_tag-finished","11":"first","12":"instock","13":"sale","14":"shipping-taxable","15":"purchasable","16":"product-type-variable"},"_links":{"self":[{"href":"https:\/\/jordanmania.de\/en\/wp-json\/wp\/v2\/product\/17068","targetHints":{"allow":["GET"]}}],"collection":[{"href":"https:\/\/jordanmania.de\/en\/wp-json\/wp\/v2\/product"}],"about":[{"href":"https:\/\/jordanmania.de\/en\/wp-json\/wp\/v2\/types\/product"}],"replies":[{"embeddable":true,"href":"https:\/\/jordanmania.de\/en\/wp-json\/wp\/v2\/comments?post=17068"}],"wp:featuredmedia":[{"embeddable":true,"href":"https:\/\/jordanmania.de\/en\/wp-json\/wp\/v2\/media\/17093"}],"wp:attachment":[{"href":"https:\/\/jordanmania.de\/en\/wp-json\/wp\/v2\/media?parent=17068"}],"wp:term":[{"taxonomy":"product_brand","embeddable":true,"href":"https:\/\/jordanmania.de\/en\/wp-json\/wp\/v2\/product_brand?post=17068"},{"taxonomy":"product_cat","embeddable":true,"href":"https:\/\/jordanmania.de\/en\/wp-json\/wp\/v2\/product_cat?post=17068"},{"taxonomy":"product_tag","embeddable":true,"href":"https:\/\/jordanmania.de\/en\/wp-json\/wp\/v2\/product_tag?post=17068"}],"curies":[{"name":"wp","href":"https:\/\/api.w.org\/{rel}","templated":true}]}}