{"id":17111,"date":"2026-04-19T09:29:24","date_gmt":"2026-04-19T09:29:24","guid":{"rendered":"https:\/\/jordanmania.de\/?post_type=product&#038;p=17111"},"modified":"2026-04-22T09:54:03","modified_gmt":"2026-04-22T09:54:03","slug":"adidas-handball-spezial-herren-blau-2","status":"publish","type":"product","link":"https:\/\/jordanmania.de\/en\/product\/adidas-handball-spezial-herren-blau-2\/","title":{"rendered":"Adidas Handball Spezial Herren Blau"},"content":{"rendered":"<p data-start=\"38\" data-end=\"85\"><strong data-start=\"38\" data-end=\"55\">Farbvariante:<\/strong> Blau<br data-start=\"60\" data-end=\"63\"><strong data-start=\"63\" data-end=\"78\">Zielgruppe:<\/strong> Herren<\/p>\n<p data-start=\"87\" data-end=\"372\"><strong data-start=\"87\" data-end=\"111\">Produktbeschreibung:<\/strong><br data-start=\"111\" data-end=\"114\">Der adidas Handball Spezial in der Farbe Blau steht f\u00fcr den klassischen adidas-Originals-Stil und ein zeitloses Retro-Design. Das hochwertige Veloursleder-Obermaterial sorgt f\u00fcr eine hochwertige Optik und bietet zugleich ein angenehmes Tragegef\u00fchl im Alltag.<\/p>\n<p data-start=\"374\" data-end=\"658\" data-is-last-node=\"\" data-is-only-node=\"\">Die flache Gummiau\u00dfensohle gew\u00e4hrleistet zuverl\u00e4ssigen Halt auf unterschiedlichen Untergr\u00fcnden und unterstreicht den authentischen Charakter des Handball Spezial. Die blaue Farbgebung wirkt sportlich und l\u00e4sst sich vielseitig kombinieren \u2013 ideal f\u00fcr Freizeit, Alltag und urbane Looks.<\/p>","protected":false},"excerpt":{"rendered":"<p>Farbvariante: BlauZielgruppe: Herren Produktbeschreibung:Der adidas Handball Spezial in der Farbe Blau steht f\u00fcr den klassischen adidas-Originals-Stil und ein zeitloses Retro-Design. Das hochwertige Veloursleder-Obermaterial sorgt f\u00fcr eine hochwertige Optik und bietet zugleich ein angenehmes Tragegef\u00fchl im Alltag. Die flache Gummiau\u00dfensohle gew\u00e4hrleistet zuverl\u00e4ssigen Halt auf unterschiedlichen Untergr\u00fcnden und unterstreicht den authentischen Charakter des Handball Spezial. Die blaue [&hellip;]<\/p>\n","protected":false},"featured_media":17135,"comment_status":"open","ping_status":"closed","template":"","meta":[],"product_brand":[16],"product_cat":[60,71],"product_tag":[96],"class_list":{"0":"post-17111","1":"product","2":"type-product","3":"status-publish","4":"has-post-thumbnail","6":"product_brand-adidas","7":"product_cat-adidas","8":"product_cat-sneakers","9":"product_tag-finished","11":"first","12":"instock","13":"shipping-taxable","14":"purchasable","15":"product-type-variable"},"_links":{"self":[{"href":"https:\/\/jordanmania.de\/en\/wp-json\/wp\/v2\/product\/17111","targetHints":{"allow":["GET"]}}],"collection":[{"href":"https:\/\/jordanmania.de\/en\/wp-json\/wp\/v2\/product"}],"about":[{"href":"https:\/\/jordanmania.de\/en\/wp-json\/wp\/v2\/types\/product"}],"replies":[{"embeddable":true,"href":"https:\/\/jordanmania.de\/en\/wp-json\/wp\/v2\/comments?post=17111"}],"wp:featuredmedia":[{"embeddable":true,"href":"https:\/\/jordanmania.de\/en\/wp-json\/wp\/v2\/media\/17135"}],"wp:attachment":[{"href":"https:\/\/jordanmania.de\/en\/wp-json\/wp\/v2\/media?parent=17111"}],"wp:term":[{"taxonomy":"product_brand","embeddable":true,"href":"https:\/\/jordanmania.de\/en\/wp-json\/wp\/v2\/product_brand?post=17111"},{"taxonomy":"product_cat","embeddable":true,"href":"https:\/\/jordanmania.de\/en\/wp-json\/wp\/v2\/product_cat?post=17111"},{"taxonomy":"product_tag","embeddable":true,"href":"https:\/\/jordanmania.de\/en\/wp-json\/wp\/v2\/product_tag?post=17111"}],"curies":[{"name":"wp","href":"https:\/\/api.w.org\/{rel}","templated":true}]}}