{"id":17191,"date":"2026-04-19T09:29:33","date_gmt":"2026-04-19T09:29:33","guid":{"rendered":"https:\/\/jordanmania.de\/?post_type=product&#038;p=17191"},"modified":"2026-04-26T21:07:40","modified_gmt":"2026-04-26T21:07:40","slug":"adidas-handball-spezial-damen-blau","status":"publish","type":"product","link":"https:\/\/jordanmania.de\/en\/product\/adidas-handball-spezial-damen-blau\/","title":{"rendered":"Adidas Handball Spezial Damen Blau"},"content":{"rendered":"<p data-start=\"258\" data-end=\"302\"><strong data-start=\"258\" data-end=\"275\">Farbvariante:<\/strong> Blau<br data-start=\"280\" data-end=\"283\" \/><strong data-start=\"283\" data-end=\"294\">Gender:<\/strong> Damen<\/p>\n<p data-start=\"304\" data-end=\"599\"><strong data-start=\"304\" data-end=\"328\">Produktbeschreibung:<\/strong><br data-start=\"328\" data-end=\"331\" \/>Der adidas Handball Spezial f\u00fcr Damen in der Farbe Blau verbindet den ikonischen adidas Originals Stil mit einem klassischen Retro-Design. Das hochwertige Veloursleder-Obermaterial sorgt f\u00fcr eine edle Optik und bietet gleichzeitig ein angenehmes Tragegef\u00fchl im Alltag.<\/p>\n<p data-start=\"601\" data-end=\"901\">Die flache Gummiau\u00dfensohle gew\u00e4hrleistet zuverl\u00e4ssigen Halt auf verschiedenen Untergr\u00fcnden und macht den Handball Spezial zu einem vielseitigen Sneaker f\u00fcr Freizeit, Alltag und urbane Looks. Die kr\u00e4ftige blaue Farbgebung setzt dezente Akzente und unterstreicht den zeitlosen Charakter dieses Modells.<\/p>","protected":false},"excerpt":{"rendered":"<p>Farbvariante: BlauGender: Damen Produktbeschreibung:Der adidas Handball Spezial f\u00fcr Damen in der Farbe Blau verbindet den ikonischen adidas Originals Stil mit einem klassischen Retro-Design. Das hochwertige Veloursleder-Obermaterial sorgt f\u00fcr eine edle Optik und bietet gleichzeitig ein angenehmes Tragegef\u00fchl im Alltag. Die flache Gummiau\u00dfensohle gew\u00e4hrleistet zuverl\u00e4ssigen Halt auf verschiedenen Untergr\u00fcnden und macht den Handball Spezial zu einem [&hellip;]<\/p>\n","protected":false},"featured_media":17197,"comment_status":"open","ping_status":"closed","template":"","meta":[],"product_brand":[16],"product_cat":[60,71],"product_tag":[96],"class_list":{"0":"post-17191","1":"product","2":"type-product","3":"status-publish","4":"has-post-thumbnail","6":"product_brand-adidas","7":"product_cat-adidas","8":"product_cat-sneakers","9":"product_tag-finished","11":"first","12":"instock","13":"sale","14":"shipping-taxable","15":"purchasable","16":"product-type-variable"},"_links":{"self":[{"href":"https:\/\/jordanmania.de\/en\/wp-json\/wp\/v2\/product\/17191","targetHints":{"allow":["GET"]}}],"collection":[{"href":"https:\/\/jordanmania.de\/en\/wp-json\/wp\/v2\/product"}],"about":[{"href":"https:\/\/jordanmania.de\/en\/wp-json\/wp\/v2\/types\/product"}],"replies":[{"embeddable":true,"href":"https:\/\/jordanmania.de\/en\/wp-json\/wp\/v2\/comments?post=17191"}],"wp:featuredmedia":[{"embeddable":true,"href":"https:\/\/jordanmania.de\/en\/wp-json\/wp\/v2\/media\/17197"}],"wp:attachment":[{"href":"https:\/\/jordanmania.de\/en\/wp-json\/wp\/v2\/media?parent=17191"}],"wp:term":[{"taxonomy":"product_brand","embeddable":true,"href":"https:\/\/jordanmania.de\/en\/wp-json\/wp\/v2\/product_brand?post=17191"},{"taxonomy":"product_cat","embeddable":true,"href":"https:\/\/jordanmania.de\/en\/wp-json\/wp\/v2\/product_cat?post=17191"},{"taxonomy":"product_tag","embeddable":true,"href":"https:\/\/jordanmania.de\/en\/wp-json\/wp\/v2\/product_tag?post=17191"}],"curies":[{"name":"wp","href":"https:\/\/api.w.org\/{rel}","templated":true}]}}