{"id":17192,"date":"2026-04-19T09:29:33","date_gmt":"2026-04-19T09:29:33","guid":{"rendered":"https:\/\/jordanmania.de\/?post_type=product&#038;p=17192"},"modified":"2026-04-22T09:54:07","modified_gmt":"2026-04-22T09:54:07","slug":"adidas-handball-spezial-damen-blau-2","status":"publish","type":"product","link":"https:\/\/jordanmania.de\/en\/product\/adidas-handball-spezial-damen-blau-2\/","title":{"rendered":"Adidas Handball Spezial Damen Blau"},"content":{"rendered":"<p data-start=\"315\" data-end=\"359\"><strong data-start=\"315\" data-end=\"332\">Farbvariante:<\/strong> Blau<br data-start=\"337\" data-end=\"340\"><strong data-start=\"340\" data-end=\"351\">Gender:<\/strong> Damen<\/p>\n<p data-start=\"361\" data-end=\"649\"><strong data-start=\"361\" data-end=\"385\">Produktbeschreibung:<\/strong><br data-start=\"385\" data-end=\"388\">Der Adidas Handball Spezial f\u00fcr Damen in der Farbe Blau vereint den klassischen Adidas Originals Stil mit einem zeitlosen Retro-Design. Das hochwertige Veloursleder-Obermaterial sorgt f\u00fcr eine edle Optik und bietet zugleich ein angenehmes Tragegef\u00fchl im Alltag.<\/p>\n<p data-start=\"651\" data-end=\"947\">Die flache Gummiau\u00dfensohle gew\u00e4hrleistet zuverl\u00e4ssigen Halt auf unterschiedlichen Untergr\u00fcnden und macht den Handball Spezial zu einem vielseitigen Sneaker f\u00fcr Freizeit, Alltag und urbane Looks. Die blaue Farbgebung setzt dezente Akzente und unterstreicht den ikonischen Charakter dieses Modells.<\/p>","protected":false},"excerpt":{"rendered":"<p>Farbvariante: BlauGender: Damen Produktbeschreibung:Der Adidas Handball Spezial f\u00fcr Damen in der Farbe Blau vereint den klassischen Adidas Originals Stil mit einem zeitlosen Retro-Design. Das hochwertige Veloursleder-Obermaterial sorgt f\u00fcr eine edle Optik und bietet zugleich ein angenehmes Tragegef\u00fchl im Alltag. Die flache Gummiau\u00dfensohle gew\u00e4hrleistet zuverl\u00e4ssigen Halt auf unterschiedlichen Untergr\u00fcnden und macht den Handball Spezial zu einem [&hellip;]<\/p>\n","protected":false},"featured_media":17216,"comment_status":"open","ping_status":"closed","template":"","meta":[],"product_brand":[16],"product_cat":[60,71],"product_tag":[96],"class_list":{"0":"post-17192","1":"product","2":"type-product","3":"status-publish","4":"has-post-thumbnail","6":"product_brand-adidas","7":"product_cat-adidas","8":"product_cat-sneakers","9":"product_tag-finished","11":"first","12":"instock","13":"shipping-taxable","14":"purchasable","15":"product-type-variable"},"_links":{"self":[{"href":"https:\/\/jordanmania.de\/en\/wp-json\/wp\/v2\/product\/17192","targetHints":{"allow":["GET"]}}],"collection":[{"href":"https:\/\/jordanmania.de\/en\/wp-json\/wp\/v2\/product"}],"about":[{"href":"https:\/\/jordanmania.de\/en\/wp-json\/wp\/v2\/types\/product"}],"replies":[{"embeddable":true,"href":"https:\/\/jordanmania.de\/en\/wp-json\/wp\/v2\/comments?post=17192"}],"wp:featuredmedia":[{"embeddable":true,"href":"https:\/\/jordanmania.de\/en\/wp-json\/wp\/v2\/media\/17216"}],"wp:attachment":[{"href":"https:\/\/jordanmania.de\/en\/wp-json\/wp\/v2\/media?parent=17192"}],"wp:term":[{"taxonomy":"product_brand","embeddable":true,"href":"https:\/\/jordanmania.de\/en\/wp-json\/wp\/v2\/product_brand?post=17192"},{"taxonomy":"product_cat","embeddable":true,"href":"https:\/\/jordanmania.de\/en\/wp-json\/wp\/v2\/product_cat?post=17192"},{"taxonomy":"product_tag","embeddable":true,"href":"https:\/\/jordanmania.de\/en\/wp-json\/wp\/v2\/product_tag?post=17192"}],"curies":[{"name":"wp","href":"https:\/\/api.w.org\/{rel}","templated":true}]}}