{"id":17232,"date":"2026-04-19T09:29:37","date_gmt":"2026-04-19T09:29:37","guid":{"rendered":"https:\/\/jordanmania.de\/?post_type=product&#038;p=17232"},"modified":"2026-04-22T09:54:09","modified_gmt":"2026-04-22T09:54:09","slug":"adidas-handball-spezial-damen-rot","status":"publish","type":"product","link":"https:\/\/jordanmania.de\/en\/product\/adidas-handball-spezial-damen-rot\/","title":{"rendered":"Adidas Handball Spezial Damen Rot"},"content":{"rendered":"<p data-start=\"275\" data-end=\"318\"><strong data-start=\"275\" data-end=\"292\">Farbvariante:<\/strong> Rot<br data-start=\"296\" data-end=\"299\"><strong data-start=\"299\" data-end=\"310\">Gender:<\/strong> Damen<\/p>\n<p data-start=\"320\" data-end=\"627\"><strong data-start=\"320\" data-end=\"344\">Produktbeschreibung:<\/strong><br data-start=\"344\" data-end=\"347\">Der adidas Handball Spezial f\u00fcr Damen in der Farbe Rot vereint den klassischen adidas Originals Stil mit einem markanten Retro-Design. Das hochwertige Veloursleder-Obermaterial sorgt f\u00fcr eine edle Optik und bietet gleichzeitig ein angenehmes Tragegef\u00fchl f\u00fcr den t\u00e4glichen Einsatz.<\/p>\n<p data-start=\"629\" data-end=\"936\">Die flache Gummiau\u00dfensohle gew\u00e4hrleistet zuverl\u00e4ssigen Halt auf verschiedenen Untergr\u00fcnden und macht den Handball Spezial zu einem vielseitigen Sneaker f\u00fcr Freizeit, Alltag und urbane Looks. Die kr\u00e4ftige rote Farbgebung setzt einen stilvollen Akzent und unterstreicht den zeitlosen Charakter dieses Modells.<\/p>","protected":false},"excerpt":{"rendered":"<p>Farbvariante: RotGender: Damen Produktbeschreibung:Der adidas Handball Spezial f\u00fcr Damen in der Farbe Rot vereint den klassischen adidas Originals Stil mit einem markanten Retro-Design. Das hochwertige Veloursleder-Obermaterial sorgt f\u00fcr eine edle Optik und bietet gleichzeitig ein angenehmes Tragegef\u00fchl f\u00fcr den t\u00e4glichen Einsatz. Die flache Gummiau\u00dfensohle gew\u00e4hrleistet zuverl\u00e4ssigen Halt auf verschiedenen Untergr\u00fcnden und macht den Handball Spezial [&hellip;]<\/p>\n","protected":false},"featured_media":17256,"comment_status":"open","ping_status":"closed","template":"","meta":[],"product_brand":[16],"product_cat":[60,71],"product_tag":[96,98],"class_list":{"0":"post-17232","1":"product","2":"type-product","3":"status-publish","4":"has-post-thumbnail","6":"product_brand-adidas","7":"product_cat-adidas","8":"product_cat-sneakers","9":"product_tag-finished","10":"product_tag-frauen","12":"first","13":"instock","14":"shipping-taxable","15":"purchasable","16":"product-type-variable"},"_links":{"self":[{"href":"https:\/\/jordanmania.de\/en\/wp-json\/wp\/v2\/product\/17232","targetHints":{"allow":["GET"]}}],"collection":[{"href":"https:\/\/jordanmania.de\/en\/wp-json\/wp\/v2\/product"}],"about":[{"href":"https:\/\/jordanmania.de\/en\/wp-json\/wp\/v2\/types\/product"}],"replies":[{"embeddable":true,"href":"https:\/\/jordanmania.de\/en\/wp-json\/wp\/v2\/comments?post=17232"}],"wp:featuredmedia":[{"embeddable":true,"href":"https:\/\/jordanmania.de\/en\/wp-json\/wp\/v2\/media\/17256"}],"wp:attachment":[{"href":"https:\/\/jordanmania.de\/en\/wp-json\/wp\/v2\/media?parent=17232"}],"wp:term":[{"taxonomy":"product_brand","embeddable":true,"href":"https:\/\/jordanmania.de\/en\/wp-json\/wp\/v2\/product_brand?post=17232"},{"taxonomy":"product_cat","embeddable":true,"href":"https:\/\/jordanmania.de\/en\/wp-json\/wp\/v2\/product_cat?post=17232"},{"taxonomy":"product_tag","embeddable":true,"href":"https:\/\/jordanmania.de\/en\/wp-json\/wp\/v2\/product_tag?post=17232"}],"curies":[{"name":"wp","href":"https:\/\/api.w.org\/{rel}","templated":true}]}}