{"id":17271,"date":"2026-04-19T09:29:43","date_gmt":"2026-04-19T09:29:43","guid":{"rendered":"https:\/\/jordanmania.de\/?post_type=product&#038;p=17271"},"modified":"2026-04-22T09:54:11","modified_gmt":"2026-04-22T09:54:11","slug":"adidas-handball-spezial-herren-grau","status":"publish","type":"product","link":"https:\/\/jordanmania.de\/en\/product\/adidas-handball-spezial-herren-grau\/","title":{"rendered":"adidas Handball Spezial Herren Grau"},"content":{"rendered":"<p data-start=\"0\" data-end=\"79\"><strong>Farbvariante:<\/strong> Grau<br data-start=\"56\" data-end=\"59\" data-is-only-node=\"\"><strong>Zielgruppe:<\/strong> Herren<\/p>\n<p data-start=\"81\" data-end=\"408\"><strong>Produktbeschreibung:<\/strong><br data-start=\"101\" data-end=\"104\">Der adidas Handball Spezial Herren-Sneaker in der Farbe Grau steht f\u00fcr den klassischen adidas-Originals-Stil und ein zeitloses Retro-Design. Das hochwertige Veloursleder-Obermaterial verleiht dem Herrensneaker eine dezente, hochwertige Optik und sorgt zugleich f\u00fcr ein angenehmes Tragegef\u00fchl im Alltag.<\/p>\n<p data-start=\"410\" data-end=\"754\" data-is-last-node=\"\" data-is-only-node=\"\">Die flache Gummiau\u00dfensohle bietet zuverl\u00e4ssigen Halt auf unterschiedlichen Untergr\u00fcnden und unterstreicht den authentischen Charakter des Handball Spezial. Die graue Farbgebung l\u00e4sst sich vielseitig mit Herren-Jeans, Chinos oder Freizeit-Looks kombinieren und macht den Sneaker zu einem idealen Begleiter f\u00fcr Freizeit, Alltag und urbane Styles.<\/p>","protected":false},"excerpt":{"rendered":"<p>Farbvariante: GrauZielgruppe: Herren Produktbeschreibung:Der adidas Handball Spezial Herren-Sneaker in der Farbe Grau steht f\u00fcr den klassischen adidas-Originals-Stil und ein zeitloses Retro-Design. Das hochwertige Veloursleder-Obermaterial verleiht dem Herrensneaker eine dezente, hochwertige Optik und sorgt zugleich f\u00fcr ein angenehmes Tragegef\u00fchl im Alltag. Die flache Gummiau\u00dfensohle bietet zuverl\u00e4ssigen Halt auf unterschiedlichen Untergr\u00fcnden und unterstreicht den authentischen Charakter des [&hellip;]<\/p>\n","protected":false},"featured_media":17277,"comment_status":"open","ping_status":"closed","template":"","meta":[],"product_brand":[16],"product_cat":[60,71],"product_tag":[96],"class_list":{"0":"post-17271","1":"product","2":"type-product","3":"status-publish","4":"has-post-thumbnail","6":"product_brand-adidas","7":"product_cat-adidas","8":"product_cat-sneakers","9":"product_tag-finished","11":"first","12":"instock","13":"shipping-taxable","14":"purchasable","15":"product-type-variable"},"_links":{"self":[{"href":"https:\/\/jordanmania.de\/en\/wp-json\/wp\/v2\/product\/17271","targetHints":{"allow":["GET"]}}],"collection":[{"href":"https:\/\/jordanmania.de\/en\/wp-json\/wp\/v2\/product"}],"about":[{"href":"https:\/\/jordanmania.de\/en\/wp-json\/wp\/v2\/types\/product"}],"replies":[{"embeddable":true,"href":"https:\/\/jordanmania.de\/en\/wp-json\/wp\/v2\/comments?post=17271"}],"wp:featuredmedia":[{"embeddable":true,"href":"https:\/\/jordanmania.de\/en\/wp-json\/wp\/v2\/media\/17277"}],"wp:attachment":[{"href":"https:\/\/jordanmania.de\/en\/wp-json\/wp\/v2\/media?parent=17271"}],"wp:term":[{"taxonomy":"product_brand","embeddable":true,"href":"https:\/\/jordanmania.de\/en\/wp-json\/wp\/v2\/product_brand?post=17271"},{"taxonomy":"product_cat","embeddable":true,"href":"https:\/\/jordanmania.de\/en\/wp-json\/wp\/v2\/product_cat?post=17271"},{"taxonomy":"product_tag","embeddable":true,"href":"https:\/\/jordanmania.de\/en\/wp-json\/wp\/v2\/product_tag?post=17271"}],"curies":[{"name":"wp","href":"https:\/\/api.w.org\/{rel}","templated":true}]}}