{"id":17272,"date":"2026-04-19T09:29:43","date_gmt":"2026-04-19T09:29:43","guid":{"rendered":"https:\/\/jordanmania.de\/?post_type=product&#038;p=17272"},"modified":"2026-04-22T09:54:11","modified_gmt":"2026-04-22T09:54:11","slug":"adidas-handball-spezial-herren-beige","status":"publish","type":"product","link":"https:\/\/jordanmania.de\/en\/product\/adidas-handball-spezial-herren-beige\/","title":{"rendered":"adidas Handball Spezial Herren Beige"},"content":{"rendered":"<p data-start=\"41\" data-end=\"89\"><strong data-start=\"41\" data-end=\"58\">Farbvariante:<\/strong> Beige<br data-start=\"64\" data-end=\"67\"><strong data-start=\"67\" data-end=\"82\">Zielgruppe:<\/strong> Herren<\/p>\n<p data-start=\"91\" data-end=\"437\"><strong data-start=\"91\" data-end=\"115\">Produktbeschreibung:<\/strong><br data-start=\"115\" data-end=\"118\">Der adidas Handball Spezial in der Farbvariante Beige kombiniert ein hochwertiges Wildleder-Obermaterial in warmem Beigeton mit dezenten Details und dem charakteristischen \u201eSPEZIAL\u201c-Branding. Die karamellfarbene Gummisohle unterstreicht den typischen Indoor-Retro-Look, f\u00fcr den dieses Modell seit Jahren gesch\u00e4tzt wird.<\/p>\n<p data-start=\"439\" data-end=\"797\" data-is-last-node=\"\" data-is-only-node=\"\">Dank der schlanken Low-Top-Silhouette, der griffigen Au\u00dfensohle und der angenehm gepolsterten Innensohle bietet der Handball Spezial Herren hohen Tragekomfort im Alltag. Die nat\u00fcrliche Farbgebung l\u00e4sst sich vielseitig zu Jeans, Cargos oder Chinos kombinieren und macht den Sneaker zu einem idealen Begleiter f\u00fcr City, Freizeit und l\u00e4ssige Streetwear-Outfits.<\/p>","protected":false},"excerpt":{"rendered":"<p>Farbvariante: BeigeZielgruppe: Herren Produktbeschreibung:Der adidas Handball Spezial in der Farbvariante Beige kombiniert ein hochwertiges Wildleder-Obermaterial in warmem Beigeton mit dezenten Details und dem charakteristischen \u201eSPEZIAL\u201c-Branding. Die karamellfarbene Gummisohle unterstreicht den typischen Indoor-Retro-Look, f\u00fcr den dieses Modell seit Jahren gesch\u00e4tzt wird. Dank der schlanken Low-Top-Silhouette, der griffigen Au\u00dfensohle und der angenehm gepolsterten Innensohle bietet der Handball [&hellip;]<\/p>\n","protected":false},"featured_media":17296,"comment_status":"open","ping_status":"closed","template":"","meta":[],"product_brand":[16],"product_cat":[60,71],"product_tag":[96],"class_list":{"0":"post-17272","1":"product","2":"type-product","3":"status-publish","4":"has-post-thumbnail","6":"product_brand-adidas","7":"product_cat-adidas","8":"product_cat-sneakers","9":"product_tag-finished","11":"first","12":"instock","13":"shipping-taxable","14":"purchasable","15":"product-type-variable"},"_links":{"self":[{"href":"https:\/\/jordanmania.de\/en\/wp-json\/wp\/v2\/product\/17272","targetHints":{"allow":["GET"]}}],"collection":[{"href":"https:\/\/jordanmania.de\/en\/wp-json\/wp\/v2\/product"}],"about":[{"href":"https:\/\/jordanmania.de\/en\/wp-json\/wp\/v2\/types\/product"}],"replies":[{"embeddable":true,"href":"https:\/\/jordanmania.de\/en\/wp-json\/wp\/v2\/comments?post=17272"}],"wp:featuredmedia":[{"embeddable":true,"href":"https:\/\/jordanmania.de\/en\/wp-json\/wp\/v2\/media\/17296"}],"wp:attachment":[{"href":"https:\/\/jordanmania.de\/en\/wp-json\/wp\/v2\/media?parent=17272"}],"wp:term":[{"taxonomy":"product_brand","embeddable":true,"href":"https:\/\/jordanmania.de\/en\/wp-json\/wp\/v2\/product_brand?post=17272"},{"taxonomy":"product_cat","embeddable":true,"href":"https:\/\/jordanmania.de\/en\/wp-json\/wp\/v2\/product_cat?post=17272"},{"taxonomy":"product_tag","embeddable":true,"href":"https:\/\/jordanmania.de\/en\/wp-json\/wp\/v2\/product_tag?post=17272"}],"curies":[{"name":"wp","href":"https:\/\/api.w.org\/{rel}","templated":true}]}}