{"id":17314,"date":"2026-04-19T09:29:47","date_gmt":"2026-04-19T09:29:47","guid":{"rendered":"https:\/\/jordanmania.de\/?post_type=product&#038;p=17314"},"modified":"2026-04-22T09:54:13","modified_gmt":"2026-04-22T09:54:13","slug":"adidas-handball-spezial-herren-rot","status":"publish","type":"product","link":"https:\/\/jordanmania.de\/en\/product\/adidas-handball-spezial-herren-rot\/","title":{"rendered":"adidas Handball Spezial Herren Rot"},"content":{"rendered":"<p data-start=\"49\" data-end=\"95\"><strong data-start=\"49\" data-end=\"66\">Farbvariante:<\/strong> Rot<br data-start=\"70\" data-end=\"73\"><strong data-start=\"73\" data-end=\"88\">Zielgruppe:<\/strong> Herren<\/p>\n<p data-start=\"97\" data-end=\"456\"><strong data-start=\"97\" data-end=\"121\">Produktbeschreibung:<\/strong><br data-start=\"121\" data-end=\"124\">Der adidas Handball Spezial in der Farbvariante Rot kombiniert ein hochwertiges Wildleder-Obermaterial in tiefem Rotton mit kontrastierenden Details und dem charakteristischen \u201eSPEZIAL\u201c-Branding. Die karamellfarbene Gummisohle sorgt f\u00fcr den typischen Retro-Indoor-Look und setzt einen harmonischen Akzent zum kr\u00e4ftigen Obermaterial.<\/p>\n<p data-start=\"458\" data-end=\"785\" data-is-last-node=\"\" data-is-only-node=\"\">Die schlanke Low-Top-Silhouette, die griffige Au\u00dfensohle und die angenehm gepolsterte Innensohle bieten Herren hohen Tragekomfort im Alltag. Dank der markanten Farbgebung l\u00e4sst sich der Sneaker ideal mit Jeans, Cargos oder Chinos kombinieren und eignet sich perfekt f\u00fcr l\u00e4ssige City- und Freizeit-Outfits mit Vintage-Charakter.<\/p>","protected":false},"excerpt":{"rendered":"<p>Farbvariante: RotZielgruppe: Herren Produktbeschreibung:Der adidas Handball Spezial in der Farbvariante Rot kombiniert ein hochwertiges Wildleder-Obermaterial in tiefem Rotton mit kontrastierenden Details und dem charakteristischen \u201eSPEZIAL\u201c-Branding. Die karamellfarbene Gummisohle sorgt f\u00fcr den typischen Retro-Indoor-Look und setzt einen harmonischen Akzent zum kr\u00e4ftigen Obermaterial. Die schlanke Low-Top-Silhouette, die griffige Au\u00dfensohle und die angenehm gepolsterte Innensohle bieten Herren hohen [&hellip;]<\/p>\n","protected":false},"featured_media":17320,"comment_status":"open","ping_status":"closed","template":"","meta":[],"product_brand":[16],"product_cat":[60,71],"product_tag":[96],"class_list":{"0":"post-17314","1":"product","2":"type-product","3":"status-publish","4":"has-post-thumbnail","6":"product_brand-adidas","7":"product_cat-adidas","8":"product_cat-sneakers","9":"product_tag-finished","11":"first","12":"instock","13":"shipping-taxable","14":"purchasable","15":"product-type-variable"},"_links":{"self":[{"href":"https:\/\/jordanmania.de\/en\/wp-json\/wp\/v2\/product\/17314","targetHints":{"allow":["GET"]}}],"collection":[{"href":"https:\/\/jordanmania.de\/en\/wp-json\/wp\/v2\/product"}],"about":[{"href":"https:\/\/jordanmania.de\/en\/wp-json\/wp\/v2\/types\/product"}],"replies":[{"embeddable":true,"href":"https:\/\/jordanmania.de\/en\/wp-json\/wp\/v2\/comments?post=17314"}],"wp:featuredmedia":[{"embeddable":true,"href":"https:\/\/jordanmania.de\/en\/wp-json\/wp\/v2\/media\/17320"}],"wp:attachment":[{"href":"https:\/\/jordanmania.de\/en\/wp-json\/wp\/v2\/media?parent=17314"}],"wp:term":[{"taxonomy":"product_brand","embeddable":true,"href":"https:\/\/jordanmania.de\/en\/wp-json\/wp\/v2\/product_brand?post=17314"},{"taxonomy":"product_cat","embeddable":true,"href":"https:\/\/jordanmania.de\/en\/wp-json\/wp\/v2\/product_cat?post=17314"},{"taxonomy":"product_tag","embeddable":true,"href":"https:\/\/jordanmania.de\/en\/wp-json\/wp\/v2\/product_tag?post=17314"}],"curies":[{"name":"wp","href":"https:\/\/api.w.org\/{rel}","templated":true}]}}