{"id":17485,"date":"2026-04-19T09:30:05","date_gmt":"2026-04-19T09:30:05","guid":{"rendered":"https:\/\/jordanmania.de\/?post_type=product&#038;p=17485"},"modified":"2026-05-07T18:52:41","modified_gmt":"2026-05-07T18:52:41","slug":"adidas-samba-og-damen-multicolor","status":"publish","type":"product","link":"https:\/\/jordanmania.de\/en\/product\/adidas-samba-og-damen-multicolor\/","title":{"rendered":"Adidas Samba OG Damen Multicolor"},"content":{"rendered":"<p data-start=\"223\" data-end=\"277\"><strong data-start=\"223\" data-end=\"240\">Farbvariante:<\/strong> Multicolor<br data-start=\"251\" data-end=\"254\"><strong data-start=\"254\" data-end=\"269\">Zielgruppe:<\/strong> Damen<\/p>\n<p data-start=\"279\" data-end=\"578\"><strong data-start=\"279\" data-end=\"303\">Produktbeschreibung:<\/strong><br data-start=\"303\" data-end=\"306\">Der Adidas Samba OG f\u00fcr Damen in der Multicolor-Ausf\u00fchrung verbindet den ikonischen Adidas-Originals-Stil mit einem ausdrucksstarken, zeitlosen Design. Das hochwertige Obermaterial sorgt f\u00fcr eine markante Optik und bietet gleichzeitig ein angenehmes Tragegef\u00fchl im Alltag.<\/p>\n<p data-start=\"580\" data-end=\"884\">Die flache Gummiau\u00dfensohle gew\u00e4hrleistet zuverl\u00e4ssigen Halt auf verschiedenen Untergr\u00fcnden und unterstreicht den legend\u00e4ren Charakter des Samba OG. Die mehrfarbige Gestaltung setzt stilvolle Akzente und macht den Sneaker zu einem vielseitig kombinierbaren Begleiter f\u00fcr Freizeit, Alltag und urbane Looks.<\/p>","protected":false},"excerpt":{"rendered":"<p>Farbvariante: MulticolorZielgruppe: Damen Produktbeschreibung:Der Adidas Samba OG f\u00fcr Damen in der Multicolor-Ausf\u00fchrung verbindet den ikonischen Adidas-Originals-Stil mit einem ausdrucksstarken, zeitlosen Design. Das hochwertige Obermaterial sorgt f\u00fcr eine markante Optik und bietet gleichzeitig ein angenehmes Tragegef\u00fchl im Alltag. Die flache Gummiau\u00dfensohle gew\u00e4hrleistet zuverl\u00e4ssigen Halt auf verschiedenen Untergr\u00fcnden und unterstreicht den legend\u00e4ren Charakter des Samba OG. Die [&hellip;]<\/p>\n","protected":false},"featured_media":17492,"comment_status":"open","ping_status":"closed","template":"","meta":[],"product_brand":[16],"product_cat":[60,71],"product_tag":[96],"class_list":{"0":"post-17485","1":"product","2":"type-product","3":"status-publish","4":"has-post-thumbnail","6":"product_brand-adidas","7":"product_cat-adidas","8":"product_cat-sneakers","9":"product_tag-finished","11":"first","12":"instock","13":"sale","14":"shipping-taxable","15":"purchasable","16":"product-type-variable"},"_links":{"self":[{"href":"https:\/\/jordanmania.de\/en\/wp-json\/wp\/v2\/product\/17485","targetHints":{"allow":["GET"]}}],"collection":[{"href":"https:\/\/jordanmania.de\/en\/wp-json\/wp\/v2\/product"}],"about":[{"href":"https:\/\/jordanmania.de\/en\/wp-json\/wp\/v2\/types\/product"}],"replies":[{"embeddable":true,"href":"https:\/\/jordanmania.de\/en\/wp-json\/wp\/v2\/comments?post=17485"}],"wp:featuredmedia":[{"embeddable":true,"href":"https:\/\/jordanmania.de\/en\/wp-json\/wp\/v2\/media\/17492"}],"wp:attachment":[{"href":"https:\/\/jordanmania.de\/en\/wp-json\/wp\/v2\/media?parent=17485"}],"wp:term":[{"taxonomy":"product_brand","embeddable":true,"href":"https:\/\/jordanmania.de\/en\/wp-json\/wp\/v2\/product_brand?post=17485"},{"taxonomy":"product_cat","embeddable":true,"href":"https:\/\/jordanmania.de\/en\/wp-json\/wp\/v2\/product_cat?post=17485"},{"taxonomy":"product_tag","embeddable":true,"href":"https:\/\/jordanmania.de\/en\/wp-json\/wp\/v2\/product_tag?post=17485"}],"curies":[{"name":"wp","href":"https:\/\/api.w.org\/{rel}","templated":true}]}}