{"id":17525,"date":"2026-04-19T09:30:08","date_gmt":"2026-04-19T09:30:08","guid":{"rendered":"https:\/\/jordanmania.de\/?post_type=product&#038;p=17525"},"modified":"2026-04-22T09:54:19","modified_gmt":"2026-04-22T09:54:19","slug":"adidas-samba-og-damen-schwarz","status":"publish","type":"product","link":"https:\/\/jordanmania.de\/en\/product\/adidas-samba-og-damen-schwarz\/","title":{"rendered":"Adidas Samba OG Damen Schwarz"},"content":{"rendered":"<p data-start=\"220\" data-end=\"271\"><strong data-start=\"220\" data-end=\"237\">Farbvariante:<\/strong> Schwarz<br data-start=\"245\" data-end=\"248\"><strong data-start=\"248\" data-end=\"263\">Zielgruppe:<\/strong> Damen<\/p>\n<p data-start=\"273\" data-end=\"566\"><strong data-start=\"273\" data-end=\"297\">Produktbeschreibung:<\/strong><br data-start=\"297\" data-end=\"300\">Der Adidas Samba OG f\u00fcr Damen in der Farbe Schwarz steht f\u00fcr den ikonischen Adidas-Originals-Stil und ein zeitloses, sportliches Design. Das hochwertige Obermaterial sorgt f\u00fcr eine klassische, klare Optik und bietet gleichzeitig ein angenehmes Tragegef\u00fchl im Alltag.<\/p>\n<p data-start=\"568\" data-end=\"878\">Die flache Gummiau\u00dfensohle gew\u00e4hrleistet zuverl\u00e4ssigen Halt auf verschiedenen Untergr\u00fcnden und unterstreicht den legend\u00e4ren Charakter des Samba OG. Die schwarze Farbgebung wirkt besonders vielseitig und l\u00e4sst sich m\u00fchelos mit unterschiedlichen Outfits kombinieren \u2013 ideal f\u00fcr Freizeit, Alltag und urbane Looks.<\/p>","protected":false},"excerpt":{"rendered":"<p>Farbvariante: SchwarzZielgruppe: Damen Produktbeschreibung:Der Adidas Samba OG f\u00fcr Damen in der Farbe Schwarz steht f\u00fcr den ikonischen Adidas-Originals-Stil und ein zeitloses, sportliches Design. Das hochwertige Obermaterial sorgt f\u00fcr eine klassische, klare Optik und bietet gleichzeitig ein angenehmes Tragegef\u00fchl im Alltag. Die flache Gummiau\u00dfensohle gew\u00e4hrleistet zuverl\u00e4ssigen Halt auf verschiedenen Untergr\u00fcnden und unterstreicht den legend\u00e4ren Charakter des [&hellip;]<\/p>\n","protected":false},"featured_media":17532,"comment_status":"open","ping_status":"closed","template":"","meta":[],"product_brand":[16],"product_cat":[60,71],"product_tag":[96],"class_list":{"0":"post-17525","1":"product","2":"type-product","3":"status-publish","4":"has-post-thumbnail","6":"product_brand-adidas","7":"product_cat-adidas","8":"product_cat-sneakers","9":"product_tag-finished","11":"first","12":"instock","13":"sale","14":"shipping-taxable","15":"purchasable","16":"product-type-variable"},"_links":{"self":[{"href":"https:\/\/jordanmania.de\/en\/wp-json\/wp\/v2\/product\/17525","targetHints":{"allow":["GET"]}}],"collection":[{"href":"https:\/\/jordanmania.de\/en\/wp-json\/wp\/v2\/product"}],"about":[{"href":"https:\/\/jordanmania.de\/en\/wp-json\/wp\/v2\/types\/product"}],"replies":[{"embeddable":true,"href":"https:\/\/jordanmania.de\/en\/wp-json\/wp\/v2\/comments?post=17525"}],"wp:featuredmedia":[{"embeddable":true,"href":"https:\/\/jordanmania.de\/en\/wp-json\/wp\/v2\/media\/17532"}],"wp:attachment":[{"href":"https:\/\/jordanmania.de\/en\/wp-json\/wp\/v2\/media?parent=17525"}],"wp:term":[{"taxonomy":"product_brand","embeddable":true,"href":"https:\/\/jordanmania.de\/en\/wp-json\/wp\/v2\/product_brand?post=17525"},{"taxonomy":"product_cat","embeddable":true,"href":"https:\/\/jordanmania.de\/en\/wp-json\/wp\/v2\/product_cat?post=17525"},{"taxonomy":"product_tag","embeddable":true,"href":"https:\/\/jordanmania.de\/en\/wp-json\/wp\/v2\/product_tag?post=17525"}],"curies":[{"name":"wp","href":"https:\/\/api.w.org\/{rel}","templated":true}]}}