{"id":17526,"date":"2026-04-19T09:30:08","date_gmt":"2026-04-19T09:30:08","guid":{"rendered":"https:\/\/jordanmania.de\/?post_type=product&#038;p=17526"},"modified":"2026-04-22T09:54:22","modified_gmt":"2026-04-22T09:54:22","slug":"adidas-samba-og-herren-schwarz-weis","status":"publish","type":"product","link":"https:\/\/jordanmania.de\/en\/product\/adidas-samba-og-herren-schwarz-weis\/","title":{"rendered":"Adidas Samba OG Herren Schwarz\/Wei\u00df"},"content":{"rendered":"<p data-start=\"74\" data-end=\"125\"><strong data-start=\"74\" data-end=\"91\">Farbvariante:<\/strong> Schwarz\/Wei\u00df<br data-start=\"99\" data-end=\"102\"><strong data-start=\"102\" data-end=\"117\">Zielgruppe:<\/strong> Herren\u00a0<\/p>\n<p data-start=\"127\" data-end=\"420\"><strong data-start=\"127\" data-end=\"151\">Produktbeschreibung:<\/strong><br data-start=\"151\" data-end=\"154\">Der Adidas Samba OG f\u00fcr Herren\u00a0in der Farbe Schwarz\/Wei\u00df steht f\u00fcr den ikonischen Adidas-Originals-Stil und ein zeitloses, sportliches Design. Das hochwertige Obermaterial sorgt f\u00fcr eine klassische, klare Optik und bietet gleichzeitig ein angenehmes Tragegef\u00fchl im Alltag.<\/p>\n<p data-start=\"422\" data-end=\"726\">Die flache Gummiau\u00dfensohle gew\u00e4hrleistet zuverl\u00e4ssigen Halt auf unterschiedlichen Untergr\u00fcnden und unterstreicht den legend\u00e4ren Charakter des Samba OG. Die schwarze Farbgebung ist besonders vielseitig kombinierbar und macht den Sneaker zu einem stilvollen Begleiter f\u00fcr Freizeit, Alltag und urbane Looks.<\/p>","protected":false},"excerpt":{"rendered":"<p>Farbvariante: Schwarz\/Wei\u00dfZielgruppe: Herren\u00a0 Produktbeschreibung:Der Adidas Samba OG f\u00fcr Herren\u00a0in der Farbe Schwarz\/Wei\u00df steht f\u00fcr den ikonischen Adidas-Originals-Stil und ein zeitloses, sportliches Design. Das hochwertige Obermaterial sorgt f\u00fcr eine klassische, klare Optik und bietet gleichzeitig ein angenehmes Tragegef\u00fchl im Alltag. Die flache Gummiau\u00dfensohle gew\u00e4hrleistet zuverl\u00e4ssigen Halt auf unterschiedlichen Untergr\u00fcnden und unterstreicht den legend\u00e4ren Charakter des Samba [&hellip;]<\/p>\n","protected":false},"featured_media":17552,"comment_status":"open","ping_status":"closed","template":"","meta":[],"product_brand":[16],"product_cat":[60,71],"product_tag":[],"class_list":{"0":"post-17526","1":"product","2":"type-product","3":"status-publish","4":"has-post-thumbnail","6":"product_brand-adidas","7":"product_cat-adidas","8":"product_cat-sneakers","10":"first","11":"instock","12":"shipping-taxable","13":"purchasable","14":"product-type-variable"},"_links":{"self":[{"href":"https:\/\/jordanmania.de\/en\/wp-json\/wp\/v2\/product\/17526","targetHints":{"allow":["GET"]}}],"collection":[{"href":"https:\/\/jordanmania.de\/en\/wp-json\/wp\/v2\/product"}],"about":[{"href":"https:\/\/jordanmania.de\/en\/wp-json\/wp\/v2\/types\/product"}],"replies":[{"embeddable":true,"href":"https:\/\/jordanmania.de\/en\/wp-json\/wp\/v2\/comments?post=17526"}],"wp:featuredmedia":[{"embeddable":true,"href":"https:\/\/jordanmania.de\/en\/wp-json\/wp\/v2\/media\/17552"}],"wp:attachment":[{"href":"https:\/\/jordanmania.de\/en\/wp-json\/wp\/v2\/media?parent=17526"}],"wp:term":[{"taxonomy":"product_brand","embeddable":true,"href":"https:\/\/jordanmania.de\/en\/wp-json\/wp\/v2\/product_brand?post=17526"},{"taxonomy":"product_cat","embeddable":true,"href":"https:\/\/jordanmania.de\/en\/wp-json\/wp\/v2\/product_cat?post=17526"},{"taxonomy":"product_tag","embeddable":true,"href":"https:\/\/jordanmania.de\/en\/wp-json\/wp\/v2\/product_tag?post=17526"}],"curies":[{"name":"wp","href":"https:\/\/api.w.org\/{rel}","templated":true}]}}