{"id":17566,"date":"2026-04-19T09:30:13","date_gmt":"2026-04-19T09:30:13","guid":{"rendered":"https:\/\/jordanmania.de\/?post_type=product&#038;p=17566"},"modified":"2026-04-22T09:54:22","modified_gmt":"2026-04-22T09:54:22","slug":"adidas-samba-og-damen-silber","status":"publish","type":"product","link":"https:\/\/jordanmania.de\/en\/product\/adidas-samba-og-damen-silber\/","title":{"rendered":"Adidas Samba OG Damen Silber"},"content":{"rendered":"<p data-start=\"245\" data-end=\"295\"><strong data-start=\"245\" data-end=\"262\">Farbvariante:<\/strong> Silber<br data-start=\"269\" data-end=\"272\"><strong data-start=\"272\" data-end=\"287\">Zielgruppe:<\/strong> Damen<\/p>\n<p data-start=\"297\" data-end=\"602\"><strong data-start=\"297\" data-end=\"321\">Produktbeschreibung:<\/strong><br data-start=\"321\" data-end=\"324\">Der Adidas Samba OG f\u00fcr Damen in der Farbe Silber kombiniert den ikonischen Adidas-Originals-Stil mit einem zeitlosen, sportlichen Design. Das hochwertige Obermaterial verleiht dem Sneaker eine moderne, elegante Optik und sorgt zugleich f\u00fcr ein angenehmes Tragegef\u00fchl im Alltag.<\/p>\n<p data-start=\"604\" data-end=\"910\">Die flache Gummiau\u00dfensohle bietet zuverl\u00e4ssigen Halt auf verschiedenen Untergr\u00fcnden und unterstreicht den klassischen Charakter des Samba OG. Die silberfarbene Gestaltung setzt einen stilvollen Akzent und macht den Sneaker zu einem vielseitig kombinierbaren Begleiter f\u00fcr Freizeit, Alltag und urbane Looks.<\/p>","protected":false},"excerpt":{"rendered":"<p>Farbvariante: SilberZielgruppe: Damen Produktbeschreibung:Der Adidas Samba OG f\u00fcr Damen in der Farbe Silber kombiniert den ikonischen Adidas-Originals-Stil mit einem zeitlosen, sportlichen Design. Das hochwertige Obermaterial verleiht dem Sneaker eine moderne, elegante Optik und sorgt zugleich f\u00fcr ein angenehmes Tragegef\u00fchl im Alltag. Die flache Gummiau\u00dfensohle bietet zuverl\u00e4ssigen Halt auf verschiedenen Untergr\u00fcnden und unterstreicht den klassischen Charakter [&hellip;]<\/p>\n","protected":false},"featured_media":17574,"comment_status":"open","ping_status":"closed","template":"","meta":[],"product_brand":[16],"product_cat":[60,71],"product_tag":[96],"class_list":{"0":"post-17566","1":"product","2":"type-product","3":"status-publish","4":"has-post-thumbnail","6":"product_brand-adidas","7":"product_cat-adidas","8":"product_cat-sneakers","9":"product_tag-finished","11":"first","12":"instock","13":"shipping-taxable","14":"purchasable","15":"product-type-variable"},"_links":{"self":[{"href":"https:\/\/jordanmania.de\/en\/wp-json\/wp\/v2\/product\/17566","targetHints":{"allow":["GET"]}}],"collection":[{"href":"https:\/\/jordanmania.de\/en\/wp-json\/wp\/v2\/product"}],"about":[{"href":"https:\/\/jordanmania.de\/en\/wp-json\/wp\/v2\/types\/product"}],"replies":[{"embeddable":true,"href":"https:\/\/jordanmania.de\/en\/wp-json\/wp\/v2\/comments?post=17566"}],"wp:featuredmedia":[{"embeddable":true,"href":"https:\/\/jordanmania.de\/en\/wp-json\/wp\/v2\/media\/17574"}],"wp:attachment":[{"href":"https:\/\/jordanmania.de\/en\/wp-json\/wp\/v2\/media?parent=17566"}],"wp:term":[{"taxonomy":"product_brand","embeddable":true,"href":"https:\/\/jordanmania.de\/en\/wp-json\/wp\/v2\/product_brand?post=17566"},{"taxonomy":"product_cat","embeddable":true,"href":"https:\/\/jordanmania.de\/en\/wp-json\/wp\/v2\/product_cat?post=17566"},{"taxonomy":"product_tag","embeddable":true,"href":"https:\/\/jordanmania.de\/en\/wp-json\/wp\/v2\/product_tag?post=17566"}],"curies":[{"name":"wp","href":"https:\/\/api.w.org\/{rel}","templated":true}]}}