{"id":17567,"date":"2026-04-19T09:30:13","date_gmt":"2026-04-19T09:30:13","guid":{"rendered":"https:\/\/jordanmania.de\/?post_type=product&#038;p=17567"},"modified":"2026-05-05T23:39:13","modified_gmt":"2026-05-05T23:39:13","slug":"adidas-samba-og-damen-silber-2","status":"publish","type":"product","link":"https:\/\/jordanmania.de\/en\/product\/adidas-samba-og-damen-silber-2\/","title":{"rendered":"Adidas Samba OG Damen Silber"},"content":{"rendered":"<p data-start=\"73\" data-end=\"123\"><strong data-start=\"73\" data-end=\"90\">Farbvariante:<\/strong> Silber<br data-start=\"97\" data-end=\"100\"><strong data-start=\"100\" data-end=\"115\">Zielgruppe:<\/strong> Damen<\/p>\n<p data-start=\"125\" data-end=\"463\"><strong data-start=\"125\" data-end=\"149\">Produktbeschreibung:<\/strong><br data-start=\"149\" data-end=\"152\">Der Adidas Samba OG f\u00fcr Damen in der Farbe Silber interpretiert den ikonischen Adidas-Originals-Stil in einer modernen, besonders edlen Ausf\u00fchrung. Das hochwertige Obermaterial mit silbernem Finish verleiht dem Sneaker eine auff\u00e4llige, zugleich elegante Optik und sorgt f\u00fcr ein angenehmes Tragegef\u00fchl im Alltag.<\/p>\n<p data-start=\"465\" data-end=\"791\">Die flache Silhouette und die klassische Gummiau\u00dfensohle bieten zuverl\u00e4ssigen Halt auf unterschiedlichen Untergr\u00fcnden und unterstreichen den legend\u00e4ren Charakter des Samba OG. Die silberne Farbgebung setzt einen stilvollen Akzent und macht den Sneaker zu einem ausdrucksstarken Begleiter f\u00fcr Freizeit, Alltag und urbane Looks.<\/p>","protected":false},"excerpt":{"rendered":"<p>Farbvariante: SilberZielgruppe: Damen Produktbeschreibung:Der Adidas Samba OG f\u00fcr Damen in der Farbe Silber interpretiert den ikonischen Adidas-Originals-Stil in einer modernen, besonders edlen Ausf\u00fchrung. Das hochwertige Obermaterial mit silbernem Finish verleiht dem Sneaker eine auff\u00e4llige, zugleich elegante Optik und sorgt f\u00fcr ein angenehmes Tragegef\u00fchl im Alltag. Die flache Silhouette und die klassische Gummiau\u00dfensohle bieten zuverl\u00e4ssigen Halt [&hellip;]<\/p>\n","protected":false},"featured_media":17593,"comment_status":"open","ping_status":"closed","template":"","meta":[],"product_brand":[16],"product_cat":[60,71],"product_tag":[96],"class_list":{"0":"post-17567","1":"product","2":"type-product","3":"status-publish","4":"has-post-thumbnail","6":"product_brand-adidas","7":"product_cat-adidas","8":"product_cat-sneakers","9":"product_tag-finished","11":"first","12":"instock","13":"sale","14":"shipping-taxable","15":"purchasable","16":"product-type-variable"},"_links":{"self":[{"href":"https:\/\/jordanmania.de\/en\/wp-json\/wp\/v2\/product\/17567","targetHints":{"allow":["GET"]}}],"collection":[{"href":"https:\/\/jordanmania.de\/en\/wp-json\/wp\/v2\/product"}],"about":[{"href":"https:\/\/jordanmania.de\/en\/wp-json\/wp\/v2\/types\/product"}],"replies":[{"embeddable":true,"href":"https:\/\/jordanmania.de\/en\/wp-json\/wp\/v2\/comments?post=17567"}],"wp:featuredmedia":[{"embeddable":true,"href":"https:\/\/jordanmania.de\/en\/wp-json\/wp\/v2\/media\/17593"}],"wp:attachment":[{"href":"https:\/\/jordanmania.de\/en\/wp-json\/wp\/v2\/media?parent=17567"}],"wp:term":[{"taxonomy":"product_brand","embeddable":true,"href":"https:\/\/jordanmania.de\/en\/wp-json\/wp\/v2\/product_brand?post=17567"},{"taxonomy":"product_cat","embeddable":true,"href":"https:\/\/jordanmania.de\/en\/wp-json\/wp\/v2\/product_cat?post=17567"},{"taxonomy":"product_tag","embeddable":true,"href":"https:\/\/jordanmania.de\/en\/wp-json\/wp\/v2\/product_tag?post=17567"}],"curies":[{"name":"wp","href":"https:\/\/api.w.org\/{rel}","templated":true}]}}