{"id":17606,"date":"2026-04-19T09:30:16","date_gmt":"2026-04-19T09:30:16","guid":{"rendered":"https:\/\/jordanmania.de\/?post_type=product&#038;p=17606"},"modified":"2026-04-22T09:54:23","modified_gmt":"2026-04-22T09:54:23","slug":"adidas-samba-og-damen-weis-schwarz","status":"publish","type":"product","link":"https:\/\/jordanmania.de\/en\/product\/adidas-samba-og-damen-weis-schwarz\/","title":{"rendered":"Adidas Samba OG Damen Wei\u00df\/Schwarz"},"content":{"rendered":"<p data-start=\"228\" data-end=\"276\"><strong data-start=\"228\" data-end=\"245\">Farbvariante:<\/strong> Wei\u00df\/Schwarz<br data-start=\"250\" data-end=\"253\"><strong data-start=\"253\" data-end=\"268\">Zielgruppe:<\/strong> Damen<\/p>\n<p data-start=\"278\" data-end=\"568\"><strong data-start=\"278\" data-end=\"302\">Produktbeschreibung:<\/strong><br data-start=\"302\" data-end=\"305\">Der Adidas Samba OG f\u00fcr Damen in der Farbe Wei\u00df\/Schwarz\u00a0 steht f\u00fcr den ikonischen Adidas-Originals-Stil und ein zeitloses, sportliches Design. Das hochwertige Obermaterial sorgt f\u00fcr eine klare, klassische Optik und bietet gleichzeitig ein angenehmes Tragegef\u00fchl im Alltag.<\/p>\n<p data-start=\"570\" data-end=\"860\">Die flache Gummiau\u00dfensohle gew\u00e4hrleistet zuverl\u00e4ssigen Halt auf verschiedenen Untergr\u00fcnden und unterstreicht den legend\u00e4ren Charakter des Samba OG. Die wei\u00dfe Farbgebung l\u00e4sst sich vielseitig kombinieren und macht den Sneaker zu einem idealen Begleiter f\u00fcr Freizeit, Alltag und urbane Looks.<\/p>","protected":false},"excerpt":{"rendered":"<p>Farbvariante: Wei\u00df\/SchwarzZielgruppe: Damen Produktbeschreibung:Der Adidas Samba OG f\u00fcr Damen in der Farbe Wei\u00df\/Schwarz\u00a0 steht f\u00fcr den ikonischen Adidas-Originals-Stil und ein zeitloses, sportliches Design. Das hochwertige Obermaterial sorgt f\u00fcr eine klare, klassische Optik und bietet gleichzeitig ein angenehmes Tragegef\u00fchl im Alltag. Die flache Gummiau\u00dfensohle gew\u00e4hrleistet zuverl\u00e4ssigen Halt auf verschiedenen Untergr\u00fcnden und unterstreicht den legend\u00e4ren Charakter des [&hellip;]<\/p>\n","protected":false},"featured_media":17614,"comment_status":"open","ping_status":"closed","template":"","meta":[],"product_brand":[16],"product_cat":[60,71],"product_tag":[96],"class_list":{"0":"post-17606","1":"product","2":"type-product","3":"status-publish","4":"has-post-thumbnail","6":"product_brand-adidas","7":"product_cat-adidas","8":"product_cat-sneakers","9":"product_tag-finished","11":"first","12":"instock","13":"shipping-taxable","14":"purchasable","15":"product-type-variable"},"_links":{"self":[{"href":"https:\/\/jordanmania.de\/en\/wp-json\/wp\/v2\/product\/17606","targetHints":{"allow":["GET"]}}],"collection":[{"href":"https:\/\/jordanmania.de\/en\/wp-json\/wp\/v2\/product"}],"about":[{"href":"https:\/\/jordanmania.de\/en\/wp-json\/wp\/v2\/types\/product"}],"replies":[{"embeddable":true,"href":"https:\/\/jordanmania.de\/en\/wp-json\/wp\/v2\/comments?post=17606"}],"wp:featuredmedia":[{"embeddable":true,"href":"https:\/\/jordanmania.de\/en\/wp-json\/wp\/v2\/media\/17614"}],"wp:attachment":[{"href":"https:\/\/jordanmania.de\/en\/wp-json\/wp\/v2\/media?parent=17606"}],"wp:term":[{"taxonomy":"product_brand","embeddable":true,"href":"https:\/\/jordanmania.de\/en\/wp-json\/wp\/v2\/product_brand?post=17606"},{"taxonomy":"product_cat","embeddable":true,"href":"https:\/\/jordanmania.de\/en\/wp-json\/wp\/v2\/product_cat?post=17606"},{"taxonomy":"product_tag","embeddable":true,"href":"https:\/\/jordanmania.de\/en\/wp-json\/wp\/v2\/product_tag?post=17606"}],"curies":[{"name":"wp","href":"https:\/\/api.w.org\/{rel}","templated":true}]}}