{"id":17649,"date":"2026-04-19T09:30:19","date_gmt":"2026-04-19T09:30:19","guid":{"rendered":"https:\/\/jordanmania.de\/?post_type=product&#038;p=17649"},"modified":"2026-04-22T09:54:25","modified_gmt":"2026-04-22T09:54:25","slug":"adidas-samba-og-herren-grau-braun","status":"publish","type":"product","link":"https:\/\/jordanmania.de\/en\/product\/adidas-samba-og-herren-grau-braun\/","title":{"rendered":"adidas Samba OG Herren Grau \/ Braun"},"content":{"rendered":"<p data-start=\"46\" data-end=\"115\"><strong>Stil: <\/strong>Samba OG Herren-Sneaker<br data-start=\"91\" data-end=\"94\"><strong>Farbe:<\/strong> Grau \/ Braun<\/p>\n<p data-start=\"117\" data-end=\"578\"><strong>Produktbeschreibung: <\/strong>Der adidas Samba OG Herren-Sneaker in Grau \/ Braun interpretiert den klassischen Hallenfu\u00dfballschuh in einer dezenten, aber hochwertigen Farbvariante. Das Obermaterial aus glattem, hellgrauem Leder wird im Vorderfu\u00dfbereich durch ein graues Wildleder-Overlay erg\u00e4nzt. Dunkelbraune 3-Streifen und der braune Rahmen der Naturgummi-Sohle setzen einen markanten Kontrast, w\u00e4hrend das goldene \u201eSamba\u201c-Branding den typischen Retro-Look abrundet.<\/p>\n<p data-start=\"580\" data-end=\"917\">Die flache Silhouette und die bew\u00e4hrte Naturgummi-Au\u00dfensohle bieten zuverl\u00e4ssigen Grip und ein direktes Laufgef\u00fchl im Alltag. Dank der komfortablen Passform ist der Samba OG ideal f\u00fcr Herren, die einen vielseitig kombinierbaren Sneaker f\u00fcr City, Freizeit und t\u00e4gliche Outfits suchen \u2013 perfekt zu Jeans, Chinos oder l\u00e4ssigen Trackpants.<\/p>","protected":false},"excerpt":{"rendered":"<p>Stil: Samba OG Herren-SneakerFarbe: Grau \/ Braun Produktbeschreibung: Der adidas Samba OG Herren-Sneaker in Grau \/ Braun interpretiert den klassischen Hallenfu\u00dfballschuh in einer dezenten, aber hochwertigen Farbvariante. Das Obermaterial aus glattem, hellgrauem Leder wird im Vorderfu\u00dfbereich durch ein graues Wildleder-Overlay erg\u00e4nzt. Dunkelbraune 3-Streifen und der braune Rahmen der Naturgummi-Sohle setzen einen markanten Kontrast, w\u00e4hrend das [&hellip;]<\/p>\n","protected":false},"featured_media":17655,"comment_status":"open","ping_status":"closed","template":"","meta":[],"product_brand":[16],"product_cat":[60,71],"product_tag":[],"class_list":{"0":"post-17649","1":"product","2":"type-product","3":"status-publish","4":"has-post-thumbnail","6":"product_brand-adidas","7":"product_cat-adidas","8":"product_cat-sneakers","10":"first","11":"instock","12":"shipping-taxable","13":"purchasable","14":"product-type-variable"},"_links":{"self":[{"href":"https:\/\/jordanmania.de\/en\/wp-json\/wp\/v2\/product\/17649","targetHints":{"allow":["GET"]}}],"collection":[{"href":"https:\/\/jordanmania.de\/en\/wp-json\/wp\/v2\/product"}],"about":[{"href":"https:\/\/jordanmania.de\/en\/wp-json\/wp\/v2\/types\/product"}],"replies":[{"embeddable":true,"href":"https:\/\/jordanmania.de\/en\/wp-json\/wp\/v2\/comments?post=17649"}],"wp:featuredmedia":[{"embeddable":true,"href":"https:\/\/jordanmania.de\/en\/wp-json\/wp\/v2\/media\/17655"}],"wp:attachment":[{"href":"https:\/\/jordanmania.de\/en\/wp-json\/wp\/v2\/media?parent=17649"}],"wp:term":[{"taxonomy":"product_brand","embeddable":true,"href":"https:\/\/jordanmania.de\/en\/wp-json\/wp\/v2\/product_brand?post=17649"},{"taxonomy":"product_cat","embeddable":true,"href":"https:\/\/jordanmania.de\/en\/wp-json\/wp\/v2\/product_cat?post=17649"},{"taxonomy":"product_tag","embeddable":true,"href":"https:\/\/jordanmania.de\/en\/wp-json\/wp\/v2\/product_tag?post=17649"}],"curies":[{"name":"wp","href":"https:\/\/api.w.org\/{rel}","templated":true}]}}