{"id":17739,"date":"2026-04-19T09:30:29","date_gmt":"2026-04-19T09:30:29","guid":{"rendered":"https:\/\/jordanmania.de\/?post_type=product&#038;p=17739"},"modified":"2026-04-22T09:54:35","modified_gmt":"2026-04-22T09:54:35","slug":"adidas-samba-og-kinder-sneaker-gs-weis","status":"publish","type":"product","link":"https:\/\/jordanmania.de\/en\/product\/adidas-samba-og-kinder-sneaker-gs-weis\/","title":{"rendered":"adidas Samba OG Kinder Sneaker (GS) Wei\u00df"},"content":{"rendered":"<p data-end=\"193\" data-start=\"141\"><strong data-end=\"158\" data-start=\"141\">\u00a0Farbvariante:<\/strong> Wei\u00df<br data-end=\"166\" data-start=\"163\"><strong data-end=\"181\" data-start=\"166\">Zielgruppe:<\/strong> Kinder (GS)<\/p>\n<p data-end=\"633\" data-start=\"195\"><strong data-end=\"219\" data-start=\"195\">Produktbeschreibung:<\/strong><br data-end=\"222\" data-start=\"219\">Der adidas Samba OG Kinder Sneaker (GS) in der Farbe Wei\u00df steht f\u00fcr den ikonischen adidas-Originals-Stil in einer kindgerechten Ausf\u00fchrung. Das glatte Leder-Obermaterial wird im Vorderfu\u00dfbereich durch ein helles Wildleder-Overlay erg\u00e4nzt, w\u00e4hrend die schwarzen 3-Streifen und der Fersenbereich f\u00fcr den klassischen Kontrast sorgen. Das dezente \u201eSamba\u201c-Branding an der Seite unterstreicht den legend\u00e4ren Retro-Look.<\/p>\n<p data-end=\"845\" data-start=\"635\">Die flache Silhouette und die griffige Gummiau\u00dfensohle in Naturbraun bieten zuverl\u00e4ssigen Halt und ein angenehmes Laufgef\u00fchl. Damit eignet sich der Samba OG ideal f\u00fcr Schule, Freizeit und den t\u00e4glichen Einsatz.<\/p>","protected":false},"excerpt":{"rendered":"<p>\u00a0Farbvariante: Wei\u00dfZielgruppe: Kinder (GS) Produktbeschreibung:Der adidas Samba OG Kinder Sneaker (GS) in der Farbe Wei\u00df steht f\u00fcr den ikonischen adidas-Originals-Stil in einer kindgerechten Ausf\u00fchrung. Das glatte Leder-Obermaterial wird im Vorderfu\u00dfbereich durch ein helles Wildleder-Overlay erg\u00e4nzt, w\u00e4hrend die schwarzen 3-Streifen und der Fersenbereich f\u00fcr den klassischen Kontrast sorgen. Das dezente \u201eSamba\u201c-Branding an der Seite unterstreicht den [&hellip;]<\/p>\n","protected":false},"featured_media":17764,"comment_status":"open","ping_status":"closed","template":"","meta":[],"product_brand":[16],"product_cat":[60,71],"product_tag":[96],"class_list":{"0":"post-17739","1":"product","2":"type-product","3":"status-publish","4":"has-post-thumbnail","6":"product_brand-adidas","7":"product_cat-adidas","8":"product_cat-sneakers","9":"product_tag-finished","11":"first","12":"instock","13":"shipping-taxable","14":"purchasable","15":"product-type-variable"},"_links":{"self":[{"href":"https:\/\/jordanmania.de\/en\/wp-json\/wp\/v2\/product\/17739","targetHints":{"allow":["GET"]}}],"collection":[{"href":"https:\/\/jordanmania.de\/en\/wp-json\/wp\/v2\/product"}],"about":[{"href":"https:\/\/jordanmania.de\/en\/wp-json\/wp\/v2\/types\/product"}],"replies":[{"embeddable":true,"href":"https:\/\/jordanmania.de\/en\/wp-json\/wp\/v2\/comments?post=17739"}],"wp:featuredmedia":[{"embeddable":true,"href":"https:\/\/jordanmania.de\/en\/wp-json\/wp\/v2\/media\/17764"}],"wp:attachment":[{"href":"https:\/\/jordanmania.de\/en\/wp-json\/wp\/v2\/media?parent=17739"}],"wp:term":[{"taxonomy":"product_brand","embeddable":true,"href":"https:\/\/jordanmania.de\/en\/wp-json\/wp\/v2\/product_brand?post=17739"},{"taxonomy":"product_cat","embeddable":true,"href":"https:\/\/jordanmania.de\/en\/wp-json\/wp\/v2\/product_cat?post=17739"},{"taxonomy":"product_tag","embeddable":true,"href":"https:\/\/jordanmania.de\/en\/wp-json\/wp\/v2\/product_tag?post=17739"}],"curies":[{"name":"wp","href":"https:\/\/api.w.org\/{rel}","templated":true}]}}