{"id":17861,"date":"2026-04-19T09:30:40","date_gmt":"2026-04-19T09:30:40","guid":{"rendered":"https:\/\/jordanmania.de\/?post_type=product&#038;p=17861"},"modified":"2026-04-22T09:54:39","modified_gmt":"2026-04-22T09:54:39","slug":"adidas-superstar-ii-j-schwarz-damen","status":"publish","type":"product","link":"https:\/\/jordanmania.de\/en\/product\/adidas-superstar-ii-j-schwarz-damen\/","title":{"rendered":"Adidas Superstar II J Schwarz Damen"},"content":{"rendered":"<p data-start=\"37\" data-end=\"86\"><strong data-start=\"37\" data-end=\"54\">Farbvariante:<\/strong> Schwarz<br data-start=\"62\" data-end=\"65\"><strong data-start=\"65\" data-end=\"80\">Zielgruppe:<\/strong> Damen<\/p>\n<p data-start=\"88\" data-end=\"376\"><strong data-start=\"88\" data-end=\"112\">Produktbeschreibung:<\/strong><br data-start=\"112\" data-end=\"115\">Der Adidas Superstar II in der Farbe Schwarz bringt den ikonischen Adidas-Originals-Stil in eine moderne, damengerechte Passform. Das hochwertige Obermaterial sorgt f\u00fcr eine klassische, robuste Optik und bietet gleichzeitig ein angenehmes Tragegef\u00fchl im Alltag.<\/p>\n<p data-start=\"378\" data-end=\"654\" data-is-last-node=\"\" data-is-only-node=\"\">Die charakteristische Gummiau\u00dfensohle mit der typischen Shell Toe verleiht dem Modell Stabilit\u00e4t und unterstreicht den legend\u00e4ren Look des Superstar. Die schwarze Farbgebung ist besonders pflegeleicht und vielseitig kombinierbar \u2013 ideal f\u00fcr Alltag, Freizeit und urbane Styles.<\/p>","protected":false},"excerpt":{"rendered":"<p>Farbvariante: SchwarzZielgruppe: Damen Produktbeschreibung:Der Adidas Superstar II in der Farbe Schwarz bringt den ikonischen Adidas-Originals-Stil in eine moderne, damengerechte Passform. Das hochwertige Obermaterial sorgt f\u00fcr eine klassische, robuste Optik und bietet gleichzeitig ein angenehmes Tragegef\u00fchl im Alltag. Die charakteristische Gummiau\u00dfensohle mit der typischen Shell Toe verleiht dem Modell Stabilit\u00e4t und unterstreicht den legend\u00e4ren Look des [&hellip;]<\/p>\n","protected":false},"featured_media":17864,"comment_status":"open","ping_status":"closed","template":"","meta":[],"product_brand":[16],"product_cat":[60,71],"product_tag":[96],"class_list":{"0":"post-17861","1":"product","2":"type-product","3":"status-publish","4":"has-post-thumbnail","6":"product_brand-adidas","7":"product_cat-adidas","8":"product_cat-sneakers","9":"product_tag-finished","11":"first","12":"instock","13":"shipping-taxable","14":"purchasable","15":"product-type-variable"},"_links":{"self":[{"href":"https:\/\/jordanmania.de\/en\/wp-json\/wp\/v2\/product\/17861","targetHints":{"allow":["GET"]}}],"collection":[{"href":"https:\/\/jordanmania.de\/en\/wp-json\/wp\/v2\/product"}],"about":[{"href":"https:\/\/jordanmania.de\/en\/wp-json\/wp\/v2\/types\/product"}],"replies":[{"embeddable":true,"href":"https:\/\/jordanmania.de\/en\/wp-json\/wp\/v2\/comments?post=17861"}],"wp:featuredmedia":[{"embeddable":true,"href":"https:\/\/jordanmania.de\/en\/wp-json\/wp\/v2\/media\/17864"}],"wp:attachment":[{"href":"https:\/\/jordanmania.de\/en\/wp-json\/wp\/v2\/media?parent=17861"}],"wp:term":[{"taxonomy":"product_brand","embeddable":true,"href":"https:\/\/jordanmania.de\/en\/wp-json\/wp\/v2\/product_brand?post=17861"},{"taxonomy":"product_cat","embeddable":true,"href":"https:\/\/jordanmania.de\/en\/wp-json\/wp\/v2\/product_cat?post=17861"},{"taxonomy":"product_tag","embeddable":true,"href":"https:\/\/jordanmania.de\/en\/wp-json\/wp\/v2\/product_tag?post=17861"}],"curies":[{"name":"wp","href":"https:\/\/api.w.org\/{rel}","templated":true}]}}