{"id":17904,"date":"2026-04-19T09:30:44","date_gmt":"2026-04-19T09:30:44","guid":{"rendered":"https:\/\/jordanmania.de\/?post_type=product&#038;p=17904"},"modified":"2026-04-22T09:54:40","modified_gmt":"2026-04-22T09:54:40","slug":"adidas-superstar-st-herren-dunkelbraun-cargo-brown","status":"publish","type":"product","link":"https:\/\/jordanmania.de\/en\/product\/adidas-superstar-st-herren-dunkelbraun-cargo-brown\/","title":{"rendered":"adidas Superstar ST Herren Dunkelbraun \/ Cargo Brown"},"content":{"rendered":"<p data-start=\"63\" data-end=\"161\"><strong>Stil:<\/strong> Superstar ST Herren-Sneaker<br data-start=\"112\" data-end=\"115\"><strong>Farbe: <\/strong>Dunkelbraun \/ Cargo Brown \/ Off White<\/p>\n<p data-start=\"163\" data-end=\"653\"><strong>Produktbeschreibung:<\/strong><\/p>\n<p data-start=\"163\" data-end=\"653\">Der adidas Superstar ST Herren-Sneaker in Dunkelbraun \/ Cargo Brown setzt den legend\u00e4ren Shell-Toe-Klassiker in einer edlen, tonalen Wildleder-Variante um. Das Obermaterial aus hochwertigem Nubuk- bzw. Wildleder in dunklen Braunt\u00f6nen wird von dezenten 3-Streifen und Fersenelementen in Cargo Brown erg\u00e4nzt und sorgt f\u00fcr einen unauff\u00e4lligen, aber sehr hochwertigen Look. Die charakteristische Gummikappe an der Zehenbox bleibt als ikonisches Superstar-Detail erhalten.<\/p>\n<p data-start=\"655\" data-end=\"1049\">Die durchgehend dunkle Mittel- und Au\u00dfensohle unterstreicht den monochromen Auftritt und bietet gleichzeitig robusten Grip im Alltag. Dank der gepolsterten Innenausstattung und des textilen Futters tr\u00e4gt sich der Sneaker den ganzen Tag \u00fcber komfortabel. Dieser Herren-Superstar passt perfekt zu dunklen Jeans, Cargos oder Workwear-Looks und ist ideal f\u00fcr City, Freizeit und Streetwear-Styles.<\/p>","protected":false},"excerpt":{"rendered":"<p>Stil: Superstar ST Herren-SneakerFarbe: Dunkelbraun \/ Cargo Brown \/ Off White Produktbeschreibung: Der adidas Superstar ST Herren-Sneaker in Dunkelbraun \/ Cargo Brown setzt den legend\u00e4ren Shell-Toe-Klassiker in einer edlen, tonalen Wildleder-Variante um. Das Obermaterial aus hochwertigem Nubuk- bzw. Wildleder in dunklen Braunt\u00f6nen wird von dezenten 3-Streifen und Fersenelementen in Cargo Brown erg\u00e4nzt und sorgt f\u00fcr [&hellip;]<\/p>\n","protected":false},"featured_media":17908,"comment_status":"open","ping_status":"closed","template":"","meta":[],"product_brand":[16],"product_cat":[60,71],"product_tag":[],"class_list":{"0":"post-17904","1":"product","2":"type-product","3":"status-publish","4":"has-post-thumbnail","6":"product_brand-adidas","7":"product_cat-adidas","8":"product_cat-sneakers","10":"first","11":"instock","12":"shipping-taxable","13":"purchasable","14":"product-type-variable"},"_links":{"self":[{"href":"https:\/\/jordanmania.de\/en\/wp-json\/wp\/v2\/product\/17904","targetHints":{"allow":["GET"]}}],"collection":[{"href":"https:\/\/jordanmania.de\/en\/wp-json\/wp\/v2\/product"}],"about":[{"href":"https:\/\/jordanmania.de\/en\/wp-json\/wp\/v2\/types\/product"}],"replies":[{"embeddable":true,"href":"https:\/\/jordanmania.de\/en\/wp-json\/wp\/v2\/comments?post=17904"}],"wp:featuredmedia":[{"embeddable":true,"href":"https:\/\/jordanmania.de\/en\/wp-json\/wp\/v2\/media\/17908"}],"wp:attachment":[{"href":"https:\/\/jordanmania.de\/en\/wp-json\/wp\/v2\/media?parent=17904"}],"wp:term":[{"taxonomy":"product_brand","embeddable":true,"href":"https:\/\/jordanmania.de\/en\/wp-json\/wp\/v2\/product_brand?post=17904"},{"taxonomy":"product_cat","embeddable":true,"href":"https:\/\/jordanmania.de\/en\/wp-json\/wp\/v2\/product_cat?post=17904"},{"taxonomy":"product_tag","embeddable":true,"href":"https:\/\/jordanmania.de\/en\/wp-json\/wp\/v2\/product_tag?post=17904"}],"curies":[{"name":"wp","href":"https:\/\/api.w.org\/{rel}","templated":true}]}}