{"id":18077,"date":"2026-04-19T09:31:03","date_gmt":"2026-04-19T09:31:03","guid":{"rendered":"https:\/\/jordanmania.de\/?post_type=product&#038;p=18077"},"modified":"2026-04-22T09:54:49","modified_gmt":"2026-04-22T09:54:49","slug":"new-balance-1906-grau","status":"publish","type":"product","link":"https:\/\/jordanmania.de\/en\/product\/new-balance-1906-grau\/","title":{"rendered":"New Balance 1906 Grau"},"content":{"rendered":"<p data-start=\"234\" data-end=\"256\"><strong data-start=\"234\" data-end=\"251\">Farbvariante:<\/strong> Grau<\/p>\n<p data-start=\"258\" data-end=\"582\"><strong data-start=\"258\" data-end=\"282\">Produktbeschreibung:<\/strong><br data-start=\"282\" data-end=\"285\">Der New Balance 1906 in der Farbvariante Grau \u00fcberzeugt mit einem technisch inspirierten Design und einer klaren, sportlichen Linienf\u00fchrung. Das atmungsaktive Mesh-Obermaterial wird durch strukturierte Overlays in Graut\u00f6nen erg\u00e4nzt und verleiht dem Modell eine moderne, zugleich funktionale Optik.<\/p>\n<p data-start=\"584\" data-end=\"926\">Die mehrschichtige Sohlenkonstruktion sorgt f\u00fcr angenehme D\u00e4mpfung und hohen Komfort im Alltag, w\u00e4hrend die robuste Au\u00dfensohle zuverl\u00e4ssigen Halt auf unterschiedlichen Untergr\u00fcnden bietet. Dank der neutralen grauen Farbgebung l\u00e4sst sich der New Balance 1906 vielseitig kombinieren und eignet sich ideal f\u00fcr Alltag, Freizeit und urbane Styles.<\/p>","protected":false},"excerpt":{"rendered":"<p>Farbvariante: Grau Produktbeschreibung:Der New Balance 1906 in der Farbvariante Grau \u00fcberzeugt mit einem technisch inspirierten Design und einer klaren, sportlichen Linienf\u00fchrung. Das atmungsaktive Mesh-Obermaterial wird durch strukturierte Overlays in Graut\u00f6nen erg\u00e4nzt und verleiht dem Modell eine moderne, zugleich funktionale Optik. Die mehrschichtige Sohlenkonstruktion sorgt f\u00fcr angenehme D\u00e4mpfung und hohen Komfort im Alltag, w\u00e4hrend die robuste [&hellip;]<\/p>\n","protected":false},"featured_media":13712,"comment_status":"open","ping_status":"closed","template":"","meta":[],"product_brand":[33],"product_cat":[58,71],"product_tag":[96],"class_list":{"0":"post-18077","1":"product","2":"type-product","3":"status-publish","4":"has-post-thumbnail","6":"product_brand-new-balance","7":"product_cat-new-balance","8":"product_cat-sneakers","9":"product_tag-finished","11":"first","12":"instock","13":"shipping-taxable","14":"purchasable","15":"product-type-variable"},"_links":{"self":[{"href":"https:\/\/jordanmania.de\/en\/wp-json\/wp\/v2\/product\/18077","targetHints":{"allow":["GET"]}}],"collection":[{"href":"https:\/\/jordanmania.de\/en\/wp-json\/wp\/v2\/product"}],"about":[{"href":"https:\/\/jordanmania.de\/en\/wp-json\/wp\/v2\/types\/product"}],"replies":[{"embeddable":true,"href":"https:\/\/jordanmania.de\/en\/wp-json\/wp\/v2\/comments?post=18077"}],"wp:featuredmedia":[{"embeddable":true,"href":"https:\/\/jordanmania.de\/en\/wp-json\/wp\/v2\/media\/13712"}],"wp:attachment":[{"href":"https:\/\/jordanmania.de\/en\/wp-json\/wp\/v2\/media?parent=18077"}],"wp:term":[{"taxonomy":"product_brand","embeddable":true,"href":"https:\/\/jordanmania.de\/en\/wp-json\/wp\/v2\/product_brand?post=18077"},{"taxonomy":"product_cat","embeddable":true,"href":"https:\/\/jordanmania.de\/en\/wp-json\/wp\/v2\/product_cat?post=18077"},{"taxonomy":"product_tag","embeddable":true,"href":"https:\/\/jordanmania.de\/en\/wp-json\/wp\/v2\/product_tag?post=18077"}],"curies":[{"name":"wp","href":"https:\/\/api.w.org\/{rel}","templated":true}]}}