{"id":18143,"date":"2026-04-19T09:31:09","date_gmt":"2026-04-19T09:31:09","guid":{"rendered":"https:\/\/jordanmania.de\/?post_type=product&#038;p=18143"},"modified":"2026-04-22T09:54:52","modified_gmt":"2026-04-22T09:54:52","slug":"new-balance-327-grau","status":"publish","type":"product","link":"https:\/\/jordanmania.de\/en\/product\/new-balance-327-grau\/","title":{"rendered":"New Balance 327 Grau"},"content":{"rendered":"<p data-start=\"56\" data-end=\"119\"><strong data-start=\"56\" data-end=\"73\">Farbvariante:<\/strong> grau<\/p>\n<p data-start=\"121\" data-end=\"489\"><strong data-start=\"121\" data-end=\"145\">Produktbeschreibung:<\/strong><br data-start=\"145\" data-end=\"148\">Der New Balance 327 in Grau kombiniert ein modernes, retro-inspiriertes Design mit einer klaren, sportlichen Silhouette. Angelehnt an klassische Running-Modelle der 1970er-Jahre \u00fcberzeugt der Sneaker mit einem markanten Look, bei dem atmungsaktives Mesh und hochwertige Overlays harmonisch zusammenspielen und f\u00fcr eine zeitlose Optik sorgen.<\/p>\n<p data-start=\"491\" data-end=\"787\" data-is-last-node=\"\" data-is-only-node=\"\">Die leichte, komfortable Zwischensohle bietet angenehme D\u00e4mpfung f\u00fcr den Alltag, w\u00e4hrend die profilierte Gummiau\u00dfensohle sicheren Halt gew\u00e4hrleistet. Dank seiner neutralen Farbgebung l\u00e4sst sich der New Balance 327 vielseitig kombinieren und eignet sich ideal f\u00fcr Schule, Freizeit und aktive Tage.<\/p>","protected":false},"excerpt":{"rendered":"<p>Farbvariante: grau Produktbeschreibung:Der New Balance 327 in Grau kombiniert ein modernes, retro-inspiriertes Design mit einer klaren, sportlichen Silhouette. Angelehnt an klassische Running-Modelle der 1970er-Jahre \u00fcberzeugt der Sneaker mit einem markanten Look, bei dem atmungsaktives Mesh und hochwertige Overlays harmonisch zusammenspielen und f\u00fcr eine zeitlose Optik sorgen. Die leichte, komfortable Zwischensohle bietet angenehme D\u00e4mpfung f\u00fcr den [&hellip;]<\/p>\n","protected":false},"featured_media":18154,"comment_status":"open","ping_status":"closed","template":"","meta":[],"product_brand":[33],"product_cat":[58,71],"product_tag":[96],"class_list":{"0":"post-18143","1":"product","2":"type-product","3":"status-publish","4":"has-post-thumbnail","6":"product_brand-new-balance","7":"product_cat-new-balance","8":"product_cat-sneakers","9":"product_tag-finished","11":"first","12":"instock","13":"shipping-taxable","14":"purchasable","15":"product-type-variable"},"_links":{"self":[{"href":"https:\/\/jordanmania.de\/en\/wp-json\/wp\/v2\/product\/18143","targetHints":{"allow":["GET"]}}],"collection":[{"href":"https:\/\/jordanmania.de\/en\/wp-json\/wp\/v2\/product"}],"about":[{"href":"https:\/\/jordanmania.de\/en\/wp-json\/wp\/v2\/types\/product"}],"replies":[{"embeddable":true,"href":"https:\/\/jordanmania.de\/en\/wp-json\/wp\/v2\/comments?post=18143"}],"wp:featuredmedia":[{"embeddable":true,"href":"https:\/\/jordanmania.de\/en\/wp-json\/wp\/v2\/media\/18154"}],"wp:attachment":[{"href":"https:\/\/jordanmania.de\/en\/wp-json\/wp\/v2\/media?parent=18143"}],"wp:term":[{"taxonomy":"product_brand","embeddable":true,"href":"https:\/\/jordanmania.de\/en\/wp-json\/wp\/v2\/product_brand?post=18143"},{"taxonomy":"product_cat","embeddable":true,"href":"https:\/\/jordanmania.de\/en\/wp-json\/wp\/v2\/product_cat?post=18143"},{"taxonomy":"product_tag","embeddable":true,"href":"https:\/\/jordanmania.de\/en\/wp-json\/wp\/v2\/product_tag?post=18143"}],"curies":[{"name":"wp","href":"https:\/\/api.w.org\/{rel}","templated":true}]}}