{"id":18265,"date":"2026-04-19T09:31:21","date_gmt":"2026-04-19T09:31:21","guid":{"rendered":"https:\/\/jordanmania.de\/?post_type=product&#038;p=18265"},"modified":"2026-04-22T09:54:57","modified_gmt":"2026-04-22T09:54:57","slug":"new-balance-740-schwarz-blau","status":"publish","type":"product","link":"https:\/\/jordanmania.de\/en\/product\/new-balance-740-schwarz-blau\/","title":{"rendered":"New Balance 740 Schwarz\/Blau"},"content":{"rendered":"<p data-start=\"59\" data-end=\"111\"><strong data-start=\"59\" data-end=\"76\">Farbvariante:<\/strong> S<span>chwarz\/Blau<\/span><\/p>\n<p data-start=\"113\" data-end=\"452\"><strong data-start=\"113\" data-end=\"137\">Produktbeschreibung:<\/strong><br data-start=\"137\" data-end=\"140\">Der New Balance 740 in S<span>chwarz\/Blau <\/span>\u00fcberzeugt mit einem cleanen, sportlich-modernen Design, das sich an der klassischen Running-\u00c4sthetik der 2000er-Jahre orientiert. Das atmungsaktive Mesh-Obermaterial wird durch stabilisierende Overlays erg\u00e4nzt und verleiht dem Sneaker eine markante, zugleich zeitlose Ausstrahlung.<\/p>\n<p data-start=\"454\" data-end=\"801\" data-is-last-node=\"\" data-is-only-node=\"\">Die komfortabel ged\u00e4mpfte Zwischensohle sorgt f\u00fcr ein angenehmes Laufgef\u00fchl im Alltag, w\u00e4hrend die robuste Gummiau\u00dfensohle zuverl\u00e4ssigen Halt auf verschiedenen Untergr\u00fcnden bietet. Dank seiner dunklen Farbgebung ist der New Balance 740 besonders vielseitig kombinierbar und eignet sich ideal f\u00fcr Freizeit, urbane Styles und den t\u00e4glichen Gebrauch.<\/p>","protected":false},"excerpt":{"rendered":"<p>Farbvariante: Schwarz\/Blau Produktbeschreibung:Der New Balance 740 in Schwarz\/Blau \u00fcberzeugt mit einem cleanen, sportlich-modernen Design, das sich an der klassischen Running-\u00c4sthetik der 2000er-Jahre orientiert. Das atmungsaktive Mesh-Obermaterial wird durch stabilisierende Overlays erg\u00e4nzt und verleiht dem Sneaker eine markante, zugleich zeitlose Ausstrahlung. Die komfortabel ged\u00e4mpfte Zwischensohle sorgt f\u00fcr ein angenehmes Laufgef\u00fchl im Alltag, w\u00e4hrend die robuste Gummiau\u00dfensohle [&hellip;]<\/p>\n","protected":false},"featured_media":18291,"comment_status":"open","ping_status":"closed","template":"","meta":[],"product_brand":[33],"product_cat":[58,71],"product_tag":[96],"class_list":{"0":"post-18265","1":"product","2":"type-product","3":"status-publish","4":"has-post-thumbnail","6":"product_brand-new-balance","7":"product_cat-new-balance","8":"product_cat-sneakers","9":"product_tag-finished","11":"first","12":"instock","13":"sale","14":"shipping-taxable","15":"purchasable","16":"product-type-variable"},"_links":{"self":[{"href":"https:\/\/jordanmania.de\/en\/wp-json\/wp\/v2\/product\/18265","targetHints":{"allow":["GET"]}}],"collection":[{"href":"https:\/\/jordanmania.de\/en\/wp-json\/wp\/v2\/product"}],"about":[{"href":"https:\/\/jordanmania.de\/en\/wp-json\/wp\/v2\/types\/product"}],"replies":[{"embeddable":true,"href":"https:\/\/jordanmania.de\/en\/wp-json\/wp\/v2\/comments?post=18265"}],"wp:featuredmedia":[{"embeddable":true,"href":"https:\/\/jordanmania.de\/en\/wp-json\/wp\/v2\/media\/18291"}],"wp:attachment":[{"href":"https:\/\/jordanmania.de\/en\/wp-json\/wp\/v2\/media?parent=18265"}],"wp:term":[{"taxonomy":"product_brand","embeddable":true,"href":"https:\/\/jordanmania.de\/en\/wp-json\/wp\/v2\/product_brand?post=18265"},{"taxonomy":"product_cat","embeddable":true,"href":"https:\/\/jordanmania.de\/en\/wp-json\/wp\/v2\/product_cat?post=18265"},{"taxonomy":"product_tag","embeddable":true,"href":"https:\/\/jordanmania.de\/en\/wp-json\/wp\/v2\/product_tag?post=18265"}],"curies":[{"name":"wp","href":"https:\/\/api.w.org\/{rel}","templated":true}]}}