{"id":18469,"date":"2026-04-19T09:31:44","date_gmt":"2026-04-19T09:31:44","guid":{"rendered":"https:\/\/jordanmania.de\/?post_type=product&#038;p=18469"},"modified":"2026-04-22T09:55:07","modified_gmt":"2026-04-22T09:55:07","slug":"nike-air-force-1-07-lv8-herren-weis-2","status":"publish","type":"product","link":"https:\/\/jordanmania.de\/en\/product\/nike-air-force-1-07-lv8-herren-weis-2\/","title":{"rendered":"Nike Air Force 1 \u201907 LV8  Herren Wei\u00df"},"content":{"rendered":"<p data-start=\"77\" data-end=\"126\"><strong data-start=\"77\" data-end=\"94\">Farbvariante:<\/strong> Wei\u00df<br data-start=\"99\" data-end=\"102\"><strong data-start=\"102\" data-end=\"117\">Zielgruppe:<\/strong> Herren<\/p>\n<p data-start=\"128\" data-end=\"407\"><strong data-start=\"128\" data-end=\"152\">Produktbeschreibung:<\/strong><br data-start=\"152\" data-end=\"155\">Der Nike Air Force 1 \u201907 LV8\u00a0 f\u00fcr Herren in der Farbe Wei\u00df steht f\u00fcr den ikonischen Basketball-Klassiker mit zeitlosem, cleanem Design. Das hochwertige Obermaterial sorgt f\u00fcr eine klare, klassische Optik und bietet gleichzeitig hohen Tragekomfort im Alltag.<\/p>\n<p data-start=\"409\" data-end=\"699\">Die robuste Gummiau\u00dfensohle mit integrierter Air-D\u00e4mpfung gew\u00e4hrleistet zuverl\u00e4ssigen Halt und angenehme D\u00e4mpfung bei jedem Schritt. Die wei\u00dfe Farbgebung ist besonders vielseitig kombinierbar und macht den Air Force 1 \u201907 zu einem festen Bestandteil moderner Freizeit- und Streetwear-Looks.<\/p>","protected":false},"excerpt":{"rendered":"<p>Farbvariante: Wei\u00dfZielgruppe: Herren Produktbeschreibung:Der Nike Air Force 1 \u201907 LV8\u00a0 f\u00fcr Herren in der Farbe Wei\u00df steht f\u00fcr den ikonischen Basketball-Klassiker mit zeitlosem, cleanem Design. Das hochwertige Obermaterial sorgt f\u00fcr eine klare, klassische Optik und bietet gleichzeitig hohen Tragekomfort im Alltag. Die robuste Gummiau\u00dfensohle mit integrierter Air-D\u00e4mpfung gew\u00e4hrleistet zuverl\u00e4ssigen Halt und angenehme D\u00e4mpfung bei jedem [&hellip;]<\/p>\n","protected":false},"featured_media":18482,"comment_status":"open","ping_status":"closed","template":"","meta":[],"product_brand":[47],"product_cat":[59,71],"product_tag":[96],"class_list":{"0":"post-18469","1":"product","2":"type-product","3":"status-publish","4":"has-post-thumbnail","6":"product_brand-nike","7":"product_cat-nike","8":"product_cat-sneakers","9":"product_tag-finished","11":"first","12":"instock","13":"shipping-taxable","14":"purchasable","15":"product-type-variable"},"_links":{"self":[{"href":"https:\/\/jordanmania.de\/en\/wp-json\/wp\/v2\/product\/18469","targetHints":{"allow":["GET"]}}],"collection":[{"href":"https:\/\/jordanmania.de\/en\/wp-json\/wp\/v2\/product"}],"about":[{"href":"https:\/\/jordanmania.de\/en\/wp-json\/wp\/v2\/types\/product"}],"replies":[{"embeddable":true,"href":"https:\/\/jordanmania.de\/en\/wp-json\/wp\/v2\/comments?post=18469"}],"wp:featuredmedia":[{"embeddable":true,"href":"https:\/\/jordanmania.de\/en\/wp-json\/wp\/v2\/media\/18482"}],"wp:attachment":[{"href":"https:\/\/jordanmania.de\/en\/wp-json\/wp\/v2\/media?parent=18469"}],"wp:term":[{"taxonomy":"product_brand","embeddable":true,"href":"https:\/\/jordanmania.de\/en\/wp-json\/wp\/v2\/product_brand?post=18469"},{"taxonomy":"product_cat","embeddable":true,"href":"https:\/\/jordanmania.de\/en\/wp-json\/wp\/v2\/product_cat?post=18469"},{"taxonomy":"product_tag","embeddable":true,"href":"https:\/\/jordanmania.de\/en\/wp-json\/wp\/v2\/product_tag?post=18469"}],"curies":[{"name":"wp","href":"https:\/\/api.w.org\/{rel}","templated":true}]}}