{"id":18470,"date":"2026-04-19T09:31:44","date_gmt":"2026-04-19T09:31:44","guid":{"rendered":"https:\/\/jordanmania.de\/?post_type=product&#038;p=18470"},"modified":"2026-04-22T09:55:07","modified_gmt":"2026-04-22T09:55:07","slug":"nike-air-force-1-07-lv8-herren-beige","status":"publish","type":"product","link":"https:\/\/jordanmania.de\/en\/product\/nike-air-force-1-07-lv8-herren-beige\/","title":{"rendered":"Nike Air Force 1 \u201907 LV8 Herren Beige"},"content":{"rendered":"<p data-end=\"248\" data-start=\"196\"><strong data-end=\"213\" data-start=\"196\">Farbvariante:<\/strong> <span>beige<\/span><br data-end=\"224\" data-start=\"221\"><strong data-end=\"239\" data-start=\"224\">Zielgruppe:<\/strong> Herren<\/p>\n<p data-end=\"571\" data-start=\"250\"><strong data-end=\"274\" data-start=\"250\">Produktbeschreibung:<\/strong><br data-end=\"277\" data-start=\"274\">Der Nike Air Force 1 \u201907 LV8 f\u00fcr <span>beige <\/span>in der Farbe <span>beige <\/span>steht f\u00fcr den ikonischen Basketballstil in einer modern interpretierten, hochwertig verarbeiteten Ausf\u00fchrung. Das robuste Obermaterial sorgt f\u00fcr eine klare, markante Optik und bietet gleichzeitig ein angenehmes Tragegef\u00fchl im Alltag.<\/p>\n<p data-end=\"855\" data-start=\"573\">Die bew\u00e4hrte Air-D\u00e4mpfung in der Sohle gew\u00e4hrleistet hohen Komfort und zuverl\u00e4ssige Unterst\u00fctzung bei jedem Schritt. Die schwarze Farbgebung wirkt zeitlos und vielseitig kombinierbar und macht den Air Force 1 \u201907 LV8 zu einem idealen Begleiter f\u00fcr Freizeit, Alltag und urbane Looks.<\/p>","protected":false},"excerpt":{"rendered":"<p>Farbvariante: beigeZielgruppe: Herren Produktbeschreibung:Der Nike Air Force 1 \u201907 LV8 f\u00fcr beige in der Farbe beige steht f\u00fcr den ikonischen Basketballstil in einer modern interpretierten, hochwertig verarbeiteten Ausf\u00fchrung. Das robuste Obermaterial sorgt f\u00fcr eine klare, markante Optik und bietet gleichzeitig ein angenehmes Tragegef\u00fchl im Alltag. Die bew\u00e4hrte Air-D\u00e4mpfung in der Sohle gew\u00e4hrleistet hohen Komfort und [&hellip;]<\/p>\n","protected":false},"featured_media":18504,"comment_status":"open","ping_status":"closed","template":"","meta":[],"product_brand":[47],"product_cat":[59,71],"product_tag":[96],"class_list":{"0":"post-18470","1":"product","2":"type-product","3":"status-publish","4":"has-post-thumbnail","6":"product_brand-nike","7":"product_cat-nike","8":"product_cat-sneakers","9":"product_tag-finished","11":"first","12":"instock","13":"shipping-taxable","14":"purchasable","15":"product-type-variable"},"_links":{"self":[{"href":"https:\/\/jordanmania.de\/en\/wp-json\/wp\/v2\/product\/18470","targetHints":{"allow":["GET"]}}],"collection":[{"href":"https:\/\/jordanmania.de\/en\/wp-json\/wp\/v2\/product"}],"about":[{"href":"https:\/\/jordanmania.de\/en\/wp-json\/wp\/v2\/types\/product"}],"replies":[{"embeddable":true,"href":"https:\/\/jordanmania.de\/en\/wp-json\/wp\/v2\/comments?post=18470"}],"wp:featuredmedia":[{"embeddable":true,"href":"https:\/\/jordanmania.de\/en\/wp-json\/wp\/v2\/media\/18504"}],"wp:attachment":[{"href":"https:\/\/jordanmania.de\/en\/wp-json\/wp\/v2\/media?parent=18470"}],"wp:term":[{"taxonomy":"product_brand","embeddable":true,"href":"https:\/\/jordanmania.de\/en\/wp-json\/wp\/v2\/product_brand?post=18470"},{"taxonomy":"product_cat","embeddable":true,"href":"https:\/\/jordanmania.de\/en\/wp-json\/wp\/v2\/product_cat?post=18470"},{"taxonomy":"product_tag","embeddable":true,"href":"https:\/\/jordanmania.de\/en\/wp-json\/wp\/v2\/product_tag?post=18470"}],"curies":[{"name":"wp","href":"https:\/\/api.w.org\/{rel}","templated":true}]}}