{"id":18514,"date":"2026-04-19T09:31:50","date_gmt":"2026-04-19T09:31:50","guid":{"rendered":"https:\/\/jordanmania.de\/?post_type=product&#038;p=18514"},"modified":"2026-04-22T09:55:07","modified_gmt":"2026-04-22T09:55:07","slug":"nike-air-force-1-07-lv8-herren-beige-schwarz","status":"publish","type":"product","link":"https:\/\/jordanmania.de\/en\/product\/nike-air-force-1-07-lv8-herren-beige-schwarz\/","title":{"rendered":"Nike Air Force 1 \u201907 LV8 Herren Beige\/Schwarz"},"content":{"rendered":"<p data-start=\"82\" data-end=\"132\"><strong data-start=\"82\" data-end=\"99\">Farbvariante:<\/strong> Beige\/Schwarz<br data-start=\"105\" data-end=\"108\"><strong data-start=\"108\" data-end=\"123\">Zielgruppe:<\/strong> Herren<\/p>\n<p data-start=\"134\" data-end=\"433\"><strong data-start=\"134\" data-end=\"158\">Produktbeschreibung:<\/strong><br data-start=\"158\" data-end=\"161\">Der Nike Air Force 1 \u201907 LV8 f\u00fcr Herren in der Farbe Beige\/Schwarz\u00a0 kombiniert den ikonischen Basketball-Look mit hochwertigen Details und einer modernen Ausf\u00fchrung. Das robuste Obermaterial sorgt f\u00fcr eine klare, edle Optik und bietet zugleich ein angenehmes Tragegef\u00fchl im Alltag.<\/p>\n<p data-start=\"435\" data-end=\"714\">Die bew\u00e4hrte Air-D\u00e4mpfung in der Sohle gew\u00e4hrleistet hohen Komfort und zuverl\u00e4ssige Unterst\u00fctzung bei jedem Schritt. Die dezente beige Farbgebung wirkt zeitlos und vielseitig kombinierbar, wodurch der Air Force 1 \u201907 LV8 ideal f\u00fcr Freizeit, Alltag und urbane Styles geeignet ist.<\/p>","protected":false},"excerpt":{"rendered":"<p>Farbvariante: Beige\/SchwarzZielgruppe: Herren Produktbeschreibung:Der Nike Air Force 1 \u201907 LV8 f\u00fcr Herren in der Farbe Beige\/Schwarz\u00a0 kombiniert den ikonischen Basketball-Look mit hochwertigen Details und einer modernen Ausf\u00fchrung. Das robuste Obermaterial sorgt f\u00fcr eine klare, edle Optik und bietet zugleich ein angenehmes Tragegef\u00fchl im Alltag. Die bew\u00e4hrte Air-D\u00e4mpfung in der Sohle gew\u00e4hrleistet hohen Komfort und zuverl\u00e4ssige [&hellip;]<\/p>\n","protected":false},"featured_media":18527,"comment_status":"open","ping_status":"closed","template":"","meta":[],"product_brand":[47],"product_cat":[59,71],"product_tag":[96],"class_list":{"0":"post-18514","1":"product","2":"type-product","3":"status-publish","4":"has-post-thumbnail","6":"product_brand-nike","7":"product_cat-nike","8":"product_cat-sneakers","9":"product_tag-finished","11":"first","12":"instock","13":"shipping-taxable","14":"purchasable","15":"product-type-variable"},"_links":{"self":[{"href":"https:\/\/jordanmania.de\/en\/wp-json\/wp\/v2\/product\/18514","targetHints":{"allow":["GET"]}}],"collection":[{"href":"https:\/\/jordanmania.de\/en\/wp-json\/wp\/v2\/product"}],"about":[{"href":"https:\/\/jordanmania.de\/en\/wp-json\/wp\/v2\/types\/product"}],"replies":[{"embeddable":true,"href":"https:\/\/jordanmania.de\/en\/wp-json\/wp\/v2\/comments?post=18514"}],"wp:featuredmedia":[{"embeddable":true,"href":"https:\/\/jordanmania.de\/en\/wp-json\/wp\/v2\/media\/18527"}],"wp:attachment":[{"href":"https:\/\/jordanmania.de\/en\/wp-json\/wp\/v2\/media?parent=18514"}],"wp:term":[{"taxonomy":"product_brand","embeddable":true,"href":"https:\/\/jordanmania.de\/en\/wp-json\/wp\/v2\/product_brand?post=18514"},{"taxonomy":"product_cat","embeddable":true,"href":"https:\/\/jordanmania.de\/en\/wp-json\/wp\/v2\/product_cat?post=18514"},{"taxonomy":"product_tag","embeddable":true,"href":"https:\/\/jordanmania.de\/en\/wp-json\/wp\/v2\/product_tag?post=18514"}],"curies":[{"name":"wp","href":"https:\/\/api.w.org\/{rel}","templated":true}]}}