{"id":18515,"date":"2026-04-19T09:31:50","date_gmt":"2026-04-19T09:31:50","guid":{"rendered":"https:\/\/jordanmania.de\/?post_type=product&#038;p=18515"},"modified":"2026-04-22T09:55:08","modified_gmt":"2026-04-22T09:55:08","slug":"nike-air-force-1-07-lv8-herren-schwarz-2","status":"publish","type":"product","link":"https:\/\/jordanmania.de\/en\/product\/nike-air-force-1-07-lv8-herren-schwarz-2\/","title":{"rendered":"Nike Air Force 1 \u201907 LV8 Herren Schwarz"},"content":{"rendered":"<p data-start=\"84\" data-end=\"136\"><strong data-start=\"84\" data-end=\"101\">Farbvariante:<\/strong> Schwarz<br data-start=\"109\" data-end=\"112\"><strong data-start=\"112\" data-end=\"127\">Zielgruppe:<\/strong> Herren<\/p>\n<p data-start=\"138\" data-end=\"455\"><strong data-start=\"138\" data-end=\"162\">Produktbeschreibung:<\/strong><br data-start=\"162\" data-end=\"165\">Der Nike Air Force 1 \u201907 LV8 f\u00fcr Herren in der Farbe Schwarz steht f\u00fcr den ikonischen Basketballstil in einer modern interpretierten, hochwertig verarbeiteten Ausf\u00fchrung. Das robuste Obermaterial sorgt f\u00fcr eine klare, markante Optik und bietet zugleich ein angenehmes Tragegef\u00fchl im Alltag.<\/p>\n<p data-start=\"457\" data-end=\"739\">Die bew\u00e4hrte Air-D\u00e4mpfung in der Sohle gew\u00e4hrleistet hohen Komfort und zuverl\u00e4ssige Unterst\u00fctzung bei jedem Schritt. Die schwarze Farbgebung wirkt zeitlos und vielseitig kombinierbar und macht den Air Force 1 \u201907 LV8 zu einem idealen Begleiter f\u00fcr Freizeit, Alltag und urbane Looks.<\/p>","protected":false},"excerpt":{"rendered":"<p>Farbvariante: SchwarzZielgruppe: Herren Produktbeschreibung:Der Nike Air Force 1 \u201907 LV8 f\u00fcr Herren in der Farbe Schwarz steht f\u00fcr den ikonischen Basketballstil in einer modern interpretierten, hochwertig verarbeiteten Ausf\u00fchrung. Das robuste Obermaterial sorgt f\u00fcr eine klare, markante Optik und bietet zugleich ein angenehmes Tragegef\u00fchl im Alltag. Die bew\u00e4hrte Air-D\u00e4mpfung in der Sohle gew\u00e4hrleistet hohen Komfort und [&hellip;]<\/p>\n","protected":false},"featured_media":18548,"comment_status":"open","ping_status":"closed","template":"","meta":[],"product_brand":[47],"product_cat":[59,71],"product_tag":[96],"class_list":{"0":"post-18515","1":"product","2":"type-product","3":"status-publish","4":"has-post-thumbnail","6":"product_brand-nike","7":"product_cat-nike","8":"product_cat-sneakers","9":"product_tag-finished","11":"first","12":"instock","13":"shipping-taxable","14":"purchasable","15":"product-type-variable"},"_links":{"self":[{"href":"https:\/\/jordanmania.de\/en\/wp-json\/wp\/v2\/product\/18515","targetHints":{"allow":["GET"]}}],"collection":[{"href":"https:\/\/jordanmania.de\/en\/wp-json\/wp\/v2\/product"}],"about":[{"href":"https:\/\/jordanmania.de\/en\/wp-json\/wp\/v2\/types\/product"}],"replies":[{"embeddable":true,"href":"https:\/\/jordanmania.de\/en\/wp-json\/wp\/v2\/comments?post=18515"}],"wp:featuredmedia":[{"embeddable":true,"href":"https:\/\/jordanmania.de\/en\/wp-json\/wp\/v2\/media\/18548"}],"wp:attachment":[{"href":"https:\/\/jordanmania.de\/en\/wp-json\/wp\/v2\/media?parent=18515"}],"wp:term":[{"taxonomy":"product_brand","embeddable":true,"href":"https:\/\/jordanmania.de\/en\/wp-json\/wp\/v2\/product_brand?post=18515"},{"taxonomy":"product_cat","embeddable":true,"href":"https:\/\/jordanmania.de\/en\/wp-json\/wp\/v2\/product_cat?post=18515"},{"taxonomy":"product_tag","embeddable":true,"href":"https:\/\/jordanmania.de\/en\/wp-json\/wp\/v2\/product_tag?post=18515"}],"curies":[{"name":"wp","href":"https:\/\/api.w.org\/{rel}","templated":true}]}}