{"id":18558,"date":"2026-04-19T09:31:59","date_gmt":"2026-04-19T09:31:59","guid":{"rendered":"https:\/\/jordanmania.de\/?post_type=product&#038;p=18558"},"modified":"2026-04-22T09:55:08","modified_gmt":"2026-04-22T09:55:08","slug":"nike-air-force-1-07-lx-damen-beige","status":"publish","type":"product","link":"https:\/\/jordanmania.de\/en\/product\/nike-air-force-1-07-lx-damen-beige\/","title":{"rendered":"Nike Air Force 1 \u201907 LX Damen Beige"},"content":{"rendered":"<p data-start=\"71\" data-end=\"120\"><strong data-start=\"71\" data-end=\"88\">Farbvariante:<\/strong> Beige<br data-start=\"94\" data-end=\"97\"><strong data-start=\"97\" data-end=\"112\">Zielgruppe:<\/strong> Damen<\/p>\n<p data-start=\"122\" data-end=\"455\"><strong data-start=\"122\" data-end=\"146\">Produktbeschreibung:<\/strong><br data-start=\"146\" data-end=\"149\">Der Nike Air Force 1 \u201907 LX f\u00fcr Damen in der Farbe Beige vereint den ikonischen Look des Klassikers mit eleganten, modernen Akzenten. Das hochwertige Obermaterial verleiht dem Sneaker eine edle Ausstrahlung und sorgt f\u00fcr einen zeitlosen Stil, der sich m\u00fchelos in unterschiedliche Outfits integrieren l\u00e4sst.<\/p>\n<p data-start=\"457\" data-end=\"787\" data-is-last-node=\"\" data-is-only-node=\"\">Die bew\u00e4hrte Air-D\u00e4mpfung in der Zwischensohle bietet hohen Tragekomfort im Alltag, w\u00e4hrend die robuste Au\u00dfensohle f\u00fcr Stabilit\u00e4t und zuverl\u00e4ssigen Halt sorgt. Dank der dezenten beigen Farbgebung eignet sich der Nike Air Force 1 \u201907 LX ideal f\u00fcr stilvolle Freizeitlooks, urbane Styles und einen modernen, selbstbewussten Auftritt.<\/p>","protected":false},"excerpt":{"rendered":"<p>Farbvariante: BeigeZielgruppe: Damen Produktbeschreibung:Der Nike Air Force 1 \u201907 LX f\u00fcr Damen in der Farbe Beige vereint den ikonischen Look des Klassikers mit eleganten, modernen Akzenten. Das hochwertige Obermaterial verleiht dem Sneaker eine edle Ausstrahlung und sorgt f\u00fcr einen zeitlosen Stil, der sich m\u00fchelos in unterschiedliche Outfits integrieren l\u00e4sst. Die bew\u00e4hrte Air-D\u00e4mpfung in der Zwischensohle [&hellip;]<\/p>\n","protected":false},"featured_media":18571,"comment_status":"open","ping_status":"closed","template":"","meta":[],"product_brand":[47],"product_cat":[59,71],"product_tag":[100,96],"class_list":{"0":"post-18558","1":"product","2":"type-product","3":"status-publish","4":"has-post-thumbnail","6":"product_brand-nike","7":"product_cat-nike","8":"product_cat-sneakers","9":"product_tag-damen","10":"product_tag-finished","12":"first","13":"instock","14":"shipping-taxable","15":"purchasable","16":"product-type-variable"},"_links":{"self":[{"href":"https:\/\/jordanmania.de\/en\/wp-json\/wp\/v2\/product\/18558","targetHints":{"allow":["GET"]}}],"collection":[{"href":"https:\/\/jordanmania.de\/en\/wp-json\/wp\/v2\/product"}],"about":[{"href":"https:\/\/jordanmania.de\/en\/wp-json\/wp\/v2\/types\/product"}],"replies":[{"embeddable":true,"href":"https:\/\/jordanmania.de\/en\/wp-json\/wp\/v2\/comments?post=18558"}],"wp:featuredmedia":[{"embeddable":true,"href":"https:\/\/jordanmania.de\/en\/wp-json\/wp\/v2\/media\/18571"}],"wp:attachment":[{"href":"https:\/\/jordanmania.de\/en\/wp-json\/wp\/v2\/media?parent=18558"}],"wp:term":[{"taxonomy":"product_brand","embeddable":true,"href":"https:\/\/jordanmania.de\/en\/wp-json\/wp\/v2\/product_brand?post=18558"},{"taxonomy":"product_cat","embeddable":true,"href":"https:\/\/jordanmania.de\/en\/wp-json\/wp\/v2\/product_cat?post=18558"},{"taxonomy":"product_tag","embeddable":true,"href":"https:\/\/jordanmania.de\/en\/wp-json\/wp\/v2\/product_tag?post=18558"}],"curies":[{"name":"wp","href":"https:\/\/api.w.org\/{rel}","templated":true}]}}