{"id":18649,"date":"2026-04-19T09:32:10","date_gmt":"2026-04-19T09:32:10","guid":{"rendered":"https:\/\/jordanmania.de\/?post_type=product&#038;p=18649"},"modified":"2026-05-05T10:59:19","modified_gmt":"2026-05-05T10:59:19","slug":"nike-air-force-1-low-white-07","status":"publish","type":"product","link":"https:\/\/jordanmania.de\/en\/product\/nike-air-force-1-low-white-07\/","title":{"rendered":"Nike Air Force 1 Low White 07"},"content":{"rendered":"<p><span>Der Nike Air Force 1 \u201907 hat nichts von seiner Ausstrahlung verloren. Das Basketball-Original erh\u00e4lt einen frischen Look und besticht mit bew\u00e4hrten Details: geschmeidigem Leder, auff\u00e4lligen Farben und dem gewissen Etwas, das dir Glanz verleiht.<\/span><\/p>\n<p><span>CW2288-111<\/span><\/p>\n<p>\u00a0<\/p>\n<p><span>Air Force 1<br \/>Air Force<br \/>Nike Air Force<\/span><span><\/span><\/p>","protected":false},"excerpt":{"rendered":"<p>Der Nike Air Force 1 \u201907 hat nichts von seiner Ausstrahlung verloren. Das Basketball-Original erh\u00e4lt einen frischen Look und besticht mit bew\u00e4hrten Details: geschmeidigem Leder, auff\u00e4lligen Farben und dem gewissen Etwas, das dir Glanz verleiht. CW2288-111 \u00a0 Air Force 1Air ForceNike Air Force<\/p>","protected":false},"featured_media":18679,"comment_status":"open","ping_status":"closed","template":"","meta":[],"product_brand":[47],"product_cat":[59,71],"product_tag":[69,84,76,89,78],"class_list":{"0":"post-18649","1":"product","2":"type-product","3":"status-publish","4":"has-post-thumbnail","6":"product_brand-nike","7":"product_cat-nike","8":"product_cat-sneakers","9":"product_tag-bb","10":"product_tag-bestseller30","11":"product_tag-megasale","12":"product_tag-new","13":"product_tag-revolut","15":"first","16":"instock","17":"sale","18":"shipping-taxable","19":"purchasable","20":"product-type-variable"},"_links":{"self":[{"href":"https:\/\/jordanmania.de\/en\/wp-json\/wp\/v2\/product\/18649","targetHints":{"allow":["GET"]}}],"collection":[{"href":"https:\/\/jordanmania.de\/en\/wp-json\/wp\/v2\/product"}],"about":[{"href":"https:\/\/jordanmania.de\/en\/wp-json\/wp\/v2\/types\/product"}],"replies":[{"embeddable":true,"href":"https:\/\/jordanmania.de\/en\/wp-json\/wp\/v2\/comments?post=18649"}],"wp:featuredmedia":[{"embeddable":true,"href":"https:\/\/jordanmania.de\/en\/wp-json\/wp\/v2\/media\/18679"}],"wp:attachment":[{"href":"https:\/\/jordanmania.de\/en\/wp-json\/wp\/v2\/media?parent=18649"}],"wp:term":[{"taxonomy":"product_brand","embeddable":true,"href":"https:\/\/jordanmania.de\/en\/wp-json\/wp\/v2\/product_brand?post=18649"},{"taxonomy":"product_cat","embeddable":true,"href":"https:\/\/jordanmania.de\/en\/wp-json\/wp\/v2\/product_cat?post=18649"},{"taxonomy":"product_tag","embeddable":true,"href":"https:\/\/jordanmania.de\/en\/wp-json\/wp\/v2\/product_tag?post=18649"}],"curies":[{"name":"wp","href":"https:\/\/api.w.org\/{rel}","templated":true}]}}