{"id":18726,"date":"2026-04-19T09:32:24","date_gmt":"2026-04-19T09:32:24","guid":{"rendered":"https:\/\/jordanmania.de\/?post_type=product&#038;p=18726"},"modified":"2026-05-06T13:00:56","modified_gmt":"2026-05-06T13:00:56","slug":"jordan-4-retro-military-black","status":"publish","type":"product","link":"https:\/\/jordanmania.de\/en\/product\/jordan-4-retro-military-black\/","title":{"rendered":"Jordan 4 Retro Military Black"},"content":{"rendered":"<p class=\"p1\">GR\u00d6SSENTIPP: Der <span data-sheets-userformat='{\"2\":29585,\"3\":{\"1\":0},\"7\":{\"1\":[{\"1\":2,\"2\":0,\"5\":{\"1\":2,\"2\":33482}}<\/span>,{&#8222;1&#8243;:0,&#8220;2&#8243;:0,&#8220;3&#8220;:3},{&#8222;1&#8243;:1,&#8220;2&#8243;:0,&#8220;4&#8243;:3}]},&#8220;10&#8243;:2,&#8220;11&#8243;:0,&#8220;12&#8243;:0,&#8220;15&#8243;:&#8220;Montserrat&#8220;,&#8220;16&#8243;:10,&#8220;17&#8243;:1}&#8216; data-sheets-value='{&#8222;1&#8243;:2,&#8220;2&#8243;:&#8220;jordan retro 4 military black&#8220;}&#8217;>Jordan Retro 4 Military Black<\/span> <b>f\u00e4llt etwas kleiner aus. Wir empfehlen daher, eine halbe Nummer gr\u00f6\u00dfer zu bestellen.<\/b><\/p>\n<h3 class=\"chakra-text css-1qilje7\">Product Details<\/h3>\n<div data-component=\"ProductDetails\" class=\"css-0\">\n<div data-component=\"MobileProductDetails\" class=\"css-0\"><\/div>\n<div data-component=\"TabletAndDesktopProductDetails\" class=\"css-0\">\n<div class=\"css-ydi2w4\">\n<div class=\"chakra-collapse\">\n<div class=\"css-jl5b6d\">\n<div class=\"css-l4s3xe\">\n<div data-component=\"ProductTraits\" data-testid=\"product-traits\" class=\"css-17w8l66\">\n<div data-component=\"product-trait\" class=\"css-101wtdy\">\n<span class=\"chakra-text css-7846eu\">Style<\/span><\/p>\n<p class=\"chakra-text css-1u8lk7u\">DH6927-111<\/p>\n<\/div>\n<div data-component=\"product-trait\" class=\"css-101wtdy\">\n<span class=\"chakra-text css-7846eu\">Colorway<\/span><\/p>\n<p class=\"chakra-text css-1u8lk7u\">White\/Black-Neutral Grey<span class=\"chakra-text css-7846eu\"><\/span><\/p>\n<\/div>\n<\/div>\n<\/div>\n<\/div>\n<\/div>\n<\/div>\n<\/div>\n<\/div>\n","protected":false},"excerpt":{"rendered":"<p>GR\u00d6SSENTIPP: Der Jordan Retro 4 Military Black f\u00e4llt etwas kleiner aus. Wir empfehlen daher, eine halbe Nummer gr\u00f6\u00dfer zu bestellen. Product Details Style DH6927-111 Colorway White\/Black-Neutral Grey<\/p>","protected":false},"featured_media":18745,"comment_status":"open","ping_status":"closed","template":"","meta":[],"product_brand":[176],"product_cat":[61,59,71],"product_tag":[175,69],"class_list":{"0":"post-18726","1":"product","2":"type-product","3":"status-publish","4":"has-post-thumbnail","6":"product_brand-air-jordan","7":"product_cat-jordan","8":"product_cat-nike","9":"product_cat-sneakers","10":"product_tag-air-jordan","11":"product_tag-bb","13":"first","14":"instock","15":"sale","16":"shipping-taxable","17":"purchasable","18":"product-type-variable"},"_links":{"self":[{"href":"https:\/\/jordanmania.de\/en\/wp-json\/wp\/v2\/product\/18726","targetHints":{"allow":["GET"]}}],"collection":[{"href":"https:\/\/jordanmania.de\/en\/wp-json\/wp\/v2\/product"}],"about":[{"href":"https:\/\/jordanmania.de\/en\/wp-json\/wp\/v2\/types\/product"}],"replies":[{"embeddable":true,"href":"https:\/\/jordanmania.de\/en\/wp-json\/wp\/v2\/comments?post=18726"}],"wp:featuredmedia":[{"embeddable":true,"href":"https:\/\/jordanmania.de\/en\/wp-json\/wp\/v2\/media\/18745"}],"wp:attachment":[{"href":"https:\/\/jordanmania.de\/en\/wp-json\/wp\/v2\/media?parent=18726"}],"wp:term":[{"taxonomy":"product_brand","embeddable":true,"href":"https:\/\/jordanmania.de\/en\/wp-json\/wp\/v2\/product_brand?post=18726"},{"taxonomy":"product_cat","embeddable":true,"href":"https:\/\/jordanmania.de\/en\/wp-json\/wp\/v2\/product_cat?post=18726"},{"taxonomy":"product_tag","embeddable":true,"href":"https:\/\/jordanmania.de\/en\/wp-json\/wp\/v2\/product_tag?post=18726"}],"curies":[{"name":"wp","href":"https:\/\/api.w.org\/{rel}","templated":true}]}}