{"id":18759,"date":"2026-04-19T09:32:27","date_gmt":"2026-04-19T09:32:27","guid":{"rendered":"https:\/\/jordanmania.de\/product\/nike-air-max-270-herren-rot-schwarz\/"},"modified":"2026-04-22T09:55:21","modified_gmt":"2026-04-22T09:55:21","slug":"nike-air-max-270-herren-rot-schwarz","status":"publish","type":"product","link":"https:\/\/jordanmania.de\/en\/product\/nike-air-max-270-herren-rot-schwarz\/","title":{"rendered":"Nike Air Max 270 Herren Rot\/Schwarz"},"content":{"rendered":"<p data-start=\"72\" data-end=\"120\"><strong data-start=\"72\" data-end=\"89\">Farbvariante:<\/strong> <span>rot\/schwarz<\/span><br data-start=\"93\" data-end=\"96\"><strong data-start=\"96\" data-end=\"111\">Zielgruppe:<\/strong> Herren<\/p>\n<p data-start=\"122\" data-end=\"396\"><strong data-start=\"122\" data-end=\"146\">Produktbeschreibung:<\/strong><br data-start=\"146\" data-end=\"149\">Der Nike Air Max 270 f\u00fcr Herren in der Farbe <span>rot\/schwarz <\/span>kombiniert ein modernes, sportliches Design mit hohem Tragekomfort. Das leichte Obermaterial sorgt f\u00fcr eine dynamische Optik und bietet zugleich ein angenehmes, atmungsaktives Tragegef\u00fchl im Alltag.<\/p>\n<p data-start=\"398\" data-end=\"698\">Die markante Air-Max-D\u00e4mpfung in der Ferse gew\u00e4hrleistet effektive Sto\u00dfabsorption und langanhaltenden Komfort bei jedem Schritt. Die rote Farbgebung setzt einen kraftvollen Akzent und macht den Air Max 270 zu einem auff\u00e4lligen, vielseitig kombinierbaren Sneaker f\u00fcr Freizeit, Alltag und urbane Looks.<\/p>","protected":false},"excerpt":{"rendered":"<p>Farbvariante: rot\/schwarzZielgruppe: Herren Produktbeschreibung:Der Nike Air Max 270 f\u00fcr Herren in der Farbe rot\/schwarz kombiniert ein modernes, sportliches Design mit hohem Tragekomfort. Das leichte Obermaterial sorgt f\u00fcr eine dynamische Optik und bietet zugleich ein angenehmes, atmungsaktives Tragegef\u00fchl im Alltag. Die markante Air-Max-D\u00e4mpfung in der Ferse gew\u00e4hrleistet effektive Sto\u00dfabsorption und langanhaltenden Komfort bei jedem Schritt. Die [&hellip;]<\/p>\n","protected":false},"featured_media":18758,"comment_status":"open","ping_status":"closed","template":"","meta":[],"product_brand":[47],"product_cat":[59,71],"product_tag":[96],"class_list":{"0":"post-18759","1":"product","2":"type-product","3":"status-publish","4":"has-post-thumbnail","6":"product_brand-nike","7":"product_cat-nike","8":"product_cat-sneakers","9":"product_tag-finished","11":"first","12":"instock","13":"shipping-taxable","14":"purchasable","15":"product-type-variable"},"_links":{"self":[{"href":"https:\/\/jordanmania.de\/en\/wp-json\/wp\/v2\/product\/18759","targetHints":{"allow":["GET"]}}],"collection":[{"href":"https:\/\/jordanmania.de\/en\/wp-json\/wp\/v2\/product"}],"about":[{"href":"https:\/\/jordanmania.de\/en\/wp-json\/wp\/v2\/types\/product"}],"replies":[{"embeddable":true,"href":"https:\/\/jordanmania.de\/en\/wp-json\/wp\/v2\/comments?post=18759"}],"wp:featuredmedia":[{"embeddable":true,"href":"https:\/\/jordanmania.de\/en\/wp-json\/wp\/v2\/media\/18758"}],"wp:attachment":[{"href":"https:\/\/jordanmania.de\/en\/wp-json\/wp\/v2\/media?parent=18759"}],"wp:term":[{"taxonomy":"product_brand","embeddable":true,"href":"https:\/\/jordanmania.de\/en\/wp-json\/wp\/v2\/product_brand?post=18759"},{"taxonomy":"product_cat","embeddable":true,"href":"https:\/\/jordanmania.de\/en\/wp-json\/wp\/v2\/product_cat?post=18759"},{"taxonomy":"product_tag","embeddable":true,"href":"https:\/\/jordanmania.de\/en\/wp-json\/wp\/v2\/product_tag?post=18759"}],"curies":[{"name":"wp","href":"https:\/\/api.w.org\/{rel}","templated":true}]}}