{"id":18767,"date":"2026-04-19T09:32:29","date_gmt":"2026-04-19T09:32:29","guid":{"rendered":"https:\/\/jordanmania.de\/?post_type=product&#038;p=18767"},"modified":"2026-04-22T09:55:23","modified_gmt":"2026-04-22T09:55:23","slug":"nike-air-max-270-herren-schwarz","status":"publish","type":"product","link":"https:\/\/jordanmania.de\/en\/product\/nike-air-max-270-herren-schwarz\/","title":{"rendered":"Nike Air Max 270 Herren Schwarz"},"content":{"rendered":"<p data-start=\"76\" data-end=\"128\"><strong data-start=\"76\" data-end=\"93\">Farbvariante:<\/strong> Schwarz<br data-start=\"101\" data-end=\"104\"><strong data-start=\"104\" data-end=\"119\">Zielgruppe:<\/strong> Herren<\/p>\n<p data-start=\"130\" data-end=\"427\"><strong data-start=\"130\" data-end=\"154\">Produktbeschreibung:<\/strong><br data-start=\"154\" data-end=\"157\">Der Nike Air Max 270 f\u00fcr Herren in der Farbe Schwarz verbindet modernes Design mit hohem Tragekomfort und einem sportlich-urbanen Look. Das leichte Obermaterial sorgt f\u00fcr eine dynamische Optik und bietet gleichzeitig ein angenehmes, atmungsaktives Tragegef\u00fchl im Alltag.<\/p>\n<p data-start=\"429\" data-end=\"697\">Die markante Air-Max-D\u00e4mpfung in der Ferse gew\u00e4hrleistet hohen Komfort und effektive Sto\u00dfabsorption bei jedem Schritt. Die schwarze Farbgebung wirkt zeitlos und vielseitig kombinierbar, wodurch der Air Max 270 ideal f\u00fcr Freizeit, Alltag und urbane Styles geeignet ist.<\/p>","protected":false},"excerpt":{"rendered":"<p>Farbvariante: SchwarzZielgruppe: Herren Produktbeschreibung:Der Nike Air Max 270 f\u00fcr Herren in der Farbe Schwarz verbindet modernes Design mit hohem Tragekomfort und einem sportlich-urbanen Look. Das leichte Obermaterial sorgt f\u00fcr eine dynamische Optik und bietet gleichzeitig ein angenehmes, atmungsaktives Tragegef\u00fchl im Alltag. Die markante Air-Max-D\u00e4mpfung in der Ferse gew\u00e4hrleistet hohen Komfort und effektive Sto\u00dfabsorption bei jedem [&hellip;]<\/p>\n","protected":false},"featured_media":18782,"comment_status":"open","ping_status":"closed","template":"","meta":[],"product_brand":[47],"product_cat":[59,71],"product_tag":[96],"class_list":{"0":"post-18767","1":"product","2":"type-product","3":"status-publish","4":"has-post-thumbnail","6":"product_brand-nike","7":"product_cat-nike","8":"product_cat-sneakers","9":"product_tag-finished","11":"first","12":"instock","13":"shipping-taxable","14":"purchasable","15":"product-type-variable"},"_links":{"self":[{"href":"https:\/\/jordanmania.de\/en\/wp-json\/wp\/v2\/product\/18767","targetHints":{"allow":["GET"]}}],"collection":[{"href":"https:\/\/jordanmania.de\/en\/wp-json\/wp\/v2\/product"}],"about":[{"href":"https:\/\/jordanmania.de\/en\/wp-json\/wp\/v2\/types\/product"}],"replies":[{"embeddable":true,"href":"https:\/\/jordanmania.de\/en\/wp-json\/wp\/v2\/comments?post=18767"}],"wp:featuredmedia":[{"embeddable":true,"href":"https:\/\/jordanmania.de\/en\/wp-json\/wp\/v2\/media\/18782"}],"wp:attachment":[{"href":"https:\/\/jordanmania.de\/en\/wp-json\/wp\/v2\/media?parent=18767"}],"wp:term":[{"taxonomy":"product_brand","embeddable":true,"href":"https:\/\/jordanmania.de\/en\/wp-json\/wp\/v2\/product_brand?post=18767"},{"taxonomy":"product_cat","embeddable":true,"href":"https:\/\/jordanmania.de\/en\/wp-json\/wp\/v2\/product_cat?post=18767"},{"taxonomy":"product_tag","embeddable":true,"href":"https:\/\/jordanmania.de\/en\/wp-json\/wp\/v2\/product_tag?post=18767"}],"curies":[{"name":"wp","href":"https:\/\/api.w.org\/{rel}","templated":true}]}}