{"id":18803,"date":"2026-04-19T09:32:32","date_gmt":"2026-04-19T09:32:32","guid":{"rendered":"https:\/\/jordanmania.de\/product\/nike-air-max-90-herren-blau-multicolor\/"},"modified":"2026-04-22T09:55:23","modified_gmt":"2026-04-22T09:55:23","slug":"nike-air-max-90-herren-blau-multicolor","status":"publish","type":"product","link":"https:\/\/jordanmania.de\/en\/product\/nike-air-max-90-herren-blau-multicolor\/","title":{"rendered":"Nike Air Max 90 Herren Blau\/Multicolor"},"content":{"rendered":"<p data-start=\"72\" data-end=\"121\"><strong data-start=\"72\" data-end=\"89\">Farbvariante:<\/strong>\u00a0<span>blau\/multicolor<\/span><br data-start=\"94\" data-end=\"97\"><strong data-start=\"97\" data-end=\"112\">Zielgruppe:<\/strong> Herren<\/p>\n<p data-start=\"123\" data-end=\"408\"><strong data-start=\"123\" data-end=\"147\">Produktbeschreibung:<\/strong><br data-start=\"147\" data-end=\"150\">Der Nike Air Max 90 f\u00fcr Herren in der Farbe <span>\u00a0blau\/multicolor <\/span>vereint ikonisches Design mit sportlicher Performance und modernem Streetstyle. Das hochwertige Obermaterial sorgt f\u00fcr eine markante, zugleich hochwertige Optik und bietet ein angenehmes Tragegef\u00fchl im Alltag.<\/p>\n<p data-start=\"410\" data-end=\"687\">Die sichtbare Air-D\u00e4mpfung in der Ferse gew\u00e4hrleistet hohen Komfort und zuverl\u00e4ssige Sto\u00dfabsorption bei jedem Schritt. Die blaue Farbgebung setzt einen sportlichen Akzent und macht den Air Max 90 zu einem vielseitig kombinierbaren Sneaker f\u00fcr Freizeit, Alltag und urbane Looks.<\/p>","protected":false},"excerpt":{"rendered":"<p>Farbvariante:\u00a0blau\/multicolorZielgruppe: Herren Produktbeschreibung:Der Nike Air Max 90 f\u00fcr Herren in der Farbe \u00a0blau\/multicolor vereint ikonisches Design mit sportlicher Performance und modernem Streetstyle. Das hochwertige Obermaterial sorgt f\u00fcr eine markante, zugleich hochwertige Optik und bietet ein angenehmes Tragegef\u00fchl im Alltag. Die sichtbare Air-D\u00e4mpfung in der Ferse gew\u00e4hrleistet hohen Komfort und zuverl\u00e4ssige Sto\u00dfabsorption bei jedem Schritt. Die [&hellip;]<\/p>\n","protected":false},"featured_media":18802,"comment_status":"open","ping_status":"closed","template":"","meta":[],"product_brand":[47],"product_cat":[59,71],"product_tag":[96],"class_list":{"0":"post-18803","1":"product","2":"type-product","3":"status-publish","4":"has-post-thumbnail","6":"product_brand-nike","7":"product_cat-nike","8":"product_cat-sneakers","9":"product_tag-finished","11":"first","12":"instock","13":"shipping-taxable","14":"purchasable","15":"product-type-variable"},"_links":{"self":[{"href":"https:\/\/jordanmania.de\/en\/wp-json\/wp\/v2\/product\/18803","targetHints":{"allow":["GET"]}}],"collection":[{"href":"https:\/\/jordanmania.de\/en\/wp-json\/wp\/v2\/product"}],"about":[{"href":"https:\/\/jordanmania.de\/en\/wp-json\/wp\/v2\/types\/product"}],"replies":[{"embeddable":true,"href":"https:\/\/jordanmania.de\/en\/wp-json\/wp\/v2\/comments?post=18803"}],"wp:featuredmedia":[{"embeddable":true,"href":"https:\/\/jordanmania.de\/en\/wp-json\/wp\/v2\/media\/18802"}],"wp:attachment":[{"href":"https:\/\/jordanmania.de\/en\/wp-json\/wp\/v2\/media?parent=18803"}],"wp:term":[{"taxonomy":"product_brand","embeddable":true,"href":"https:\/\/jordanmania.de\/en\/wp-json\/wp\/v2\/product_brand?post=18803"},{"taxonomy":"product_cat","embeddable":true,"href":"https:\/\/jordanmania.de\/en\/wp-json\/wp\/v2\/product_cat?post=18803"},{"taxonomy":"product_tag","embeddable":true,"href":"https:\/\/jordanmania.de\/en\/wp-json\/wp\/v2\/product_tag?post=18803"}],"curies":[{"name":"wp","href":"https:\/\/api.w.org\/{rel}","templated":true}]}}