{"id":18893,"date":"2026-04-19T09:32:42","date_gmt":"2026-04-19T09:32:42","guid":{"rendered":"https:\/\/jordanmania.de\/?post_type=product&#038;p=18893"},"modified":"2026-04-22T09:55:28","modified_gmt":"2026-04-22T09:55:28","slug":"nike-air-max-90-premium-herren-schwarz","status":"publish","type":"product","link":"https:\/\/jordanmania.de\/en\/product\/nike-air-max-90-premium-herren-schwarz\/","title":{"rendered":"Nike Air Max 90 Premium Herren Schwarz"},"content":{"rendered":"<p data-start=\"83\" data-end=\"135\"><strong data-start=\"83\" data-end=\"100\">Farbvariante:<\/strong> Schwarz<br data-start=\"108\" data-end=\"111\"><strong data-start=\"111\" data-end=\"126\">Zielgruppe:<\/strong> Herren<\/p>\n<p data-start=\"137\" data-end=\"460\"><strong data-start=\"137\" data-end=\"161\">Produktbeschreibung:<\/strong><br data-start=\"161\" data-end=\"164\">Der Nike Air Max 90 Premium f\u00fcr Herren in der Farbe Schwarz vereint den ikonischen Air-Max-Look mit hochwertigen Materialien und einer edlen, modernen Ausf\u00fchrung. Das fein strukturierte Obermaterial sorgt f\u00fcr eine klare, hochwertige Optik und bietet zugleich ein angenehmes Tragegef\u00fchl im Alltag.<\/p>\n<p data-start=\"462\" data-end=\"806\">Die sichtbare Air-D\u00e4mpfung in der Ferse gew\u00e4hrleistet hohen Komfort und zuverl\u00e4ssige Sto\u00dfabsorption bei jedem Schritt. Die schwarze Farbgebung in Kombination mit dezenten Kontrasten unterstreicht den Premium-Charakter des Modells und macht den Air Max 90 Premium zu einem vielseitig kombinierbaren Sneaker f\u00fcr Freizeit, Alltag und urbane Looks.<\/p>","protected":false},"excerpt":{"rendered":"<p>Farbvariante: SchwarzZielgruppe: Herren Produktbeschreibung:Der Nike Air Max 90 Premium f\u00fcr Herren in der Farbe Schwarz vereint den ikonischen Air-Max-Look mit hochwertigen Materialien und einer edlen, modernen Ausf\u00fchrung. Das fein strukturierte Obermaterial sorgt f\u00fcr eine klare, hochwertige Optik und bietet zugleich ein angenehmes Tragegef\u00fchl im Alltag. Die sichtbare Air-D\u00e4mpfung in der Ferse gew\u00e4hrleistet hohen Komfort und [&hellip;]<\/p>\n","protected":false},"featured_media":18908,"comment_status":"open","ping_status":"closed","template":"","meta":[],"product_brand":[47],"product_cat":[59,71],"product_tag":[96],"class_list":{"0":"post-18893","1":"product","2":"type-product","3":"status-publish","4":"has-post-thumbnail","6":"product_brand-nike","7":"product_cat-nike","8":"product_cat-sneakers","9":"product_tag-finished","11":"first","12":"instock","13":"sale","14":"shipping-taxable","15":"purchasable","16":"product-type-variable"},"_links":{"self":[{"href":"https:\/\/jordanmania.de\/en\/wp-json\/wp\/v2\/product\/18893","targetHints":{"allow":["GET"]}}],"collection":[{"href":"https:\/\/jordanmania.de\/en\/wp-json\/wp\/v2\/product"}],"about":[{"href":"https:\/\/jordanmania.de\/en\/wp-json\/wp\/v2\/types\/product"}],"replies":[{"embeddable":true,"href":"https:\/\/jordanmania.de\/en\/wp-json\/wp\/v2\/comments?post=18893"}],"wp:featuredmedia":[{"embeddable":true,"href":"https:\/\/jordanmania.de\/en\/wp-json\/wp\/v2\/media\/18908"}],"wp:attachment":[{"href":"https:\/\/jordanmania.de\/en\/wp-json\/wp\/v2\/media?parent=18893"}],"wp:term":[{"taxonomy":"product_brand","embeddable":true,"href":"https:\/\/jordanmania.de\/en\/wp-json\/wp\/v2\/product_brand?post=18893"},{"taxonomy":"product_cat","embeddable":true,"href":"https:\/\/jordanmania.de\/en\/wp-json\/wp\/v2\/product_cat?post=18893"},{"taxonomy":"product_tag","embeddable":true,"href":"https:\/\/jordanmania.de\/en\/wp-json\/wp\/v2\/product_tag?post=18893"}],"curies":[{"name":"wp","href":"https:\/\/api.w.org\/{rel}","templated":true}]}}