{"id":18938,"date":"2026-04-19T09:32:47","date_gmt":"2026-04-19T09:32:47","guid":{"rendered":"https:\/\/jordanmania.de\/?post_type=product&#038;p=18938"},"modified":"2026-04-22T09:55:28","modified_gmt":"2026-04-22T09:55:28","slug":"nike-air-max-muse-damen-schwarz-silber","status":"publish","type":"product","link":"https:\/\/jordanmania.de\/en\/product\/nike-air-max-muse-damen-schwarz-silber\/","title":{"rendered":"Nike Air Max Muse Damen Schwarz\/Silber"},"content":{"rendered":"<p data-start=\"67\" data-end=\"118\"><strong data-start=\"67\" data-end=\"84\">Farbvariante:<\/strong> Schwarz\/Silber<br data-start=\"92\" data-end=\"95\"><strong data-start=\"95\" data-end=\"110\">Zielgruppe:<\/strong> Damen<\/p>\n<p data-start=\"120\" data-end=\"452\"><strong data-start=\"120\" data-end=\"144\">Produktbeschreibung:<\/strong><br data-start=\"144\" data-end=\"147\">Der Nike Air Max Muse f\u00fcr Damen in der Farbe Schwarz\/Silber \u00fcberzeugt mit einem modernen, klaren Design, das sportliche Dynamik mit einer eleganten Silhouette verbindet. Das hochwertige Obermaterial mit flie\u00dfenden Linien verleiht dem Sneaker eine zeitlose, stilvolle Optik, die sich vielseitig kombinieren l\u00e4sst.<\/p>\n<p data-start=\"454\" data-end=\"712\" data-is-last-node=\"\" data-is-only-node=\"\">Die sichtbare Air-Max-D\u00e4mpfung sorgt f\u00fcr hohen Tragekomfort und eine angenehme Federung im Alltag. Dank der klassischen schwarzen Farbgebung eignet sich der Nike Air Max Muse ideal f\u00fcr urbane Styles, modische Freizeitlooks und einen selbstbewussten Auftritt.<\/p>","protected":false},"excerpt":{"rendered":"<p>Farbvariante: Schwarz\/SilberZielgruppe: Damen Produktbeschreibung:Der Nike Air Max Muse f\u00fcr Damen in der Farbe Schwarz\/Silber \u00fcberzeugt mit einem modernen, klaren Design, das sportliche Dynamik mit einer eleganten Silhouette verbindet. Das hochwertige Obermaterial mit flie\u00dfenden Linien verleiht dem Sneaker eine zeitlose, stilvolle Optik, die sich vielseitig kombinieren l\u00e4sst. Die sichtbare Air-Max-D\u00e4mpfung sorgt f\u00fcr hohen Tragekomfort und eine [&hellip;]<\/p>\n","protected":false},"featured_media":18950,"comment_status":"open","ping_status":"closed","template":"","meta":[],"product_brand":[47],"product_cat":[59,71],"product_tag":[100,96],"class_list":{"0":"post-18938","1":"product","2":"type-product","3":"status-publish","4":"has-post-thumbnail","6":"product_brand-nike","7":"product_cat-nike","8":"product_cat-sneakers","9":"product_tag-damen","10":"product_tag-finished","12":"first","13":"instock","14":"sale","15":"shipping-taxable","16":"purchasable","17":"product-type-variable"},"_links":{"self":[{"href":"https:\/\/jordanmania.de\/en\/wp-json\/wp\/v2\/product\/18938","targetHints":{"allow":["GET"]}}],"collection":[{"href":"https:\/\/jordanmania.de\/en\/wp-json\/wp\/v2\/product"}],"about":[{"href":"https:\/\/jordanmania.de\/en\/wp-json\/wp\/v2\/types\/product"}],"replies":[{"embeddable":true,"href":"https:\/\/jordanmania.de\/en\/wp-json\/wp\/v2\/comments?post=18938"}],"wp:featuredmedia":[{"embeddable":true,"href":"https:\/\/jordanmania.de\/en\/wp-json\/wp\/v2\/media\/18950"}],"wp:attachment":[{"href":"https:\/\/jordanmania.de\/en\/wp-json\/wp\/v2\/media?parent=18938"}],"wp:term":[{"taxonomy":"product_brand","embeddable":true,"href":"https:\/\/jordanmania.de\/en\/wp-json\/wp\/v2\/product_brand?post=18938"},{"taxonomy":"product_cat","embeddable":true,"href":"https:\/\/jordanmania.de\/en\/wp-json\/wp\/v2\/product_cat?post=18938"},{"taxonomy":"product_tag","embeddable":true,"href":"https:\/\/jordanmania.de\/en\/wp-json\/wp\/v2\/product_tag?post=18938"}],"curies":[{"name":"wp","href":"https:\/\/api.w.org\/{rel}","templated":true}]}}