{"id":18978,"date":"2026-04-19T09:32:51","date_gmt":"2026-04-19T09:32:51","guid":{"rendered":"https:\/\/jordanmania.de\/?post_type=product&#038;p=18978"},"modified":"2026-04-22T09:55:30","modified_gmt":"2026-04-22T09:55:30","slug":"nike-air-max-tl-2-5-herren-schwarz","status":"publish","type":"product","link":"https:\/\/jordanmania.de\/en\/product\/nike-air-max-tl-2-5-herren-schwarz\/","title":{"rendered":"Nike Air Max TL 2.5 Herren Schwarz"},"content":{"rendered":"<p data-start=\"70\" data-end=\"122\"><strong data-start=\"70\" data-end=\"87\">Farbvariante:<\/strong> Schwarz<br data-start=\"95\" data-end=\"98\"><strong data-start=\"98\" data-end=\"113\">Zielgruppe:<\/strong> Herren<\/p>\n<p data-start=\"124\" data-end=\"537\"><strong data-start=\"124\" data-end=\"148\">Produktbeschreibung:<\/strong><br data-start=\"148\" data-end=\"151\">Der Nike Air Max TL 2.5 f\u00fcr Herren in der Farbe Schwarz \u00fcberzeugt mit einem markanten, sportlichen Design, das von der Running-\u00c4sthetik der sp\u00e4ten 1990er- und fr\u00fchen 2000er-Jahre inspiriert ist. Das dynamische Obermaterial mit klaren Linien und strukturierten Elementen verleiht dem Sneaker eine moderne, zugleich technisch gepr\u00e4gte Optik und sorgt f\u00fcr einen starken Auftritt im Alltag.<\/p>\n<p data-start=\"539\" data-end=\"905\" data-is-last-node=\"\" data-is-only-node=\"\">Die durchgehende Air-Max-D\u00e4mpfung bietet hohen Tragekomfort und eine angenehme Federung bei jedem Schritt, w\u00e4hrend die robuste Au\u00dfensohle zuverl\u00e4ssigen Halt auf unterschiedlichen Untergr\u00fcnden gew\u00e4hrleistet. Dank der zeitlosen schwarzen Farbgebung l\u00e4sst sich der Nike Air Max TL 2.5 vielseitig kombinieren und eignet sich ideal f\u00fcr Freizeit, Alltag und urbane Styles.<\/p>","protected":false},"excerpt":{"rendered":"<p>Farbvariante: SchwarzZielgruppe: Herren Produktbeschreibung:Der Nike Air Max TL 2.5 f\u00fcr Herren in der Farbe Schwarz \u00fcberzeugt mit einem markanten, sportlichen Design, das von der Running-\u00c4sthetik der sp\u00e4ten 1990er- und fr\u00fchen 2000er-Jahre inspiriert ist. Das dynamische Obermaterial mit klaren Linien und strukturierten Elementen verleiht dem Sneaker eine moderne, zugleich technisch gepr\u00e4gte Optik und sorgt f\u00fcr einen [&hellip;]<\/p>\n","protected":false},"featured_media":18982,"comment_status":"open","ping_status":"closed","template":"","meta":[],"product_brand":[33],"product_cat":[59,71],"product_tag":[96],"class_list":{"0":"post-18978","1":"product","2":"type-product","3":"status-publish","4":"has-post-thumbnail","6":"product_brand-new-balance","7":"product_cat-nike","8":"product_cat-sneakers","9":"product_tag-finished","11":"first","12":"instock","13":"shipping-taxable","14":"purchasable","15":"product-type-variable"},"_links":{"self":[{"href":"https:\/\/jordanmania.de\/en\/wp-json\/wp\/v2\/product\/18978","targetHints":{"allow":["GET"]}}],"collection":[{"href":"https:\/\/jordanmania.de\/en\/wp-json\/wp\/v2\/product"}],"about":[{"href":"https:\/\/jordanmania.de\/en\/wp-json\/wp\/v2\/types\/product"}],"replies":[{"embeddable":true,"href":"https:\/\/jordanmania.de\/en\/wp-json\/wp\/v2\/comments?post=18978"}],"wp:featuredmedia":[{"embeddable":true,"href":"https:\/\/jordanmania.de\/en\/wp-json\/wp\/v2\/media\/18982"}],"wp:attachment":[{"href":"https:\/\/jordanmania.de\/en\/wp-json\/wp\/v2\/media?parent=18978"}],"wp:term":[{"taxonomy":"product_brand","embeddable":true,"href":"https:\/\/jordanmania.de\/en\/wp-json\/wp\/v2\/product_brand?post=18978"},{"taxonomy":"product_cat","embeddable":true,"href":"https:\/\/jordanmania.de\/en\/wp-json\/wp\/v2\/product_cat?post=18978"},{"taxonomy":"product_tag","embeddable":true,"href":"https:\/\/jordanmania.de\/en\/wp-json\/wp\/v2\/product_tag?post=18978"}],"curies":[{"name":"wp","href":"https:\/\/api.w.org\/{rel}","templated":true}]}}