{"id":19019,"date":"2026-04-19T09:32:56","date_gmt":"2026-04-19T09:32:56","guid":{"rendered":"https:\/\/jordanmania.de\/product\/nike-dunk-low-retro-herren-schwarz-weis\/"},"modified":"2026-04-22T09:55:32","modified_gmt":"2026-04-22T09:55:32","slug":"nike-dunk-low-retro-herren-schwarz-weis","status":"publish","type":"product","link":"https:\/\/jordanmania.de\/en\/product\/nike-dunk-low-retro-herren-schwarz-weis\/","title":{"rendered":"Nike Dunk Low Retro Herren Schwarz\/Wei\u00df"},"content":{"rendered":"<p data-start=\"217\" data-end=\"269\"><strong data-start=\"217\" data-end=\"234\">Farbvariante:<\/strong> schwarz\/wei\u00df<br data-start=\"242\" data-end=\"245\"><strong data-start=\"245\" data-end=\"260\">Zielgruppe:<\/strong> Herren<\/p>\n<p data-start=\"271\" data-end=\"601\"><strong data-start=\"271\" data-end=\"295\">Produktbeschreibung:<\/strong><br data-start=\"295\" data-end=\"298\">Der Nike Dunk Low Retro f\u00fcr Herren in der Farbe Schwarz steht f\u00fcr den ikonischen Basketball-Look der 80er-Jahre und verbindet diesen mit einem zeitlosen, sportlichen Design. Das hochwertige Obermaterial sorgt f\u00fcr eine klare, klassische Optik und bietet gleichzeitig ein angenehmes Tragegef\u00fchl im Alltag.<\/p>\n<p data-start=\"603\" data-end=\"905\">Die flache Gummiau\u00dfensohle gew\u00e4hrleistet zuverl\u00e4ssigen Halt auf unterschiedlichen Untergr\u00fcnden und unterstreicht den legend\u00e4ren Charakter des Dunk Low. Die schwarze Farbgebung ist besonders vielseitig kombinierbar und macht den Sneaker zu einem idealen Begleiter f\u00fcr Freizeit, Alltag und urbane Styles.<\/p>","protected":false},"excerpt":{"rendered":"<p>Farbvariante: schwarz\/wei\u00dfZielgruppe: Herren Produktbeschreibung:Der Nike Dunk Low Retro f\u00fcr Herren in der Farbe Schwarz steht f\u00fcr den ikonischen Basketball-Look der 80er-Jahre und verbindet diesen mit einem zeitlosen, sportlichen Design. Das hochwertige Obermaterial sorgt f\u00fcr eine klare, klassische Optik und bietet gleichzeitig ein angenehmes Tragegef\u00fchl im Alltag. Die flache Gummiau\u00dfensohle gew\u00e4hrleistet zuverl\u00e4ssigen Halt auf unterschiedlichen Untergr\u00fcnden [&hellip;]<\/p>\n","protected":false},"featured_media":19018,"comment_status":"open","ping_status":"closed","template":"","meta":[],"product_brand":[47],"product_cat":[59,71],"product_tag":[96],"class_list":{"0":"post-19019","1":"product","2":"type-product","3":"status-publish","4":"has-post-thumbnail","6":"product_brand-nike","7":"product_cat-nike","8":"product_cat-sneakers","9":"product_tag-finished","11":"first","12":"instock","13":"sale","14":"shipping-taxable","15":"purchasable","16":"product-type-variable"},"_links":{"self":[{"href":"https:\/\/jordanmania.de\/en\/wp-json\/wp\/v2\/product\/19019","targetHints":{"allow":["GET"]}}],"collection":[{"href":"https:\/\/jordanmania.de\/en\/wp-json\/wp\/v2\/product"}],"about":[{"href":"https:\/\/jordanmania.de\/en\/wp-json\/wp\/v2\/types\/product"}],"replies":[{"embeddable":true,"href":"https:\/\/jordanmania.de\/en\/wp-json\/wp\/v2\/comments?post=19019"}],"wp:featuredmedia":[{"embeddable":true,"href":"https:\/\/jordanmania.de\/en\/wp-json\/wp\/v2\/media\/19018"}],"wp:attachment":[{"href":"https:\/\/jordanmania.de\/en\/wp-json\/wp\/v2\/media?parent=19019"}],"wp:term":[{"taxonomy":"product_brand","embeddable":true,"href":"https:\/\/jordanmania.de\/en\/wp-json\/wp\/v2\/product_brand?post=19019"},{"taxonomy":"product_cat","embeddable":true,"href":"https:\/\/jordanmania.de\/en\/wp-json\/wp\/v2\/product_cat?post=19019"},{"taxonomy":"product_tag","embeddable":true,"href":"https:\/\/jordanmania.de\/en\/wp-json\/wp\/v2\/product_tag?post=19019"}],"curies":[{"name":"wp","href":"https:\/\/api.w.org\/{rel}","templated":true}]}}