{"id":19095,"date":"2026-04-19T09:33:15","date_gmt":"2026-04-19T09:33:15","guid":{"rendered":"https:\/\/jordanmania.de\/?post_type=product&#038;p=19095"},"modified":"2026-04-22T09:55:35","modified_gmt":"2026-04-22T09:55:35","slug":"nike-p-6000-herren-grau","status":"publish","type":"product","link":"https:\/\/jordanmania.de\/en\/product\/nike-p-6000-herren-grau\/","title":{"rendered":"Nike P-6000 Herren Grau"},"content":{"rendered":"<p data-start=\"68\" data-end=\"117\"><strong data-start=\"68\" data-end=\"85\">Farbvariante:<\/strong> Grau<br data-start=\"90\" data-end=\"93\"><strong data-start=\"93\" data-end=\"108\">Zielgruppe:<\/strong> Herren<\/p>\n<p data-start=\"119\" data-end=\"438\"><strong data-start=\"119\" data-end=\"143\">Produktbeschreibung:<\/strong><br data-start=\"143\" data-end=\"146\">Der Nike P-6000 f\u00fcr Herren in der Farbe Grau greift den charakteristischen Nike-Running-Stil der 2000er-Jahre auf und kombiniert ihn mit einem modernen, sportlichen Design. Das mehrlagige Obermaterial sorgt f\u00fcr eine markante Optik und bietet gleichzeitig ein angenehmes Tragegef\u00fchl im Alltag.<\/p>\n<p data-start=\"440\" data-end=\"733\">Die komfortable D\u00e4mpfung und die strukturierte Laufsohle gew\u00e4hrleisten zuverl\u00e4ssigen Halt und hohen Komfort auf unterschiedlichen Untergr\u00fcnden. Die graue Farbgebung wirkt zeitlos und vielseitig kombinierbar und macht den P-6000 zu einem idealen Begleiter f\u00fcr Freizeit, Alltag und urbane Looks.<\/p>","protected":false},"excerpt":{"rendered":"<p>Farbvariante: GrauZielgruppe: Herren Produktbeschreibung:Der Nike P-6000 f\u00fcr Herren in der Farbe Grau greift den charakteristischen Nike-Running-Stil der 2000er-Jahre auf und kombiniert ihn mit einem modernen, sportlichen Design. Das mehrlagige Obermaterial sorgt f\u00fcr eine markante Optik und bietet gleichzeitig ein angenehmes Tragegef\u00fchl im Alltag. Die komfortable D\u00e4mpfung und die strukturierte Laufsohle gew\u00e4hrleisten zuverl\u00e4ssigen Halt und hohen [&hellip;]<\/p>\n","protected":false},"featured_media":19113,"comment_status":"open","ping_status":"closed","template":"","meta":[],"product_brand":[47],"product_cat":[59,71],"product_tag":[96],"class_list":{"0":"post-19095","1":"product","2":"type-product","3":"status-publish","4":"has-post-thumbnail","6":"product_brand-nike","7":"product_cat-nike","8":"product_cat-sneakers","9":"product_tag-finished","11":"first","12":"instock","13":"shipping-taxable","14":"purchasable","15":"product-type-variable"},"_links":{"self":[{"href":"https:\/\/jordanmania.de\/en\/wp-json\/wp\/v2\/product\/19095","targetHints":{"allow":["GET"]}}],"collection":[{"href":"https:\/\/jordanmania.de\/en\/wp-json\/wp\/v2\/product"}],"about":[{"href":"https:\/\/jordanmania.de\/en\/wp-json\/wp\/v2\/types\/product"}],"replies":[{"embeddable":true,"href":"https:\/\/jordanmania.de\/en\/wp-json\/wp\/v2\/comments?post=19095"}],"wp:featuredmedia":[{"embeddable":true,"href":"https:\/\/jordanmania.de\/en\/wp-json\/wp\/v2\/media\/19113"}],"wp:attachment":[{"href":"https:\/\/jordanmania.de\/en\/wp-json\/wp\/v2\/media?parent=19095"}],"wp:term":[{"taxonomy":"product_brand","embeddable":true,"href":"https:\/\/jordanmania.de\/en\/wp-json\/wp\/v2\/product_brand?post=19095"},{"taxonomy":"product_cat","embeddable":true,"href":"https:\/\/jordanmania.de\/en\/wp-json\/wp\/v2\/product_cat?post=19095"},{"taxonomy":"product_tag","embeddable":true,"href":"https:\/\/jordanmania.de\/en\/wp-json\/wp\/v2\/product_tag?post=19095"}],"curies":[{"name":"wp","href":"https:\/\/api.w.org\/{rel}","templated":true}]}}