{"id":19139,"date":"2026-04-19T09:33:20","date_gmt":"2026-04-19T09:33:20","guid":{"rendered":"https:\/\/jordanmania.de\/?post_type=product&#038;p=19139"},"modified":"2026-04-22T09:55:37","modified_gmt":"2026-04-22T09:55:37","slug":"nike-p-6000-herren-schwarz","status":"publish","type":"product","link":"https:\/\/jordanmania.de\/en\/product\/nike-p-6000-herren-schwarz\/","title":{"rendered":"Nike P-6000 Herren Schwarz"},"content":{"rendered":"<p data-start=\"71\" data-end=\"123\"><strong data-start=\"71\" data-end=\"88\">Farbvariante:<\/strong> Schwarz<br data-start=\"96\" data-end=\"99\"><strong data-start=\"99\" data-end=\"114\">Zielgruppe:<\/strong> Herren<\/p>\n<p data-start=\"125\" data-end=\"420\"><strong data-start=\"125\" data-end=\"149\">Produktbeschreibung:<\/strong><br data-start=\"149\" data-end=\"152\">Der Nike P-6000 f\u00fcr Herren in der Farbe Schwarz verbindet den klassischen Nike-Running-Stil der 2000er-Jahre mit einem modernen, sportlichen Design. Das mehrlagige Obermaterial sorgt f\u00fcr eine markante Optik und bietet gleichzeitig ein angenehmes Tragegef\u00fchl im Alltag.<\/p>\n<p data-start=\"422\" data-end=\"714\">Die komfortable D\u00e4mpfung und die strukturierte Laufsohle gew\u00e4hrleisten zuverl\u00e4ssigen Halt und hohen Komfort auf verschiedenen Untergr\u00fcnden. Die schwarze Farbgebung wirkt zeitlos und vielseitig kombinierbar und macht den P-6000 zu einem idealen Begleiter f\u00fcr Freizeit, Alltag und urbane Looks.<\/p>","protected":false},"excerpt":{"rendered":"<p>Farbvariante: SchwarzZielgruppe: Herren Produktbeschreibung:Der Nike P-6000 f\u00fcr Herren in der Farbe Schwarz verbindet den klassischen Nike-Running-Stil der 2000er-Jahre mit einem modernen, sportlichen Design. Das mehrlagige Obermaterial sorgt f\u00fcr eine markante Optik und bietet gleichzeitig ein angenehmes Tragegef\u00fchl im Alltag. Die komfortable D\u00e4mpfung und die strukturierte Laufsohle gew\u00e4hrleisten zuverl\u00e4ssigen Halt und hohen Komfort auf verschiedenen Untergr\u00fcnden. [&hellip;]<\/p>\n","protected":false},"featured_media":19144,"comment_status":"open","ping_status":"closed","template":"","meta":[],"product_brand":[47],"product_cat":[59,71],"product_tag":[96],"class_list":{"0":"post-19139","1":"product","2":"type-product","3":"status-publish","4":"has-post-thumbnail","6":"product_brand-nike","7":"product_cat-nike","8":"product_cat-sneakers","9":"product_tag-finished","11":"first","12":"instock","13":"shipping-taxable","14":"purchasable","15":"product-type-variable"},"_links":{"self":[{"href":"https:\/\/jordanmania.de\/en\/wp-json\/wp\/v2\/product\/19139","targetHints":{"allow":["GET"]}}],"collection":[{"href":"https:\/\/jordanmania.de\/en\/wp-json\/wp\/v2\/product"}],"about":[{"href":"https:\/\/jordanmania.de\/en\/wp-json\/wp\/v2\/types\/product"}],"replies":[{"embeddable":true,"href":"https:\/\/jordanmania.de\/en\/wp-json\/wp\/v2\/comments?post=19139"}],"wp:featuredmedia":[{"embeddable":true,"href":"https:\/\/jordanmania.de\/en\/wp-json\/wp\/v2\/media\/19144"}],"wp:attachment":[{"href":"https:\/\/jordanmania.de\/en\/wp-json\/wp\/v2\/media?parent=19139"}],"wp:term":[{"taxonomy":"product_brand","embeddable":true,"href":"https:\/\/jordanmania.de\/en\/wp-json\/wp\/v2\/product_brand?post=19139"},{"taxonomy":"product_cat","embeddable":true,"href":"https:\/\/jordanmania.de\/en\/wp-json\/wp\/v2\/product_cat?post=19139"},{"taxonomy":"product_tag","embeddable":true,"href":"https:\/\/jordanmania.de\/en\/wp-json\/wp\/v2\/product_tag?post=19139"}],"curies":[{"name":"wp","href":"https:\/\/api.w.org\/{rel}","templated":true}]}}