{"id":19140,"date":"2026-04-19T09:33:20","date_gmt":"2026-04-19T09:33:20","guid":{"rendered":"https:\/\/jordanmania.de\/?post_type=product&#038;p=19140"},"modified":"2026-04-22T09:55:37","modified_gmt":"2026-04-22T09:55:37","slug":"nike-p-6000-herren-weis-grau","status":"publish","type":"product","link":"https:\/\/jordanmania.de\/en\/product\/nike-p-6000-herren-weis-grau\/","title":{"rendered":"Nike P-6000 Herren  Wei\u00df\/Grau"},"content":{"rendered":"<p data-start=\"68\" data-end=\"117\"><strong data-start=\"68\" data-end=\"85\">Farbvariante:<\/strong> <span>\u00a0wei\u00df\/grau<\/span><br data-start=\"90\" data-end=\"93\"><strong data-start=\"93\" data-end=\"108\">Zielgruppe:<\/strong> Herren<\/p>\n<p data-start=\"119\" data-end=\"460\"><strong data-start=\"119\" data-end=\"143\">Produktbeschreibung:<\/strong><br data-start=\"143\" data-end=\"146\">Der Nike P-6000 f\u00fcr Herren in der Farbe <span>\u00a0wei\u00df\/grau <\/span>greift den klassischen Nike-Running-Stil der 2000er-Jahre auf und kombiniert ihn mit einem modernen, sportlichen Design. Das atmungsaktive Obermaterial mit mehrlagigen Details sorgt f\u00fcr eine dynamische Optik und bietet gleichzeitig ein angenehmes Tragegef\u00fchl im Alltag.<\/p>\n<p data-start=\"462\" data-end=\"793\">Die komfortable D\u00e4mpfung und die strukturierte Laufsohle gew\u00e4hrleisten zuverl\u00e4ssigen Halt und hohen Komfort auf verschiedenen Untergr\u00fcnden. Die klare wei\u00dfe Farbgebung unterstreicht den sportlich-zeitlosen Charakter des P-6000 und macht den Sneaker zu einem vielseitig kombinierbaren Begleiter f\u00fcr Freizeit, Alltag und urbane Looks.<\/p>","protected":false},"excerpt":{"rendered":"<p>Farbvariante: \u00a0wei\u00df\/grauZielgruppe: Herren Produktbeschreibung:Der Nike P-6000 f\u00fcr Herren in der Farbe \u00a0wei\u00df\/grau greift den klassischen Nike-Running-Stil der 2000er-Jahre auf und kombiniert ihn mit einem modernen, sportlichen Design. Das atmungsaktive Obermaterial mit mehrlagigen Details sorgt f\u00fcr eine dynamische Optik und bietet gleichzeitig ein angenehmes Tragegef\u00fchl im Alltag. Die komfortable D\u00e4mpfung und die strukturierte Laufsohle gew\u00e4hrleisten zuverl\u00e4ssigen [&hellip;]<\/p>\n","protected":false},"featured_media":19163,"comment_status":"open","ping_status":"closed","template":"","meta":[],"product_brand":[47],"product_cat":[59,71],"product_tag":[96],"class_list":{"0":"post-19140","1":"product","2":"type-product","3":"status-publish","4":"has-post-thumbnail","6":"product_brand-nike","7":"product_cat-nike","8":"product_cat-sneakers","9":"product_tag-finished","11":"first","12":"instock","13":"shipping-taxable","14":"purchasable","15":"product-type-variable"},"_links":{"self":[{"href":"https:\/\/jordanmania.de\/en\/wp-json\/wp\/v2\/product\/19140","targetHints":{"allow":["GET"]}}],"collection":[{"href":"https:\/\/jordanmania.de\/en\/wp-json\/wp\/v2\/product"}],"about":[{"href":"https:\/\/jordanmania.de\/en\/wp-json\/wp\/v2\/types\/product"}],"replies":[{"embeddable":true,"href":"https:\/\/jordanmania.de\/en\/wp-json\/wp\/v2\/comments?post=19140"}],"wp:featuredmedia":[{"embeddable":true,"href":"https:\/\/jordanmania.de\/en\/wp-json\/wp\/v2\/media\/19163"}],"wp:attachment":[{"href":"https:\/\/jordanmania.de\/en\/wp-json\/wp\/v2\/media?parent=19140"}],"wp:term":[{"taxonomy":"product_brand","embeddable":true,"href":"https:\/\/jordanmania.de\/en\/wp-json\/wp\/v2\/product_brand?post=19140"},{"taxonomy":"product_cat","embeddable":true,"href":"https:\/\/jordanmania.de\/en\/wp-json\/wp\/v2\/product_cat?post=19140"},{"taxonomy":"product_tag","embeddable":true,"href":"https:\/\/jordanmania.de\/en\/wp-json\/wp\/v2\/product_tag?post=19140"}],"curies":[{"name":"wp","href":"https:\/\/api.w.org\/{rel}","templated":true}]}}