{"id":19219,"date":"2026-04-19T09:33:42","date_gmt":"2026-04-19T09:33:42","guid":{"rendered":"https:\/\/jordanmania.de\/?post_type=product&#038;p=19219"},"modified":"2026-04-22T09:55:40","modified_gmt":"2026-04-22T09:55:40","slug":"nike-shox-tl-herren-grau","status":"publish","type":"product","link":"https:\/\/jordanmania.de\/en\/product\/nike-shox-tl-herren-grau\/","title":{"rendered":"Nike Shox TL Herren Grau"},"content":{"rendered":"<p data-start=\"60\" data-end=\"109\"><strong data-start=\"60\" data-end=\"77\">Farbvariante:<\/strong> Grau<br data-start=\"82\" data-end=\"85\"><strong data-start=\"85\" data-end=\"100\">Zielgruppe:<\/strong> Herren<\/p>\n<p data-start=\"111\" data-end=\"471\"><strong data-start=\"111\" data-end=\"135\">Produktbeschreibung:<\/strong><br data-start=\"135\" data-end=\"138\">Der Nike Shox TL f\u00fcr Herren in der Farbe Grau \u00fcberzeugt mit einem markanten, technisch gepr\u00e4gten Design, das die ikonische Running-\u00c4sthetik der fr\u00fchen 2000er-Jahre modern interpretiert. Die ausdrucksstarke Silhouette wird durch das strukturierte Obermaterial erg\u00e4nzt und verleiht dem Sneaker eine dynamische, zugleich zeitlose Optik.<\/p>\n<p data-start=\"473\" data-end=\"756\" data-is-last-node=\"\" data-is-only-node=\"\">Die charakteristische Shox-D\u00e4mpfung sorgt f\u00fcr eine reaktionsstarke Federung und hohen Tragekomfort im Alltag. Dank der neutralen grauen Farbgebung l\u00e4sst sich der Nike Shox TL vielseitig kombinieren und eignet sich ideal f\u00fcr urbane Styles, Freizeit und einen selbstbewussten Auftritt.<\/p>","protected":false},"excerpt":{"rendered":"<p>Farbvariante: GrauZielgruppe: Herren Produktbeschreibung:Der Nike Shox TL f\u00fcr Herren in der Farbe Grau \u00fcberzeugt mit einem markanten, technisch gepr\u00e4gten Design, das die ikonische Running-\u00c4sthetik der fr\u00fchen 2000er-Jahre modern interpretiert. Die ausdrucksstarke Silhouette wird durch das strukturierte Obermaterial erg\u00e4nzt und verleiht dem Sneaker eine dynamische, zugleich zeitlose Optik. Die charakteristische Shox-D\u00e4mpfung sorgt f\u00fcr eine reaktionsstarke Federung [&hellip;]<\/p>\n","protected":false},"featured_media":19228,"comment_status":"open","ping_status":"closed","template":"","meta":[],"product_brand":[47],"product_cat":[59,71],"product_tag":[96],"class_list":{"0":"post-19219","1":"product","2":"type-product","3":"status-publish","4":"has-post-thumbnail","6":"product_brand-nike","7":"product_cat-nike","8":"product_cat-sneakers","9":"product_tag-finished","11":"first","12":"instock","13":"sale","14":"shipping-taxable","15":"purchasable","16":"product-type-variable"},"_links":{"self":[{"href":"https:\/\/jordanmania.de\/en\/wp-json\/wp\/v2\/product\/19219","targetHints":{"allow":["GET"]}}],"collection":[{"href":"https:\/\/jordanmania.de\/en\/wp-json\/wp\/v2\/product"}],"about":[{"href":"https:\/\/jordanmania.de\/en\/wp-json\/wp\/v2\/types\/product"}],"replies":[{"embeddable":true,"href":"https:\/\/jordanmania.de\/en\/wp-json\/wp\/v2\/comments?post=19219"}],"wp:featuredmedia":[{"embeddable":true,"href":"https:\/\/jordanmania.de\/en\/wp-json\/wp\/v2\/media\/19228"}],"wp:attachment":[{"href":"https:\/\/jordanmania.de\/en\/wp-json\/wp\/v2\/media?parent=19219"}],"wp:term":[{"taxonomy":"product_brand","embeddable":true,"href":"https:\/\/jordanmania.de\/en\/wp-json\/wp\/v2\/product_brand?post=19219"},{"taxonomy":"product_cat","embeddable":true,"href":"https:\/\/jordanmania.de\/en\/wp-json\/wp\/v2\/product_cat?post=19219"},{"taxonomy":"product_tag","embeddable":true,"href":"https:\/\/jordanmania.de\/en\/wp-json\/wp\/v2\/product_tag?post=19219"}],"curies":[{"name":"wp","href":"https:\/\/api.w.org\/{rel}","templated":true}]}}